{"id":74791,"date":"2026-01-16T10:16:47","date_gmt":"2026-01-16T10:16:47","guid":{"rendered":"https:\/\/skinstudio.ee\/?post_type=product&#038;p=74791"},"modified":"2026-01-21T13:57:38","modified_gmt":"2026-01-21T13:57:38","slug":"salises-foamy-soap-free-cream","status":"publish","type":"product","link":"https:\/\/skinstudio.ee\/lt\/catalog\/sesderma-lt\/salises-foamy-soap-free-cream\/","title":{"rendered":"SALISES Foamy Soap Free Cream"},"content":{"rendered":"<p data-start=\"1810\" data-end=\"2121\"><strong data-start=\"1810\" data-end=\"1856\">SALISES Foamy Soap Free Cream nuo Sesderma<\/strong> yra \u0161velnios, be muilo valan\u010dios putos, skirtos kasdienei riebiai ir netobulumams linkusiai odai pri\u017ei\u016br\u0117ti. Formul\u0117 u\u017etikrina kruop\u0161t\u0173, bet \u0161veln\u0173 valym\u0105, pad\u0117dama pa\u0161alinti ne\u0161varumus, sebumo pertekli\u0173 ir makia\u017eo liku\u010dius, nepalikdama tempimo ar sausumo poj\u016b\u010dio.<\/p>\n<p data-start=\"2123\" data-end=\"2329\">Priemon\u0117 padeda palaikyti \u0161varesn\u0119 ir labiau subalansuot\u0105 odos b\u016bkl\u0119, suteikia gaivesn\u0119 ir labiau pri\u017ei\u016br\u0117t\u0105 i\u0161vaizd\u0105, o reguliariai naudojant padeda suma\u017einti riebios blizgesio ir u\u017esikim\u0161usi\u0173 por\u0173 poj\u016bt\u012f.<\/p>\n<p data-start=\"2331\" data-end=\"2378\"><strong data-start=\"2331\" data-end=\"2378\">Pagrindini\u0173 aktyvi\u0173j\u0173 ingredient\u0173 poveikis:<\/strong><\/p>\n<p data-start=\"2380\" data-end=\"2713\"><strong data-start=\"2380\" data-end=\"2401\">Salicilo r\u016bg\u0161tis:<\/strong> padeda valyti poras, palaikyti \u0161varesn\u0119 odos i\u0161vaizd\u0105 ir suma\u017einti por\u0173 u\u017esikim\u0161imo rizik\u0105.<br data-start=\"2493\" data-end=\"2496\" \/><strong data-start=\"2496\" data-end=\"2519\">Alavijo ekstraktas:<\/strong> padeda nuraminti od\u0105, palaiko komforto poj\u016bt\u012f ir ma\u017eina tempimo poj\u016bt\u012f po valymo.<br data-start=\"2601\" data-end=\"2604\" \/><strong data-start=\"2604\" data-end=\"2638\">Ramun\u0117li\u0173 ir avi\u017e\u0173 ekstraktai:<\/strong> padeda mink\u0161tinti od\u0105, palaikyti jos pusiausvyr\u0105 ir apsaugoti nuo sausumo.<\/p>\n<p data-start=\"2715\" data-end=\"2927\">Priemon\u0117 naudojama kasdien\u0117je veido ir k\u016bno prie\u017ei\u016broje, kai oda linkusi \u012f rieb\u0173 blizges\u012f, u\u017esikim\u0161usias poras ir netobulumus, ir kai reikia \u0161velnaus, bet veiksmingo valymo, kad oda i\u0161likt\u0173 gaivi ir subalansuota.<\/p>\n<p data-start=\"2929\" data-end=\"2946\"><strong data-start=\"2929\" data-end=\"2939\">T\u016bris:<\/strong> 250 ml<\/p>\n","protected":false},"excerpt":{"rendered":"<p data-start=\"3117\" data-end=\"3141\">Valan\u010dios putos be muilo<\/p>\n<h2 data-start=\"3143\" data-end=\"3195\"><strong data-start=\"3143\" data-end=\"3195\">Sesderma &#8211; SALISES Foamy Soap Free Cream Savyb\u0117s<\/strong><\/h2>\n<p data-start=\"3197\" data-end=\"3431\">\u2714\ufe0f Efektyviai valo od\u0105 nuo ne\u0161varum\u0173 ir sebumo pertekliaus<br data-start=\"3255\" data-end=\"3258\" \/>\u2714\ufe0f Padeda palaikyti \u0161varesn\u0119 ir gaivesn\u0119 odos i\u0161vaizd\u0105<br data-start=\"3312\" data-end=\"3315\" \/>\u2714\ufe0f Padeda suma\u017einti riebios blizgesio poj\u016bt\u012f<br data-start=\"3359\" data-end=\"3362\" \/>\u2714\ufe0f Palaiko odos komfort\u0105 po valymo<br data-start=\"3396\" data-end=\"3399\" \/>\u2714\ufe0f Tinka kasdieniam naudojimui<\/p>\n","protected":false},"featured_media":74782,"template":"","meta":[],"pwb-brand":[1263],"product_brand":[],"product_cat":[748,718],"product_tag":[],"giftcard-category":[],"class_list":{"0":"post-74791","1":"product","2":"type-product","3":"status-publish","4":"has-post-thumbnail","6":"pwb-brand-sesderma-lt","7":"product_cat-taukainai-adai-lt","8":"product_cat-valymas","10":"first","11":"instock","12":"taxable","13":"shipping-taxable","14":"purchasable","15":"product-type-simple"},"acf":[],"brands":[{"id":1263,"name":"Sesderma","slug":"sesderma-lt"}],"_links":{"self":[{"href":"https:\/\/skinstudio.ee\/lt\/wp-json\/wp\/v2\/product\/74791","targetHints":{"allow":["GET"]}}],"collection":[{"href":"https:\/\/skinstudio.ee\/lt\/wp-json\/wp\/v2\/product"}],"about":[{"href":"https:\/\/skinstudio.ee\/lt\/wp-json\/wp\/v2\/types\/product"}],"version-history":[{"count":1,"href":"https:\/\/skinstudio.ee\/lt\/wp-json\/wp\/v2\/product\/74791\/revisions"}],"predecessor-version":[{"id":74792,"href":"https:\/\/skinstudio.ee\/lt\/wp-json\/wp\/v2\/product\/74791\/revisions\/74792"}],"wp:featuredmedia":[{"embeddable":true,"href":"https:\/\/skinstudio.ee\/lt\/wp-json\/wp\/v2\/media\/74782"}],"wp:attachment":[{"href":"https:\/\/skinstudio.ee\/lt\/wp-json\/wp\/v2\/media?parent=74791"}],"wp:term":[{"taxonomy":"pwb-brand","embeddable":true,"href":"https:\/\/skinstudio.ee\/lt\/wp-json\/wp\/v2\/pwb-brand?post=74791"},{"taxonomy":"product_brand","embeddable":true,"href":"https:\/\/skinstudio.ee\/lt\/wp-json\/wp\/v2\/product_brand?post=74791"},{"taxonomy":"product_cat","embeddable":true,"href":"https:\/\/skinstudio.ee\/lt\/wp-json\/wp\/v2\/product_cat?post=74791"},{"taxonomy":"product_tag","embeddable":true,"href":"https:\/\/skinstudio.ee\/lt\/wp-json\/wp\/v2\/product_tag?post=74791"},{"taxonomy":"giftcard-category","embeddable":true,"href":"https:\/\/skinstudio.ee\/lt\/wp-json\/wp\/v2\/giftcard-category?post=74791"}],"curies":[{"name":"wp","href":"https:\/\/api.w.org\/{rel}","templated":true}]}}