{"id":74822,"date":"2026-01-16T11:00:46","date_gmt":"2026-01-16T11:00:46","guid":{"rendered":"https:\/\/skinstudio.ee\/?post_type=product&#038;p=74822"},"modified":"2026-01-21T13:57:38","modified_gmt":"2026-01-21T13:57:38","slug":"samay-anti-aging-cream","status":"publish","type":"product","link":"https:\/\/skinstudio.ee\/lt\/catalog\/sesderma-lt\/samay-anti-aging-cream\/","title":{"rendered":"SAMAY Anti-Aging Cream"},"content":{"rendered":"<p data-start=\"2003\" data-end=\"2391\"><strong data-start=\"2003\" data-end=\"2042\">SAMAY Anti-Aging Cream nuo Sesderma<\/strong> yra sen\u0117jim\u0105 stabdantis kremas, skirtas jautriai ir sausai odai, sukurtas atkurti komfort\u0105, sustiprinti odos apsaugin\u012f barjer\u0105 ir palaikyti jaunatvi\u0161kesn\u0119, labiau pri\u017ei\u016br\u0117t\u0105 i\u0161vaizd\u0105. Formul\u0117 sujungia maitinan\u010dias, dr\u0117kinan\u010dias ir raminan\u010dias savybes, pad\u0117dama odai geriau atsispirti kasdieniams streso veiksniams ir i\u0161oriniams aplinkos poveikiams.<\/p>\n<p data-start=\"2393\" data-end=\"2670\">Kremas padeda pagerinti odos elastingum\u0105 ir tank\u012f, ma\u017eina sausumo ir tempimo poj\u016bt\u012f, daro od\u0105 \u0161velnesn\u0119, lygesn\u0119 ir vizualiai tolygesn\u0119. D\u0117l sensisom\u0173 veikli\u0173j\u0173 med\u017eiag\u0173 perne\u0161imo sistemos ingredientai gerai \u012fsigeria ir u\u017etikrina veiksming\u0105, bet \u0161velni\u0105 prie\u017ei\u016br\u0105 be dirginimo.<\/p>\n<p data-start=\"2672\" data-end=\"2719\"><strong data-start=\"2672\" data-end=\"2719\">Kaip veikia pagrindin\u0117s sudedamosios dalys:<\/strong><\/p>\n<p data-start=\"2721\" data-end=\"3210\"><strong data-start=\"2721\" data-end=\"2753\">Bakuchiolis (bio-retinolis):<\/strong> padeda palaikyti odos atsinaujinim\u0105 ir ma\u017einti sen\u0117jimo po\u017eymi\u0173 matomum\u0105, suteikdamas sen\u0117jim\u0105 stabdan\u010di\u0105 naud\u0105 be dirginimo.<br data-start=\"2879\" data-end=\"2882\" \/><strong data-start=\"2882\" data-end=\"2908\">A\u0161vagandos ekstraktas:<\/strong> padeda apsaugoti od\u0105 nuo streso veiksni\u0173, ramina od\u0105 ir palaiko jos pusiausvyr\u0105.<br data-start=\"2989\" data-end=\"2992\" \/><strong data-start=\"2992\" data-end=\"3113\">Maitinam\u0173j\u0173 aliej\u0173 ir dr\u0117kinam\u0173j\u0173 komponent\u0173 kompleksas (sald\u017ei\u0173j\u0173 migdol\u0173 aliejus, taukmed\u017eio sviestas, glicerinas):<\/strong> padeda stiprinti odos apsaugin\u012f barjer\u0105, ma\u017einti sausumo poj\u016bt\u012f ir palaikyti ilgalaik\u012f komfort\u0105.<\/p>\n<p data-start=\"3212\" data-end=\"3449\">Priemon\u0117 naudojama kasdien\u0117je jautrios ir sausos odos prie\u017ei\u016broje, kai atsiranda sen\u0117jimo po\u017eymi\u0173, suma\u017e\u0117ja komfortas, jau\u010diamas sausumas ir tempimas, taip pat kai reikia vienu metu stiprinti ir raminti od\u0105, gerinant bendr\u0105 jos i\u0161vaizd\u0105.<\/p>\n<p data-start=\"3451\" data-end=\"3467\"><strong data-start=\"3451\" data-end=\"3461\">T\u016bris:<\/strong> 50 ml<\/p>\n","protected":false},"excerpt":{"rendered":"<p data-start=\"3568\" data-end=\"3608\">Sen\u0117jim\u0105 stabdantis kremas jautriai odai<\/p>\n<h2 data-start=\"3610\" data-end=\"3655\"><strong data-start=\"3610\" data-end=\"3655\">Sesderma &#8211; SAMAY Anti-Aging Cream Savyb\u0117s<\/strong><\/h2>\n<p data-start=\"3657\" data-end=\"3901\">\u2714\ufe0f Stiprina odos apsaugin\u012f barjer\u0105<br data-start=\"3691\" data-end=\"3694\" \/>\u2714\ufe0f Intensyviai dr\u0117kina ir maitina od\u0105<br data-start=\"3731\" data-end=\"3734\" \/>\u2714\ufe0f Padeda suma\u017einti sausumo ir diskomforto poj\u016bt\u012f<br data-start=\"3783\" data-end=\"3786\" \/>\u2714\ufe0f Palaiko stangresn\u0119 ir labiau pri\u017ei\u016br\u0117t\u0105 odos i\u0161vaizd\u0105<br data-start=\"3842\" data-end=\"3845\" \/>\u2714\ufe0f Suteikia sen\u0117jim\u0105 stabdan\u010di\u0105 prie\u017ei\u016br\u0105 be dirginimo<\/p>\n","protected":false},"featured_media":74814,"template":"","meta":[],"pwb-brand":[1263],"product_brand":[],"product_cat":[738,746,740,750],"product_tag":[],"giftcard-category":[],"class_list":{"0":"post-74822","1":"product","2":"type-product","3":"status-publish","4":"has-post-thumbnail","6":"pwb-brand-sesderma-lt","7":"product_cat-drekinimas","8":"product_cat-jautriai-odai","9":"product_cat-sausai-odai","10":"product_cat-senstanti-oda","12":"first","13":"instock","14":"sale","15":"taxable","16":"shipping-taxable","17":"purchasable","18":"product-type-simple"},"acf":[],"brands":[{"id":1263,"name":"Sesderma","slug":"sesderma-lt"}],"_links":{"self":[{"href":"https:\/\/skinstudio.ee\/lt\/wp-json\/wp\/v2\/product\/74822","targetHints":{"allow":["GET"]}}],"collection":[{"href":"https:\/\/skinstudio.ee\/lt\/wp-json\/wp\/v2\/product"}],"about":[{"href":"https:\/\/skinstudio.ee\/lt\/wp-json\/wp\/v2\/types\/product"}],"version-history":[{"count":1,"href":"https:\/\/skinstudio.ee\/lt\/wp-json\/wp\/v2\/product\/74822\/revisions"}],"predecessor-version":[{"id":74823,"href":"https:\/\/skinstudio.ee\/lt\/wp-json\/wp\/v2\/product\/74822\/revisions\/74823"}],"wp:featuredmedia":[{"embeddable":true,"href":"https:\/\/skinstudio.ee\/lt\/wp-json\/wp\/v2\/media\/74814"}],"wp:attachment":[{"href":"https:\/\/skinstudio.ee\/lt\/wp-json\/wp\/v2\/media?parent=74822"}],"wp:term":[{"taxonomy":"pwb-brand","embeddable":true,"href":"https:\/\/skinstudio.ee\/lt\/wp-json\/wp\/v2\/pwb-brand?post=74822"},{"taxonomy":"product_brand","embeddable":true,"href":"https:\/\/skinstudio.ee\/lt\/wp-json\/wp\/v2\/product_brand?post=74822"},{"taxonomy":"product_cat","embeddable":true,"href":"https:\/\/skinstudio.ee\/lt\/wp-json\/wp\/v2\/product_cat?post=74822"},{"taxonomy":"product_tag","embeddable":true,"href":"https:\/\/skinstudio.ee\/lt\/wp-json\/wp\/v2\/product_tag?post=74822"},{"taxonomy":"giftcard-category","embeddable":true,"href":"https:\/\/skinstudio.ee\/lt\/wp-json\/wp\/v2\/giftcard-category?post=74822"}],"curies":[{"name":"wp","href":"https:\/\/api.w.org\/{rel}","templated":true}]}}