{"id":74837,"date":"2026-01-16T11:09:12","date_gmt":"2026-01-16T11:09:12","guid":{"rendered":"https:\/\/skinstudio.ee\/?post_type=product&#038;p=74837"},"modified":"2026-01-21T13:57:38","modified_gmt":"2026-01-21T13:57:38","slug":"samay-anti-aging-serum","status":"publish","type":"product","link":"https:\/\/skinstudio.ee\/lt\/catalog\/sesderma-lt\/samay-anti-aging-serum\/","title":{"rendered":"SAMAY Anti-Aging Serum"},"content":{"rendered":"<p data-start=\"1943\" data-end=\"2213\"><strong data-start=\"1943\" data-end=\"1982\">SAMAY Anti-Aging Serum nuo Sesderma<\/strong> yra \u0161velnus sen\u0117jim\u0105 stabdantis serumas, specialiai sukurtas jautriai ir reaktyviai odai. Formul\u0117 skirta dr\u0117kinti, raminti od\u0105 ir palaikyti jaunatvi\u0161kesn\u0119 i\u0161vaizd\u0105, padedant suma\u017einti rauk\u0161li\u0173 matomum\u0105 be diskomforto ar dirginimo.<\/p>\n<p data-start=\"2215\" data-end=\"2502\">Serumas padeda pagerinti bendr\u0105 odos b\u016bkl\u0119, padaro j\u0105 \u0161velnesn\u0119, lygesn\u0119 ir labiau pri\u017ei\u016br\u0117t\u0105, tuo pa\u010diu palaikydamas odos elastingum\u0105 ir komfort\u0105. D\u0117l sensisom\u0173 veikli\u0173j\u0173 med\u017eiag\u0173 perne\u0161imo sistemos ingredientai gerai \u012fsigeria ir veikia efektyviai, i\u0161likdami itin \u0161veln\u016bs jautriai odai.<\/p>\n<p data-start=\"2504\" data-end=\"2551\"><strong data-start=\"2504\" data-end=\"2551\">Kaip veikia pagrindin\u0117s sudedamosios dalys:<\/strong><\/p>\n<p data-start=\"2553\" data-end=\"3030\"><strong data-start=\"2553\" data-end=\"2585\">Bakuchiolis (bio-retinolis):<\/strong> padeda palaikyti odos atsinaujinim\u0105 ir ma\u017einti sen\u0117jimo po\u017eymi\u0173 matomum\u0105, suteikdamas sen\u0117jim\u0105 stabdan\u010di\u0105 naud\u0105 be dirginimo.<br data-start=\"2711\" data-end=\"2714\" \/><strong data-start=\"2714\" data-end=\"2740\">A\u0161vagandos ekstraktas:<\/strong> padeda apsaugoti od\u0105 nuo streso veiksni\u0173, ramina od\u0105 ir palaiko jos pusiausvyr\u0105.<br data-start=\"2821\" data-end=\"2824\" \/><strong data-start=\"2824\" data-end=\"2933\">Dr\u0117kinan\u010di\u0173 ir odos barjer\u0105 stiprinan\u010di\u0173 komponent\u0173 kompleksas (glicerinas, alantoinas, oligosacharidai):<\/strong> padeda stiprinti odos apsaugin\u012f barjer\u0105, ma\u017einti sausumo poj\u016bt\u012f ir palaikyti ilgalaik\u012f komfort\u0105.<\/p>\n<p data-start=\"3032\" data-end=\"3248\">Priemon\u0117 naudojama kasdien\u0117je jautrios odos prie\u017ei\u016broje, kai atsiranda rauk\u0161li\u0173, suma\u017e\u0117ja komfortas, jau\u010diamas sausumas ir odos reaktyvumas, ir kai reikia vienu metu raminti, dr\u0117kinti ir gerinti bendr\u0105 odos i\u0161vaizd\u0105.<\/p>\n<p data-start=\"3250\" data-end=\"3266\"><strong data-start=\"3250\" data-end=\"3260\">T\u016bris:<\/strong> 30 ml<\/p>\n","protected":false},"excerpt":{"rendered":"<p data-start=\"3399\" data-end=\"3440\">Sen\u0117jim\u0105 stabdantis serumas jautriai odai<\/p>\n<h2 data-start=\"3442\" data-end=\"3487\"><strong data-start=\"3442\" data-end=\"3487\">Sesderma &#8211; SAMAY Anti-Aging Serum Savyb\u0117s<\/strong><\/h2>\n<p data-start=\"3489\" data-end=\"3722\">\u2714\ufe0f Padeda suma\u017einti rauk\u0161li\u0173 matomum\u0105 be dirginimo<br data-start=\"3539\" data-end=\"3542\" \/>\u2714\ufe0f Ramina ir ma\u017eina odos jautrum\u0105<br data-start=\"3575\" data-end=\"3578\" \/>\u2714\ufe0f Padeda stiprinti odos apsaugin\u012f barjer\u0105<br data-start=\"3620\" data-end=\"3623\" \/>\u2714\ufe0f Intensyviai dr\u0117kina ir gerina odos komfort\u0105<br data-start=\"3669\" data-end=\"3672\" \/>\u2714\ufe0f Tinka kasdieniam naudojimui net jautriai odai<\/p>\n","protected":false},"featured_media":74829,"template":"","meta":[],"pwb-brand":[1263],"product_brand":[],"product_cat":[746,740,750,724],"product_tag":[],"giftcard-category":[],"class_list":{"0":"post-74837","1":"product","2":"type-product","3":"status-publish","4":"has-post-thumbnail","6":"pwb-brand-sesderma-lt","7":"product_cat-jautriai-odai","8":"product_cat-sausai-odai","9":"product_cat-senstanti-oda","10":"product_cat-serumai","12":"first","13":"instock","14":"sale","15":"taxable","16":"shipping-taxable","17":"purchasable","18":"product-type-simple"},"acf":[],"brands":[{"id":1263,"name":"Sesderma","slug":"sesderma-lt"}],"_links":{"self":[{"href":"https:\/\/skinstudio.ee\/lt\/wp-json\/wp\/v2\/product\/74837","targetHints":{"allow":["GET"]}}],"collection":[{"href":"https:\/\/skinstudio.ee\/lt\/wp-json\/wp\/v2\/product"}],"about":[{"href":"https:\/\/skinstudio.ee\/lt\/wp-json\/wp\/v2\/types\/product"}],"version-history":[{"count":1,"href":"https:\/\/skinstudio.ee\/lt\/wp-json\/wp\/v2\/product\/74837\/revisions"}],"predecessor-version":[{"id":74838,"href":"https:\/\/skinstudio.ee\/lt\/wp-json\/wp\/v2\/product\/74837\/revisions\/74838"}],"wp:featuredmedia":[{"embeddable":true,"href":"https:\/\/skinstudio.ee\/lt\/wp-json\/wp\/v2\/media\/74829"}],"wp:attachment":[{"href":"https:\/\/skinstudio.ee\/lt\/wp-json\/wp\/v2\/media?parent=74837"}],"wp:term":[{"taxonomy":"pwb-brand","embeddable":true,"href":"https:\/\/skinstudio.ee\/lt\/wp-json\/wp\/v2\/pwb-brand?post=74837"},{"taxonomy":"product_brand","embeddable":true,"href":"https:\/\/skinstudio.ee\/lt\/wp-json\/wp\/v2\/product_brand?post=74837"},{"taxonomy":"product_cat","embeddable":true,"href":"https:\/\/skinstudio.ee\/lt\/wp-json\/wp\/v2\/product_cat?post=74837"},{"taxonomy":"product_tag","embeddable":true,"href":"https:\/\/skinstudio.ee\/lt\/wp-json\/wp\/v2\/product_tag?post=74837"},{"taxonomy":"giftcard-category","embeddable":true,"href":"https:\/\/skinstudio.ee\/lt\/wp-json\/wp\/v2\/giftcard-category?post=74837"}],"curies":[{"name":"wp","href":"https:\/\/api.w.org\/{rel}","templated":true}]}}