{"id":74847,"date":"2026-01-16T11:15:41","date_gmt":"2026-01-16T11:15:41","guid":{"rendered":"https:\/\/skinstudio.ee\/?post_type=product&#038;p=74847"},"modified":"2026-01-21T13:57:38","modified_gmt":"2026-01-21T13:57:38","slug":"sebovalis-shampoo","status":"publish","type":"product","link":"https:\/\/skinstudio.ee\/lt\/catalog\/sesderma-lt\/sebovalis-shampoo\/","title":{"rendered":"SEBOVALIS Shampoo"},"content":{"rendered":"<p data-start=\"2071\" data-end=\"2388\"><strong data-start=\"2071\" data-end=\"2105\">SEBOVALIS Shampoo nuo Sesderma<\/strong> yra \u0161velnus, bet veiksmingas \u0161amp\u016bnas nuo pleiskan\u0173, skirtas galvos odai valyti ir sebor\u0117jinio dermatito po\u017eymiams ma\u017einti. Formul\u0117 padeda suma\u017einti pleiskanojim\u0105, mal\u0161ina nie\u017eulio ir diskomforto poj\u016bt\u012f, taip pat padeda palaikyti \u0161varesn\u0119 ir gaivesn\u0119 galvos od\u0105 jos neperd\u017eiovinant.<\/p>\n<p data-start=\"2390\" data-end=\"2697\">\u0160amp\u016bnas u\u017etikrina \u0161veln\u0173, bet kruop\u0161t\u0173 valym\u0105, padeda normalizuoti galvos odos b\u016bkl\u0119 ir kartu pri\u017ei\u016bri plaukus, padarydamas juos mink\u0161tesnius, lygesnius ir labiau blizgan\u010dius, palengvindamas i\u0161\u0161ukavim\u0105 ir suteikdamas apimties. Produktas tinka reguliariam naudojimui ir padeda palaikyti fiziologin\u012f odos pH.<\/p>\n<p data-start=\"2699\" data-end=\"2746\"><strong data-start=\"2699\" data-end=\"2746\">Kaip veikia pagrindin\u0117s sudedamosios dalys:<\/strong><\/p>\n<p data-start=\"2748\" data-end=\"3210\"><strong data-start=\"2748\" data-end=\"2771\">Piroktono olaminas:<\/strong> padeda kovoti su pleiskan\u0173 atsiradimo prie\u017eastimis, palaiko sveikesn\u0119 galvos odos mikroflor\u0105 ir ma\u017eina pakartotinio pleiskanojimo rizik\u0105.<br data-start=\"2909\" data-end=\"2912\" \/><strong data-start=\"2912\" data-end=\"2933\">Salicilo r\u016bg\u0161tis:<\/strong> padeda \u0161velniai pa\u0161alinti negyvas odos l\u0105steles, valo galvos od\u0105 ir gerina jos bendr\u0105 b\u016bkl\u0119.<br data-start=\"3026\" data-end=\"3029\" \/><strong data-start=\"3029\" data-end=\"3112\">Dr\u0117kinamasis ir atkuriamasis kompleksas (pantenolis, aminor\u016bg\u0161tys, natrio PCA):<\/strong> padeda palaikyti galvos odos ir plauk\u0173 dr\u0117gm\u0117s balans\u0105, ma\u017eina sausumo poj\u016bt\u012f ir gerina komfort\u0105.<\/p>\n<p data-start=\"3212\" data-end=\"3430\">Priemon\u0117 naudojama galvos odos prie\u017ei\u016brai, taip pat gali b\u016bti naudojama veido ir k\u016bno odai, linkusiai \u012f sebor\u0117j\u0105, pleiskanojim\u0105 ir nie\u017e\u0117jim\u0105, kai reikia \u0161velnaus, bet veiksmingo valymo ir sveikos odos b\u016bkl\u0117s palaikymo.<\/p>\n<p data-start=\"3432\" data-end=\"3449\"><strong data-start=\"3432\" data-end=\"3442\">T\u016bris:<\/strong> 200 ml<\/p>\n","protected":false},"excerpt":{"rendered":"<p data-start=\"3668\" data-end=\"3722\">\u0160amp\u016bnas nuo pleiskan\u0173 sebor\u0117jai linkusiai galvos odai<\/p>\n<h2 data-start=\"3724\" data-end=\"3764\"><strong data-start=\"3724\" data-end=\"3764\">Sesderma &#8211; SEBOVALIS Shampoo Savyb\u0117s<\/strong><\/h2>\n<p data-start=\"3766\" data-end=\"4037\">\u2714\ufe0f Padeda suma\u017einti pleiskanojim\u0105 ir odos lupim\u0105si<br data-start=\"3816\" data-end=\"3819\" \/>\u2714\ufe0f Ma\u017eina nie\u017eulio ir diskomforto poj\u016bt\u012f galvos odoje<br data-start=\"3872\" data-end=\"3875\" \/>\u2714\ufe0f Palaiko \u0161varesn\u0119 ir labiau subalansuot\u0105 galvos odos b\u016bkl\u0119<br data-start=\"3935\" data-end=\"3938\" \/>\u2714\ufe0f Padaro plaukus mink\u0161tesnius, lygesnius ir labiau blizgan\u010dius<br data-start=\"4001\" data-end=\"4004\" \/>\u2714\ufe0f Tinka reguliariam naudojimui<\/p>\n","protected":false},"featured_media":74853,"template":"","meta":[],"pwb-brand":[1263],"product_brand":[],"product_cat":[763],"product_tag":[],"giftcard-category":[],"class_list":{"0":"post-74847","1":"product","2":"type-product","3":"status-publish","4":"has-post-thumbnail","6":"pwb-brand-sesderma-lt","7":"product_cat-plauku-prieziura","9":"first","10":"instock","11":"sale","12":"taxable","13":"shipping-taxable","14":"purchasable","15":"product-type-simple"},"acf":[],"brands":[{"id":1263,"name":"Sesderma","slug":"sesderma-lt"}],"_links":{"self":[{"href":"https:\/\/skinstudio.ee\/lt\/wp-json\/wp\/v2\/product\/74847","targetHints":{"allow":["GET"]}}],"collection":[{"href":"https:\/\/skinstudio.ee\/lt\/wp-json\/wp\/v2\/product"}],"about":[{"href":"https:\/\/skinstudio.ee\/lt\/wp-json\/wp\/v2\/types\/product"}],"version-history":[{"count":1,"href":"https:\/\/skinstudio.ee\/lt\/wp-json\/wp\/v2\/product\/74847\/revisions"}],"predecessor-version":[{"id":74848,"href":"https:\/\/skinstudio.ee\/lt\/wp-json\/wp\/v2\/product\/74847\/revisions\/74848"}],"wp:featuredmedia":[{"embeddable":true,"href":"https:\/\/skinstudio.ee\/lt\/wp-json\/wp\/v2\/media\/74853"}],"wp:attachment":[{"href":"https:\/\/skinstudio.ee\/lt\/wp-json\/wp\/v2\/media?parent=74847"}],"wp:term":[{"taxonomy":"pwb-brand","embeddable":true,"href":"https:\/\/skinstudio.ee\/lt\/wp-json\/wp\/v2\/pwb-brand?post=74847"},{"taxonomy":"product_brand","embeddable":true,"href":"https:\/\/skinstudio.ee\/lt\/wp-json\/wp\/v2\/product_brand?post=74847"},{"taxonomy":"product_cat","embeddable":true,"href":"https:\/\/skinstudio.ee\/lt\/wp-json\/wp\/v2\/product_cat?post=74847"},{"taxonomy":"product_tag","embeddable":true,"href":"https:\/\/skinstudio.ee\/lt\/wp-json\/wp\/v2\/product_tag?post=74847"},{"taxonomy":"giftcard-category","embeddable":true,"href":"https:\/\/skinstudio.ee\/lt\/wp-json\/wp\/v2\/giftcard-category?post=74847"}],"curies":[{"name":"wp","href":"https:\/\/api.w.org\/{rel}","templated":true}]}}