{"id":74869,"date":"2026-01-16T11:23:28","date_gmt":"2026-01-16T11:23:28","guid":{"rendered":"https:\/\/skinstudio.ee\/?post_type=product&#038;p=74869"},"modified":"2026-01-21T13:57:38","modified_gmt":"2026-01-21T13:57:38","slug":"sensyses-cleanser-classic","status":"publish","type":"product","link":"https:\/\/skinstudio.ee\/lt\/catalog\/sesderma-lt\/sensyses-cleanser-classic\/","title":{"rendered":"SENSYSES Cleanser Classic"},"content":{"rendered":"<p data-start=\"2077\" data-end=\"2405\"><strong data-start=\"2077\" data-end=\"2119\">SENSYSES Cleanser Classic nuo Sesderma<\/strong> yra \u0161velni, bet veiksminga kasdien\u0117 veido valymo ir makia\u017eo \u0161alinimo priemon\u0117, tinkanti vis\u0173 tip\u0173 odai, \u012fskaitant jautri\u0105. D\u0117l liposom\u0173 technologijos ji \u0161velniai suri\u0161a ir pa\u0161alina makia\u017e\u0105, perteklin\u012f sebum\u0105 ir ne\u0161varumus, nepa\u017eeisdama nat\u016bralaus odos balanso ir nesukeldama dirginimo.<\/p>\n<p data-start=\"2407\" data-end=\"2642\">Formul\u0117 veikia pagal odos fiziologij\u0105, pad\u0117dama i\u0161laikyti \u0161varios, gaivios ir komforti\u0161kos odos poj\u016bt\u012f. Priemon\u0119 galima naudoti ryte ir vakare, taip pat tada, kai odai reikalingas ypa\u010d \u0161velnus, bet kruop\u0161tus valymas be sausumo poj\u016b\u010dio.<\/p>\n<p data-start=\"2644\" data-end=\"2691\"><strong data-start=\"2644\" data-end=\"2691\">Kaip veikia pagrindin\u0117s sudedamosios dalys:<\/strong><\/p>\n<p data-start=\"2693\" data-end=\"3129\"><strong data-start=\"2693\" data-end=\"2751\">Ragan\u0173 lazdyno ekstraktas, alavij\u0173 sultys, pantenolis:<\/strong> padeda nuraminti od\u0105, suma\u017einti diskomfort\u0105 ir palaikyti odos atsistatym\u0105 po valymo.<br data-start=\"2836\" data-end=\"2839\" \/><strong data-start=\"2839\" data-end=\"2913\">Avi\u017e\u0173 ekstraktas, organinis silicis, nepakei\u010diamosios riebal\u0173 r\u016bg\u0161tys:<\/strong> padeda stiprinti odos apsaugin\u012f barjer\u0105 ir didinti jos atsparum\u0105 i\u0161oriniams veiksniams.<br data-start=\"3001\" data-end=\"3004\" \/><strong data-start=\"3004\" data-end=\"3065\">Fitospingozinas, glicirretino r\u016bg\u0161tis, bosvelij\u0173 r\u016bg\u0161tys:<\/strong> padeda apsaugoti od\u0105 nuo dirginimo ir suma\u017einti jos reaktyvum\u0105.<\/p>\n<p data-start=\"3131\" data-end=\"3298\">Priemon\u0117 skirta kasdieniam veido odos valymui ir makia\u017eo \u0161alinimui, ypa\u010d tada, kai reikalingas maksimaliai \u0161velnus, bet veiksmingas valymas nepa\u017eeid\u017eiant odos barjero.<\/p>\n<p data-start=\"3300\" data-end=\"3317\"><strong data-start=\"3300\" data-end=\"3310\">T\u016bris:<\/strong> 200 ml<\/p>\n","protected":false},"excerpt":{"rendered":"<p data-start=\"3507\" data-end=\"3555\">\u0160velni veido valymo ir makia\u017eo \u0161alinimo priemon\u0117<\/p>\n<h2 data-start=\"3557\" data-end=\"3605\"><strong data-start=\"3557\" data-end=\"3605\">Sesderma &#8211; SENSYSES Cleanser Classic savyb\u0117s<\/strong><\/h2>\n<p data-start=\"3607\" data-end=\"3821\">\u2714\ufe0f \u0160velniai valo od\u0105 be dirginimo<br data-start=\"3640\" data-end=\"3643\" \/>\u2714\ufe0f Efektyviai pa\u0161alina makia\u017e\u0105 ir ne\u0161varumus<br data-start=\"3687\" data-end=\"3690\" \/>\u2714\ufe0f Padeda i\u0161laikyti gaivios ir komforti\u0161kos odos poj\u016bt\u012f<br data-start=\"3745\" data-end=\"3748\" \/>\u2714\ufe0f Ramina ir mink\u0161tina od\u0105<br data-start=\"3774\" data-end=\"3777\" \/>\u2714\ufe0f Padeda palaikyti odos apsaugin\u012f barjer\u0105<\/p>\n","protected":false},"featured_media":74859,"template":"","meta":[],"pwb-brand":[1263],"product_brand":[],"product_cat":[746,718],"product_tag":[],"giftcard-category":[],"class_list":{"0":"post-74869","1":"product","2":"type-product","3":"status-publish","4":"has-post-thumbnail","6":"pwb-brand-sesderma-lt","7":"product_cat-jautriai-odai","8":"product_cat-valymas","10":"first","11":"instock","12":"sale","13":"taxable","14":"shipping-taxable","15":"purchasable","16":"product-type-simple"},"acf":[],"brands":[{"id":1263,"name":"Sesderma","slug":"sesderma-lt"}],"_links":{"self":[{"href":"https:\/\/skinstudio.ee\/lt\/wp-json\/wp\/v2\/product\/74869","targetHints":{"allow":["GET"]}}],"collection":[{"href":"https:\/\/skinstudio.ee\/lt\/wp-json\/wp\/v2\/product"}],"about":[{"href":"https:\/\/skinstudio.ee\/lt\/wp-json\/wp\/v2\/types\/product"}],"version-history":[{"count":1,"href":"https:\/\/skinstudio.ee\/lt\/wp-json\/wp\/v2\/product\/74869\/revisions"}],"predecessor-version":[{"id":74870,"href":"https:\/\/skinstudio.ee\/lt\/wp-json\/wp\/v2\/product\/74869\/revisions\/74870"}],"wp:featuredmedia":[{"embeddable":true,"href":"https:\/\/skinstudio.ee\/lt\/wp-json\/wp\/v2\/media\/74859"}],"wp:attachment":[{"href":"https:\/\/skinstudio.ee\/lt\/wp-json\/wp\/v2\/media?parent=74869"}],"wp:term":[{"taxonomy":"pwb-brand","embeddable":true,"href":"https:\/\/skinstudio.ee\/lt\/wp-json\/wp\/v2\/pwb-brand?post=74869"},{"taxonomy":"product_brand","embeddable":true,"href":"https:\/\/skinstudio.ee\/lt\/wp-json\/wp\/v2\/product_brand?post=74869"},{"taxonomy":"product_cat","embeddable":true,"href":"https:\/\/skinstudio.ee\/lt\/wp-json\/wp\/v2\/product_cat?post=74869"},{"taxonomy":"product_tag","embeddable":true,"href":"https:\/\/skinstudio.ee\/lt\/wp-json\/wp\/v2\/product_tag?post=74869"},{"taxonomy":"giftcard-category","embeddable":true,"href":"https:\/\/skinstudio.ee\/lt\/wp-json\/wp\/v2\/giftcard-category?post=74869"}],"curies":[{"name":"wp","href":"https:\/\/api.w.org\/{rel}","templated":true}]}}