{"id":74900,"date":"2026-01-16T11:45:07","date_gmt":"2026-01-16T11:45:07","guid":{"rendered":"https:\/\/skinstudio.ee\/?post_type=product&#038;p=74900"},"modified":"2026-01-21T13:57:38","modified_gmt":"2026-01-21T13:57:38","slug":"sesbalance-mattifying-gel-cream","status":"publish","type":"product","link":"https:\/\/skinstudio.ee\/lt\/catalog\/sesderma-lt\/sesbalance-mattifying-gel-cream\/","title":{"rendered":"SESBALANCE Mattifying Gel Cream"},"content":{"rendered":"<p data-start=\"1870\" data-end=\"2212\"><strong data-start=\"1870\" data-end=\"1918\">SESBALANCE Mattifying Gel Cream nuo Sesderma<\/strong> \u2013 tai lengvas matinantis gelinis kremas, skirtas kasdienei mi\u0161rios ir riebios odos prie\u017ei\u016brai, kai oda linkusi blizg\u0117ti ir atsiranda netobulum\u0173. Formul\u0117 orientuota \u012f sebumo pusiausvyros palaikym\u0105, odos tekst\u016bros gerinim\u0105 ir \u0161varesn\u0117s, labiau pri\u017ei\u016br\u0117tos i\u0161vaizdos palaikym\u0105 be sunkumo poj\u016b\u010dio.<\/p>\n<p data-start=\"2214\" data-end=\"2489\">Gelio tekst\u016bra greitai susigeria ir yra maloni odai. Po naudojimo oda atrodo labiau matin\u0117 ir lygesn\u0117, o reguliariai naudojant tampa tolygesn\u0117, tvarkingesn\u0117 ir vizualiai \u0161varesn\u0117. Priemon\u0117 padeda i\u0161laikyti pusiausvyr\u0105 tarp matinio efekto ir odos komforto, jos nei\u0161sausindama.<\/p>\n<p data-start=\"2491\" data-end=\"2639\">SESBALANCE Mattifying Gel Cream nuo Sesderma taip pat palaiko odos atsinaujinim\u0105 ir padeda kasdien i\u0161laikyti gaivesn\u0119 ir labiau pri\u017ei\u016br\u0117t\u0105 i\u0161vaizd\u0105.<\/p>\n<p data-start=\"2641\" data-end=\"2683\"><strong data-start=\"2641\" data-end=\"2683\">Kaip veikia pagrindiniai ingredientai:<\/strong><\/p>\n<p data-start=\"2685\" data-end=\"3041\"><strong data-start=\"2685\" data-end=\"2712\">Retinolis ir retinalis:<\/strong> palaiko odos atsinaujinim\u0105, padeda i\u0161lyginti odos pavir\u0161i\u0173 ir i\u0161laikyti tolygesn\u0119 bei labiau pri\u017ei\u016br\u0117t\u0105 i\u0161vaizd\u0105.<br data-start=\"2826\" data-end=\"2829\" \/><strong data-start=\"2829\" data-end=\"2846\">Niacinamidas:<\/strong> padeda suma\u017einti perteklin\u012f blizges\u012f ir palaikyti tolygesn\u012f atspalv\u012f bei odos komfort\u0105.<br data-start=\"2934\" data-end=\"2937\" \/><strong data-start=\"2937\" data-end=\"2958\">Salicilo r\u016bg\u0161tis:<\/strong> padeda palaikyti poras \u0161varias ir skatina \u0161varesn\u0119 bei tvarkingesn\u0119 odos i\u0161vaizd\u0105.<\/p>\n<p data-start=\"3043\" data-end=\"3233\">Priemon\u0117 tinka kasdienei mi\u0161rios, riebios ir \u012f netobulumus linkusios odos prie\u017ei\u016brai, ypa\u010d kai reikia suma\u017einti blizges\u012f, pagerinti odos tekst\u016br\u0105 ir i\u0161laikyti matin\u0119 bei pri\u017ei\u016br\u0117t\u0105 i\u0161vaizd\u0105.<\/p>\n<p data-start=\"3235\" data-end=\"3251\"><strong data-start=\"3235\" data-end=\"3251\">T\u016bris: 50 ml<\/strong><\/p>\n","protected":false},"excerpt":{"rendered":"<p data-start=\"3328\" data-end=\"3353\">Matinantis gelinis kremas<\/p>\n<h2 data-start=\"3355\" data-end=\"3409\"><strong data-start=\"3355\" data-end=\"3409\">Sesderma &#8211; SESBALANCE Mattifying Gel Cream Savyb\u0117s<\/strong><\/h2>\n<p data-start=\"3411\" data-end=\"3609\">\u2714\ufe0f Padeda kontroliuoti perteklin\u012f blizges\u012f<br data-start=\"3453\" data-end=\"3456\" \/>\u2714\ufe0f Gerina odos tekst\u016br\u0105<br data-start=\"3479\" data-end=\"3482\" \/>\u2714\ufe0f Palaiko \u0161varesn\u0119 ir labiau pri\u017ei\u016br\u0117t\u0105 i\u0161vaizd\u0105<br data-start=\"3531\" data-end=\"3534\" \/>\u2714\ufe0f Greitai susigeria ir neapsunkina odos<br data-start=\"3574\" data-end=\"3577\" \/>\u2714\ufe0f Tinka kasdieniam naudojimui<\/p>\n","protected":false},"featured_media":74923,"template":"","meta":[],"pwb-brand":[1263],"product_brand":[],"product_cat":[738,748],"product_tag":[],"giftcard-category":[],"class_list":{"0":"post-74900","1":"product","2":"type-product","3":"status-publish","4":"has-post-thumbnail","6":"pwb-brand-sesderma-lt","7":"product_cat-drekinimas","8":"product_cat-taukainai-adai-lt","10":"first","11":"instock","12":"taxable","13":"shipping-taxable","14":"purchasable","15":"product-type-simple"},"acf":[],"brands":[{"id":1263,"name":"Sesderma","slug":"sesderma-lt"}],"_links":{"self":[{"href":"https:\/\/skinstudio.ee\/lt\/wp-json\/wp\/v2\/product\/74900","targetHints":{"allow":["GET"]}}],"collection":[{"href":"https:\/\/skinstudio.ee\/lt\/wp-json\/wp\/v2\/product"}],"about":[{"href":"https:\/\/skinstudio.ee\/lt\/wp-json\/wp\/v2\/types\/product"}],"version-history":[{"count":1,"href":"https:\/\/skinstudio.ee\/lt\/wp-json\/wp\/v2\/product\/74900\/revisions"}],"predecessor-version":[{"id":74901,"href":"https:\/\/skinstudio.ee\/lt\/wp-json\/wp\/v2\/product\/74900\/revisions\/74901"}],"wp:featuredmedia":[{"embeddable":true,"href":"https:\/\/skinstudio.ee\/lt\/wp-json\/wp\/v2\/media\/74923"}],"wp:attachment":[{"href":"https:\/\/skinstudio.ee\/lt\/wp-json\/wp\/v2\/media?parent=74900"}],"wp:term":[{"taxonomy":"pwb-brand","embeddable":true,"href":"https:\/\/skinstudio.ee\/lt\/wp-json\/wp\/v2\/pwb-brand?post=74900"},{"taxonomy":"product_brand","embeddable":true,"href":"https:\/\/skinstudio.ee\/lt\/wp-json\/wp\/v2\/product_brand?post=74900"},{"taxonomy":"product_cat","embeddable":true,"href":"https:\/\/skinstudio.ee\/lt\/wp-json\/wp\/v2\/product_cat?post=74900"},{"taxonomy":"product_tag","embeddable":true,"href":"https:\/\/skinstudio.ee\/lt\/wp-json\/wp\/v2\/product_tag?post=74900"},{"taxonomy":"giftcard-category","embeddable":true,"href":"https:\/\/skinstudio.ee\/lt\/wp-json\/wp\/v2\/giftcard-category?post=74900"}],"curies":[{"name":"wp","href":"https:\/\/api.w.org\/{rel}","templated":true}]}}