{"id":74917,"date":"2026-01-16T11:50:39","date_gmt":"2026-01-16T11:50:39","guid":{"rendered":"https:\/\/skinstudio.ee\/?post_type=product&#038;p=74917"},"modified":"2026-01-21T13:57:39","modified_gmt":"2026-01-21T13:57:39","slug":"sesbalance-mattifying-gel-plus","status":"publish","type":"product","link":"https:\/\/skinstudio.ee\/lt\/catalog\/sesderma-lt\/sesbalance-mattifying-gel-plus\/","title":{"rendered":"SESBALANCE Mattifying Gel Plus"},"content":{"rendered":"<p data-start=\"1992\" data-end=\"2353\"><strong data-start=\"1992\" data-end=\"2039\">SESBALANCE Mattifying Gel Plus nuo Sesderma<\/strong> \u2013 tai intensyvus matinantis gelis, skirtas mi\u0161rios ir riebios odos vakarinei prie\u017ei\u016brai, kai oda linkusi \u012f netobulumus ir netolyg\u0173 reljef\u0105. Formul\u0117 orientuota \u012f odos atsinaujinimo palaikym\u0105, sebumo pusiausvyros reguliavim\u0105 ir odos tekst\u016bros vizual\u0173 gerinim\u0105, padedant odai atrodyti lygesnei ir labiau pri\u017ei\u016br\u0117tai.<\/p>\n<p data-start=\"2355\" data-end=\"2633\">Lengva gelio tekst\u016bra greitai susigeria ir nepalieka lipnumo poj\u016b\u010dio. Po naudojimo oda atrodo labiau matin\u0117 ir tolygesn\u0117, o reguliariai naudojant tampa lygesn\u0117 ir tvarkingesn\u0117. Priemon\u0117 padeda i\u0161laikyti pusiausvyr\u0105 tarp aktyvaus atnaujinimo ir odos komforto, jos neapsunkindama.<\/p>\n<p data-start=\"2635\" data-end=\"2790\">SESBALANCE Mattifying Gel Plus taip pat padeda palaikyti \u0161varesn\u0119 ir tvarkingesn\u0119 odos i\u0161vaizd\u0105, kai naudojamas reguliariai vakarin\u0117je prie\u017ei\u016bros rutinoje.<\/p>\n<p data-start=\"2792\" data-end=\"2834\"><strong data-start=\"2792\" data-end=\"2834\">Kaip veikia pagrindiniai ingredientai:<\/strong><\/p>\n<p data-start=\"2836\" data-end=\"3192\"><strong data-start=\"2836\" data-end=\"2863\">Retinolis ir retinalis:<\/strong> palaiko odos atsinaujinim\u0105, padeda i\u0161lyginti odos pavir\u0161i\u0173 ir i\u0161laikyti tolygesn\u0119 bei labiau pri\u017ei\u016br\u0117t\u0105 i\u0161vaizd\u0105.<br data-start=\"2977\" data-end=\"2980\" \/><strong data-start=\"2980\" data-end=\"2997\">Niacinamidas:<\/strong> padeda suma\u017einti perteklin\u012f blizges\u012f ir palaikyti tolygesn\u012f atspalv\u012f bei odos komfort\u0105.<br data-start=\"3085\" data-end=\"3088\" \/><strong data-start=\"3088\" data-end=\"3109\">Salicilo r\u016bg\u0161tis:<\/strong> padeda palaikyti poras \u0161varias ir skatina \u0161varesn\u0119 bei tvarkingesn\u0119 odos i\u0161vaizd\u0105.<\/p>\n<p data-start=\"3194\" data-end=\"3414\">Priemon\u0117 tinka mi\u0161rios, riebios ir \u012f netobulumus linkusios odos vakarinei prie\u017ei\u016brai, ypa\u010d kai reikia suma\u017einti blizges\u012f, pagerinti odos tekst\u016br\u0105 ir padaryti od\u0105 vizualiai lygesn\u0119 ir tolygesn\u0119. Skirta naudoti tik vakare.<\/p>\n<p data-start=\"3416\" data-end=\"3432\"><strong data-start=\"3416\" data-end=\"3432\">T\u016bris: 30 ml<\/strong><\/p>\n","protected":false},"excerpt":{"rendered":"<p data-start=\"3493\" data-end=\"3520\">Intensyvus matinantis gelis<\/p>\n<h2 data-start=\"3522\" data-end=\"3575\"><strong data-start=\"3522\" data-end=\"3575\">Sesderma &#8211; SESBALANCE Mattifying Gel Plus Savyb\u0117s<\/strong><\/h2>\n<p data-start=\"3577\" data-end=\"3808\">\u2714\ufe0f Padaro od\u0105 vizualiai matin\u0119 ir tolygesn\u0119<br data-start=\"3620\" data-end=\"3623\" \/>\u2714\ufe0f Padeda suma\u017einti por\u0173 matomum\u0105<br data-start=\"3656\" data-end=\"3659\" \/>\u2714\ufe0f Palaiko lygesn\u0119 ir tvarkingesn\u0119 odos tekst\u016br\u0105<br data-start=\"3707\" data-end=\"3710\" \/>\u2714\ufe0f Padeda odai atrodyti \u0161varesnei ir labiau pri\u017ei\u016br\u0117tai<br data-start=\"3765\" data-end=\"3768\" \/>\u2714\ufe0f Tinka aktyviai vakarinei prie\u017ei\u016brai<\/p>\n","protected":false},"featured_media":74907,"template":"","meta":[],"pwb-brand":[1263],"product_brand":[],"product_cat":[738,744,748],"product_tag":[],"giftcard-category":[],"class_list":{"0":"post-74917","1":"product","2":"type-product","3":"status-publish","4":"has-post-thumbnail","6":"pwb-brand-sesderma-lt","7":"product_cat-drekinimas","8":"product_cat-issipletusios-poros","9":"product_cat-taukainai-adai-lt","11":"first","12":"instock","13":"taxable","14":"shipping-taxable","15":"purchasable","16":"product-type-simple"},"acf":[],"brands":[{"id":1263,"name":"Sesderma","slug":"sesderma-lt"}],"_links":{"self":[{"href":"https:\/\/skinstudio.ee\/lt\/wp-json\/wp\/v2\/product\/74917","targetHints":{"allow":["GET"]}}],"collection":[{"href":"https:\/\/skinstudio.ee\/lt\/wp-json\/wp\/v2\/product"}],"about":[{"href":"https:\/\/skinstudio.ee\/lt\/wp-json\/wp\/v2\/types\/product"}],"version-history":[{"count":1,"href":"https:\/\/skinstudio.ee\/lt\/wp-json\/wp\/v2\/product\/74917\/revisions"}],"predecessor-version":[{"id":74918,"href":"https:\/\/skinstudio.ee\/lt\/wp-json\/wp\/v2\/product\/74917\/revisions\/74918"}],"wp:featuredmedia":[{"embeddable":true,"href":"https:\/\/skinstudio.ee\/lt\/wp-json\/wp\/v2\/media\/74907"}],"wp:attachment":[{"href":"https:\/\/skinstudio.ee\/lt\/wp-json\/wp\/v2\/media?parent=74917"}],"wp:term":[{"taxonomy":"pwb-brand","embeddable":true,"href":"https:\/\/skinstudio.ee\/lt\/wp-json\/wp\/v2\/pwb-brand?post=74917"},{"taxonomy":"product_brand","embeddable":true,"href":"https:\/\/skinstudio.ee\/lt\/wp-json\/wp\/v2\/product_brand?post=74917"},{"taxonomy":"product_cat","embeddable":true,"href":"https:\/\/skinstudio.ee\/lt\/wp-json\/wp\/v2\/product_cat?post=74917"},{"taxonomy":"product_tag","embeddable":true,"href":"https:\/\/skinstudio.ee\/lt\/wp-json\/wp\/v2\/product_tag?post=74917"},{"taxonomy":"giftcard-category","embeddable":true,"href":"https:\/\/skinstudio.ee\/lt\/wp-json\/wp\/v2\/giftcard-category?post=74917"}],"curies":[{"name":"wp","href":"https:\/\/api.w.org\/{rel}","templated":true}]}}