{"id":74938,"date":"2026-01-16T11:58:25","date_gmt":"2026-01-16T11:58:25","guid":{"rendered":"https:\/\/skinstudio.ee\/?post_type=product&#038;p=74938"},"modified":"2026-01-21T13:57:39","modified_gmt":"2026-01-21T13:57:39","slug":"sesbalance-mattifying-serum","status":"publish","type":"product","link":"https:\/\/skinstudio.ee\/lt\/catalog\/sesderma-lt\/sesbalance-mattifying-serum\/","title":{"rendered":"SESBALANCE Mattifying Serum"},"content":{"rendered":"<p data-start=\"1716\" data-end=\"2065\"><strong data-start=\"1716\" data-end=\"1760\">SESBALANCE Mattifying Serum nuo Sesderma<\/strong> \u2013 tai lengvas matinantis serumas, skirtas kasdienei mi\u0161rios ir riebios odos prie\u017ei\u016brai, kai oda linkusi \u012f netobulumus ir perteklin\u012f blizges\u012f. Formul\u0117 orientuota \u012f sebumo pusiausvyros palaikym\u0105 ir odos tekst\u016bros vizual\u0173 gerinim\u0105, padedant odai atrodyti tolygesnei ir labiau pri\u017ei\u016br\u0117tai be sunkumo poj\u016b\u010dio.<\/p>\n<p data-start=\"2067\" data-end=\"2229\">Serumas greitai susigeria ir yra malonus odai. Po naudojimo oda atrodo labiau matin\u0117 ir lygesn\u0117, o reguliariai naudojant tampa tvarkingesn\u0117 ir vizualiai \u0161varesn\u0117.<\/p>\n<p data-start=\"2231\" data-end=\"2273\"><strong data-start=\"2231\" data-end=\"2273\">Kaip veikia pagrindiniai ingredientai:<\/strong><\/p>\n<p data-start=\"2275\" data-end=\"2631\"><strong data-start=\"2275\" data-end=\"2302\">Retinolis ir retinalis:<\/strong> palaiko odos atsinaujinim\u0105, padeda i\u0161lyginti odos pavir\u0161i\u0173 ir i\u0161laikyti tolygesn\u0119 bei labiau pri\u017ei\u016br\u0117t\u0105 i\u0161vaizd\u0105.<br data-start=\"2416\" data-end=\"2419\" \/><strong data-start=\"2419\" data-end=\"2436\">Niacinamidas:<\/strong> padeda suma\u017einti perteklin\u012f blizges\u012f ir palaikyti tolygesn\u012f atspalv\u012f bei odos komfort\u0105.<br data-start=\"2524\" data-end=\"2527\" \/><strong data-start=\"2527\" data-end=\"2548\">Salicilo r\u016bg\u0161tis:<\/strong> padeda palaikyti poras \u0161varias ir skatina \u0161varesn\u0119 bei tvarkingesn\u0119 odos i\u0161vaizd\u0105.<\/p>\n<p data-start=\"2633\" data-end=\"2831\">Priemon\u0117 tinka kasdienei mi\u0161rios, riebios ir \u012f netobulumus linkusios odos prie\u017ei\u016brai, ypa\u010d kai reikia suma\u017einti riebalavim\u0105si, pagerinti odos tekst\u016br\u0105 ir padaryti od\u0105 vizualiai tolygesn\u0119 bei matin\u0119.<\/p>\n<p data-start=\"2833\" data-end=\"2849\"><strong data-start=\"2833\" data-end=\"2849\">T\u016bris: 30 ml<\/strong><\/p>\n","protected":false},"excerpt":{"rendered":"<p data-start=\"2983\" data-end=\"3001\">Matinantis serumas<\/p>\n<h2 data-start=\"3003\" data-end=\"3053\"><strong data-start=\"3003\" data-end=\"3053\">Sesderma &#8211; SESBALANCE Mattifying Serum Savyb\u0117s<\/strong><\/h2>\n<p data-start=\"3055\" data-end=\"3284\">\u2714\ufe0f Padaro od\u0105 vizualiai matin\u0119 ir tolygesn\u0119<br data-start=\"3098\" data-end=\"3101\" \/>\u2714\ufe0f Padeda suma\u017einti netobulum\u0173 matomum\u0105<br data-start=\"3140\" data-end=\"3143\" \/>\u2714\ufe0f Palaiko lygesn\u0119 ir tvarkingesn\u0119 odos tekst\u016br\u0105<br data-start=\"3191\" data-end=\"3194\" \/>\u2714\ufe0f Padeda odai atrodyti \u0161varesnei ir labiau pri\u017ei\u016br\u0117tai<br data-start=\"3249\" data-end=\"3252\" \/>\u2714\ufe0f Tinka kasdieniam naudojimui<\/p>\n","protected":false},"featured_media":74929,"template":"","meta":[],"pwb-brand":[1263],"product_brand":[],"product_cat":[742,724,748],"product_tag":[],"giftcard-category":[],"class_list":{"0":"post-74938","1":"product","2":"type-product","3":"status-publish","4":"has-post-thumbnail","6":"pwb-brand-sesderma-lt","7":"product_cat-berimai","8":"product_cat-serumai","9":"product_cat-taukainai-adai-lt","11":"first","12":"instock","13":"taxable","14":"shipping-taxable","15":"purchasable","16":"product-type-simple"},"acf":[],"brands":[{"id":1263,"name":"Sesderma","slug":"sesderma-lt"}],"_links":{"self":[{"href":"https:\/\/skinstudio.ee\/lt\/wp-json\/wp\/v2\/product\/74938","targetHints":{"allow":["GET"]}}],"collection":[{"href":"https:\/\/skinstudio.ee\/lt\/wp-json\/wp\/v2\/product"}],"about":[{"href":"https:\/\/skinstudio.ee\/lt\/wp-json\/wp\/v2\/types\/product"}],"version-history":[{"count":1,"href":"https:\/\/skinstudio.ee\/lt\/wp-json\/wp\/v2\/product\/74938\/revisions"}],"predecessor-version":[{"id":74939,"href":"https:\/\/skinstudio.ee\/lt\/wp-json\/wp\/v2\/product\/74938\/revisions\/74939"}],"wp:featuredmedia":[{"embeddable":true,"href":"https:\/\/skinstudio.ee\/lt\/wp-json\/wp\/v2\/media\/74929"}],"wp:attachment":[{"href":"https:\/\/skinstudio.ee\/lt\/wp-json\/wp\/v2\/media?parent=74938"}],"wp:term":[{"taxonomy":"pwb-brand","embeddable":true,"href":"https:\/\/skinstudio.ee\/lt\/wp-json\/wp\/v2\/pwb-brand?post=74938"},{"taxonomy":"product_brand","embeddable":true,"href":"https:\/\/skinstudio.ee\/lt\/wp-json\/wp\/v2\/product_brand?post=74938"},{"taxonomy":"product_cat","embeddable":true,"href":"https:\/\/skinstudio.ee\/lt\/wp-json\/wp\/v2\/product_cat?post=74938"},{"taxonomy":"product_tag","embeddable":true,"href":"https:\/\/skinstudio.ee\/lt\/wp-json\/wp\/v2\/product_tag?post=74938"},{"taxonomy":"giftcard-category","embeddable":true,"href":"https:\/\/skinstudio.ee\/lt\/wp-json\/wp\/v2\/giftcard-category?post=74938"}],"curies":[{"name":"wp","href":"https:\/\/api.w.org\/{rel}","templated":true}]}}