{"id":74955,"date":"2026-01-16T12:05:47","date_gmt":"2026-01-16T12:05:47","guid":{"rendered":"https:\/\/skinstudio.ee\/?post_type=product&#038;p=74955"},"modified":"2026-01-21T13:57:39","modified_gmt":"2026-01-21T13:57:39","slug":"sesgen-32-cell-activating-cream","status":"publish","type":"product","link":"https:\/\/skinstudio.ee\/lt\/catalog\/sesderma-lt\/sesgen-32-cell-activating-cream\/","title":{"rendered":"SESGEN 32 Cell Activating Cream"},"content":{"rendered":"<p data-start=\"1918\" data-end=\"2233\"><strong data-start=\"1918\" data-end=\"1966\">SESGEN 32 Cell Activating Cream nuo Sesderma<\/strong> \u2013 tai maitinamasis kremas nuo sen\u0117jimo, skirtas odos tankio, stangrumo ir gaivesn\u0117s i\u0161vaizdos palaikymui. Formul\u0117 padeda odai atrodyti gyvybingesnei ir labiau pri\u017ei\u016br\u0117tai, palaikydama nat\u016bralius atsinaujinimo procesus ir pad\u0117dama suma\u017einti sen\u0117jimo po\u017eymi\u0173 matomum\u0105.<\/p>\n<p data-start=\"2235\" data-end=\"2562\">Kremas pasi\u017eymi sodria, bet komforti\u0161ka tekst\u016bra, kuri lengvai pasiskirsto ir gerai susigeria. Po naudojimo oda atrodo lygesn\u0117, \u0161velnesn\u0117 ir labiau pri\u017ei\u016br\u0117ta, o reguliariai naudojant tampa stangresn\u0117, tolygesn\u0117 ir vizualiai labiau pails\u0117jusi. Priemon\u0117 padeda palaikyti ilgalaik\u012f komfort\u0105 ir palaiko gyvybingesn\u0119 odos i\u0161vaizd\u0105.<\/p>\n<p data-start=\"2564\" data-end=\"2710\">SESGEN 32 Cell Activating Cream taip pat padeda gerinti bendr\u0105 odos kokyb\u0119, padarydamas j\u0105 atsparesn\u0119 ir geriau pri\u017ei\u016brim\u0105 kasdien\u0117je prie\u017ei\u016broje.<\/p>\n<p data-start=\"2712\" data-end=\"2754\"><strong data-start=\"2712\" data-end=\"2754\">Kaip veikia pagrindiniai ingredientai:<\/strong><\/p>\n<p data-start=\"2756\" data-end=\"3092\"><strong data-start=\"2756\" data-end=\"2775\">Tripeptidas-32:<\/strong> padeda palaikyti nat\u016bralius odos atsinaujinimo procesus ir i\u0161laikyti tolygesn\u0119 bei labiau pri\u017ei\u016br\u0117t\u0105 i\u0161vaizd\u0105.<br data-start=\"2886\" data-end=\"2889\" \/><strong data-start=\"2889\" data-end=\"2913\">Natrio hialuronatas:<\/strong> padeda palaikyti odos dr\u0117gm\u0117s lyg\u012f ir suteikia odai lygesn\u0119 bei putlesn\u0119 i\u0161vaizd\u0105.<br data-start=\"2996\" data-end=\"2999\" \/><strong data-start=\"2999\" data-end=\"3013\">Keramidai:<\/strong> padeda palaikyti odos apsaugin\u012f barjer\u0105 ir i\u0161saugoti komfort\u0105 bei elastingum\u0105.<\/p>\n<p data-start=\"3094\" data-end=\"3262\">Kremas tinka kasdienei vis\u0173 tip\u0173 odos prie\u017ei\u016brai, ypa\u010d sausai odai ir odai su matomais sen\u0117jimo po\u017eymiais, kai reikia palaikyti stangrum\u0105, tank\u012f ir pri\u017ei\u016br\u0117t\u0105 i\u0161vaizd\u0105.<\/p>\n<p data-start=\"3264\" data-end=\"3280\"><strong data-start=\"3264\" data-end=\"3280\">T\u016bris: 50 ml<\/strong><\/p>\n","protected":false},"excerpt":{"rendered":"<p data-start=\"3335\" data-end=\"3367\">Maitinamasis kremas nuo sen\u0117jimo<\/p>\n<h2 data-start=\"3369\" data-end=\"3423\"><strong data-start=\"3369\" data-end=\"3423\">Sesderma &#8211; SESGEN 32 Cell Activating Cream Savyb\u0117s<\/strong><\/h2>\n<p data-start=\"3425\" data-end=\"3649\">\u2714\ufe0f Palaiko gyvybingesn\u0119 odos i\u0161vaizd\u0105<br data-start=\"3462\" data-end=\"3465\" \/>\u2714\ufe0f Gerina odos kokyb\u0119 ir tolygum\u0105<br data-start=\"3498\" data-end=\"3501\" \/>\u2714\ufe0f Padeda odai geriau atsispirti sen\u0117jimo po\u017eymiams<br data-start=\"3552\" data-end=\"3555\" \/>\u2714\ufe0f Didina komforto ir odos atsinaujinimo poj\u016bt\u012f<br data-start=\"3602\" data-end=\"3605\" \/>\u2714\ufe0f Tinka kasdienei prie\u017ei\u016brai nuo sen\u0117jimo<\/p>\n","protected":false},"featured_media":74945,"template":"","meta":[],"pwb-brand":[1263],"product_brand":[],"product_cat":[738,740,750],"product_tag":[],"giftcard-category":[],"class_list":{"0":"post-74955","1":"product","2":"type-product","3":"status-publish","4":"has-post-thumbnail","6":"pwb-brand-sesderma-lt","7":"product_cat-drekinimas","8":"product_cat-sausai-odai","9":"product_cat-senstanti-oda","11":"first","12":"instock","13":"sale","14":"taxable","15":"shipping-taxable","16":"purchasable","17":"product-type-simple"},"acf":[],"brands":[{"id":1263,"name":"Sesderma","slug":"sesderma-lt"}],"_links":{"self":[{"href":"https:\/\/skinstudio.ee\/lt\/wp-json\/wp\/v2\/product\/74955","targetHints":{"allow":["GET"]}}],"collection":[{"href":"https:\/\/skinstudio.ee\/lt\/wp-json\/wp\/v2\/product"}],"about":[{"href":"https:\/\/skinstudio.ee\/lt\/wp-json\/wp\/v2\/types\/product"}],"version-history":[{"count":1,"href":"https:\/\/skinstudio.ee\/lt\/wp-json\/wp\/v2\/product\/74955\/revisions"}],"predecessor-version":[{"id":74956,"href":"https:\/\/skinstudio.ee\/lt\/wp-json\/wp\/v2\/product\/74955\/revisions\/74956"}],"wp:featuredmedia":[{"embeddable":true,"href":"https:\/\/skinstudio.ee\/lt\/wp-json\/wp\/v2\/media\/74945"}],"wp:attachment":[{"href":"https:\/\/skinstudio.ee\/lt\/wp-json\/wp\/v2\/media?parent=74955"}],"wp:term":[{"taxonomy":"pwb-brand","embeddable":true,"href":"https:\/\/skinstudio.ee\/lt\/wp-json\/wp\/v2\/pwb-brand?post=74955"},{"taxonomy":"product_brand","embeddable":true,"href":"https:\/\/skinstudio.ee\/lt\/wp-json\/wp\/v2\/product_brand?post=74955"},{"taxonomy":"product_cat","embeddable":true,"href":"https:\/\/skinstudio.ee\/lt\/wp-json\/wp\/v2\/product_cat?post=74955"},{"taxonomy":"product_tag","embeddable":true,"href":"https:\/\/skinstudio.ee\/lt\/wp-json\/wp\/v2\/product_tag?post=74955"},{"taxonomy":"giftcard-category","embeddable":true,"href":"https:\/\/skinstudio.ee\/lt\/wp-json\/wp\/v2\/giftcard-category?post=74955"}],"curies":[{"name":"wp","href":"https:\/\/api.w.org\/{rel}","templated":true}]}}