{"id":74970,"date":"2026-01-16T12:10:52","date_gmt":"2026-01-16T12:10:52","guid":{"rendered":"https:\/\/skinstudio.ee\/?post_type=product&#038;p=74970"},"modified":"2026-01-21T13:57:39","modified_gmt":"2026-01-21T13:57:39","slug":"sesgen-32-cell-activating-serum","status":"publish","type":"product","link":"https:\/\/skinstudio.ee\/lt\/catalog\/sesderma-lt\/sesgen-32-cell-activating-serum\/","title":{"rendered":"SESGEN 32 Cell Activating Serum"},"content":{"rendered":"<p data-start=\"1943\" data-end=\"2302\"><strong data-start=\"1943\" data-end=\"1991\">SESGEN 32 Cell Activating Serum nuo Sesderma<\/strong> \u2013 tai koncentruotas serumas nuo sen\u0117jimo, skirtas kasdienei prie\u017ei\u016brai, palaikantis odos kokyb\u0119, tank\u012f ir jaunatvi\u0161kesn\u0119 i\u0161vaizd\u0105. Formul\u0117 ne tik veikia matomus sen\u0117jimo po\u017eymius, bet ir padeda palaikyti nat\u016bralius odos atsinaujinimo procesus, suteikdama odai gaivesn\u0119, tolygesn\u0119 ir labiau pri\u017ei\u016br\u0117t\u0105 i\u0161vaizd\u0105.<\/p>\n<p data-start=\"2304\" data-end=\"2571\">Lengva tekst\u016bra greitai susigeria ir yra maloni odai. Po naudojimo oda atrodo lygesn\u0117 ir tolygesn\u0117, o reguliariai naudojant tampa stangresn\u0117, tankesn\u0117 ir vizualiai kokybi\u0161kesn\u0117. Serumas padeda odai atrodyti \u201egyvybingesnei\u201c ir labiau pails\u0117jusiai, jos neapsunkindamas.<\/p>\n<p data-start=\"2573\" data-end=\"2717\">SESGEN 32 Cell Activating Serum taip pat padeda palaikyti ger\u0105 bendr\u0105 odos b\u016bkl\u0119, i\u0161laikant tvarking\u0105 ir gaivi\u0105 i\u0161vaizd\u0105 kasdien\u0117je prie\u017ei\u016broje.<\/p>\n<p data-start=\"2719\" data-end=\"2761\"><strong data-start=\"2719\" data-end=\"2761\">Kaip veikia pagrindiniai ingredientai:<\/strong><\/p>\n<p data-start=\"2763\" data-end=\"3115\"><strong data-start=\"2763\" data-end=\"2782\">Tripeptidas-32:<\/strong> padeda palaikyti nat\u016bralius odos atsinaujinimo procesus ir i\u0161laikyti tolygesn\u0119 bei labiau pri\u017ei\u016br\u0117t\u0105 i\u0161vaizd\u0105.<br data-start=\"2893\" data-end=\"2896\" \/><strong data-start=\"2896\" data-end=\"2920\">Natrio hialuronatas:<\/strong> padeda palaikyti optimal\u0173 odos dr\u0117gm\u0117s lyg\u012f ir suteikia odai lygesn\u0119 bei putlesn\u0119 i\u0161vaizd\u0105.<br data-start=\"3012\" data-end=\"3015\" \/><strong data-start=\"3015\" data-end=\"3029\">Keramidai:<\/strong> padeda palaikyti odos apsaugin\u012f barjer\u0105 ir i\u0161saugoti komforto bei odos tankio poj\u016bt\u012f.<\/p>\n<p data-start=\"3117\" data-end=\"3237\">Serumas tinka vis\u0173 tip\u0173 odai, \u012fskaitant jautri\u0105 od\u0105, kai reikia palaikyti odos tank\u012f, kokyb\u0119 ir jaunatvi\u0161kesn\u0119 i\u0161vaizd\u0105.<\/p>\n<p data-start=\"3239\" data-end=\"3255\"><strong data-start=\"3239\" data-end=\"3255\">T\u016bris: 30 ml<\/strong><\/p>\n","protected":false},"excerpt":{"rendered":"<p data-start=\"3366\" data-end=\"3386\">Serumas nuo sen\u0117jimo<\/p>\n<h2 data-start=\"3388\" data-end=\"3442\"><strong data-start=\"3388\" data-end=\"3442\">Sesderma &#8211; SESGEN 32 Cell Activating Serum Savyb\u0117s<\/strong><\/h2>\n<p data-start=\"3444\" data-end=\"3687\">\u2714\ufe0f Palaiko gaivesn\u0119 ir gyvybingesn\u0119 odos i\u0161vaizd\u0105<br data-start=\"3493\" data-end=\"3496\" \/>\u2714\ufe0f Gerina odos kokyb\u0119 ir tolygum\u0105<br data-start=\"3529\" data-end=\"3532\" \/>\u2714\ufe0f Padeda odai geriau atsispirti sen\u0117jimo po\u017eymiams<br data-start=\"3583\" data-end=\"3586\" \/>\u2714\ufe0f Suteikia odai lygesn\u0119 ir labiau pri\u017ei\u016br\u0117t\u0105 i\u0161vaizd\u0105<br data-start=\"3640\" data-end=\"3643\" \/>\u2714\ufe0f Tinka kasdienei prie\u017ei\u016brai nuo sen\u0117jimo<\/p>\n","protected":false},"featured_media":74962,"template":"","meta":[],"pwb-brand":[1263],"product_brand":[],"product_cat":[750,724],"product_tag":[],"giftcard-category":[],"class_list":{"0":"post-74970","1":"product","2":"type-product","3":"status-publish","4":"has-post-thumbnail","6":"pwb-brand-sesderma-lt","7":"product_cat-senstanti-oda","8":"product_cat-serumai","10":"first","11":"instock","12":"sale","13":"taxable","14":"shipping-taxable","15":"purchasable","16":"product-type-simple"},"acf":[],"brands":[{"id":1263,"name":"Sesderma","slug":"sesderma-lt"}],"_links":{"self":[{"href":"https:\/\/skinstudio.ee\/lt\/wp-json\/wp\/v2\/product\/74970","targetHints":{"allow":["GET"]}}],"collection":[{"href":"https:\/\/skinstudio.ee\/lt\/wp-json\/wp\/v2\/product"}],"about":[{"href":"https:\/\/skinstudio.ee\/lt\/wp-json\/wp\/v2\/types\/product"}],"version-history":[{"count":1,"href":"https:\/\/skinstudio.ee\/lt\/wp-json\/wp\/v2\/product\/74970\/revisions"}],"predecessor-version":[{"id":74971,"href":"https:\/\/skinstudio.ee\/lt\/wp-json\/wp\/v2\/product\/74970\/revisions\/74971"}],"wp:featuredmedia":[{"embeddable":true,"href":"https:\/\/skinstudio.ee\/lt\/wp-json\/wp\/v2\/media\/74962"}],"wp:attachment":[{"href":"https:\/\/skinstudio.ee\/lt\/wp-json\/wp\/v2\/media?parent=74970"}],"wp:term":[{"taxonomy":"pwb-brand","embeddable":true,"href":"https:\/\/skinstudio.ee\/lt\/wp-json\/wp\/v2\/pwb-brand?post=74970"},{"taxonomy":"product_brand","embeddable":true,"href":"https:\/\/skinstudio.ee\/lt\/wp-json\/wp\/v2\/product_brand?post=74970"},{"taxonomy":"product_cat","embeddable":true,"href":"https:\/\/skinstudio.ee\/lt\/wp-json\/wp\/v2\/product_cat?post=74970"},{"taxonomy":"product_tag","embeddable":true,"href":"https:\/\/skinstudio.ee\/lt\/wp-json\/wp\/v2\/product_tag?post=74970"},{"taxonomy":"giftcard-category","embeddable":true,"href":"https:\/\/skinstudio.ee\/lt\/wp-json\/wp\/v2\/giftcard-category?post=74970"}],"curies":[{"name":"wp","href":"https:\/\/api.w.org\/{rel}","templated":true}]}}