{"id":74986,"date":"2026-01-16T12:16:22","date_gmt":"2026-01-16T12:16:22","guid":{"rendered":"https:\/\/skinstudio.ee\/?post_type=product&#038;p=74986"},"modified":"2026-01-21T13:57:39","modified_gmt":"2026-01-21T13:57:39","slug":"sesgen-32-eye-contour-cream-ceramic","status":"publish","type":"product","link":"https:\/\/skinstudio.ee\/lt\/catalog\/sesderma-lt\/sesgen-32-eye-contour-cream-ceramic\/","title":{"rendered":"SESGEN 32 Eye Contour Cream Ceramic"},"content":{"rendered":"<p data-start=\"2012\" data-end=\"2347\"><strong data-start=\"2012\" data-end=\"2064\">SESGEN 32 Eye Contour Cream Ceramic nuo Sesderma<\/strong> \u2013 tai sen\u0117jim\u0105 l\u0117tinantis paaki\u0173 kremas, skirtas odos kokybei aki\u0173 srityje gerinti, nuovargio po\u017eymiams ma\u017einti ir gaivesnei, labiau pails\u0117jusiai i\u0161vaizdai palaikyti. Formul\u0117 sukurta darbui su jautriausia veido zona, padedant odai atrodyti lygesnei, tankesnei ir labiau pri\u017ei\u016br\u0117tai.<\/p>\n<p data-start=\"2349\" data-end=\"2664\">Kremas pasi\u017eymi komforti\u0161ka tekst\u016bra, kuri lengvai pasiskirsto ant odos, o keramikinis aplikatorius suteikia malon\u0173 v\u0117sinant\u012f poj\u016bt\u012f ir sustiprina gaivos poj\u016bt\u012f i\u0161kart po naudojimo. Po naudojimo aki\u0173 sritis atrodo tolygesn\u0117 ir gaivesn\u0117, o reguliariai naudojant oda tampa tvarkingesn\u0117, lygesn\u0117 ir vizualiai jaunesn\u0117.<\/p>\n<p data-start=\"2666\" data-end=\"2829\">SESGEN 32 Eye Contour Cream Ceramic padeda i\u0161laikyti tvarking\u0105 ir pri\u017ei\u016br\u0117t\u0105 aki\u0173 srities i\u0161vaizd\u0105, kuri da\u017enai pirmoji atskleid\u017eia nuovargio ir sen\u0117jimo po\u017eymius.<\/p>\n<p data-start=\"2831\" data-end=\"2873\"><strong data-start=\"2831\" data-end=\"2873\">Kaip veikia pagrindiniai ingredientai:<\/strong><\/p>\n<p data-start=\"2875\" data-end=\"3217\"><strong data-start=\"2875\" data-end=\"2894\">Tripeptidas-32:<\/strong> padeda palaikyti nat\u016bralius odos atsinaujinimo procesus ir i\u0161laikyti tolygesn\u0119 bei labiau pri\u017ei\u016br\u0117t\u0105 i\u0161vaizd\u0105.<br data-start=\"3005\" data-end=\"3008\" \/><strong data-start=\"3008\" data-end=\"3032\">Natrio hialuronatas:<\/strong> padeda palaikyti optimal\u0173 dr\u0117gm\u0117s lyg\u012f ir suteikia odai lygesn\u0119 bei putlesn\u0119 i\u0161vaizd\u0105.<br data-start=\"3119\" data-end=\"3122\" \/><strong data-start=\"3122\" data-end=\"3136\">Keramidai:<\/strong> padeda palaikyti odos apsaugin\u012f barjer\u0105 ir i\u0161saugoti komforto bei tankio poj\u016bt\u012f.<\/p>\n<p data-start=\"3219\" data-end=\"3386\">Kremas tinka vis\u0173 tip\u0173 odos paaki\u0173 prie\u017ei\u016brai, ypa\u010d atsiradus pirmiesiems sen\u0117jimo po\u017eymiams ir kai norisi suteikti \u017evilgsniui gaivesn\u0119 ir labiau pails\u0117jusi\u0105 i\u0161vaizd\u0105.<\/p>\n<p data-start=\"3388\" data-end=\"3404\"><strong data-start=\"3388\" data-end=\"3404\">T\u016bris: 15 ml<\/strong><\/p>\n<p data-start=\"3406\" data-end=\"3513\">\n","protected":false},"excerpt":{"rendered":"<p data-start=\"3515\" data-end=\"3528\">Paaki\u0173 kremas<\/p>\n<h2 data-start=\"3530\" data-end=\"3588\"><strong data-start=\"3530\" data-end=\"3588\">Sesderma &#8211; SESGEN 32 Eye Contour Cream Ceramic Savyb\u0117s<\/strong><\/h2>\n<p data-start=\"3590\" data-end=\"3854\">\u2714\ufe0f Suteikia \u017evilgsniui gaivesn\u0119 ir labiau pails\u0117jusi\u0105 i\u0161vaizd\u0105<br data-start=\"3652\" data-end=\"3655\" \/>\u2714\ufe0f Padeda gerinti odos kokyb\u0119 aki\u0173 srityje<br data-start=\"3697\" data-end=\"3700\" \/>\u2714\ufe0f Padaro od\u0105 vizualiai lygesn\u0119 ir labiau pri\u017ei\u016br\u0117t\u0105<br data-start=\"3752\" data-end=\"3755\" \/>\u2714\ufe0f Palaiko komfort\u0105 ir dr\u0117kinim\u0105 aki\u0173 srityje<br data-start=\"3800\" data-end=\"3803\" \/>\u2714\ufe0f Tinka kasdienei paaki\u0173 prie\u017ei\u016brai nuo sen\u0117jimo<\/p>\n","protected":false},"featured_media":74977,"template":"","meta":[],"pwb-brand":[1263],"product_brand":[],"product_cat":[734,750],"product_tag":[],"giftcard-category":[],"class_list":{"0":"post-74986","1":"product","2":"type-product","3":"status-publish","4":"has-post-thumbnail","6":"pwb-brand-sesderma-lt","7":"product_cat-oda-aplink-akis","8":"product_cat-senstanti-oda","10":"first","11":"instock","12":"sale","13":"taxable","14":"shipping-taxable","15":"purchasable","16":"product-type-simple"},"acf":[],"brands":[{"id":1263,"name":"Sesderma","slug":"sesderma-lt"}],"_links":{"self":[{"href":"https:\/\/skinstudio.ee\/lt\/wp-json\/wp\/v2\/product\/74986","targetHints":{"allow":["GET"]}}],"collection":[{"href":"https:\/\/skinstudio.ee\/lt\/wp-json\/wp\/v2\/product"}],"about":[{"href":"https:\/\/skinstudio.ee\/lt\/wp-json\/wp\/v2\/types\/product"}],"version-history":[{"count":1,"href":"https:\/\/skinstudio.ee\/lt\/wp-json\/wp\/v2\/product\/74986\/revisions"}],"predecessor-version":[{"id":74987,"href":"https:\/\/skinstudio.ee\/lt\/wp-json\/wp\/v2\/product\/74986\/revisions\/74987"}],"wp:featuredmedia":[{"embeddable":true,"href":"https:\/\/skinstudio.ee\/lt\/wp-json\/wp\/v2\/media\/74977"}],"wp:attachment":[{"href":"https:\/\/skinstudio.ee\/lt\/wp-json\/wp\/v2\/media?parent=74986"}],"wp:term":[{"taxonomy":"pwb-brand","embeddable":true,"href":"https:\/\/skinstudio.ee\/lt\/wp-json\/wp\/v2\/pwb-brand?post=74986"},{"taxonomy":"product_brand","embeddable":true,"href":"https:\/\/skinstudio.ee\/lt\/wp-json\/wp\/v2\/product_brand?post=74986"},{"taxonomy":"product_cat","embeddable":true,"href":"https:\/\/skinstudio.ee\/lt\/wp-json\/wp\/v2\/product_cat?post=74986"},{"taxonomy":"product_tag","embeddable":true,"href":"https:\/\/skinstudio.ee\/lt\/wp-json\/wp\/v2\/product_tag?post=74986"},{"taxonomy":"giftcard-category","embeddable":true,"href":"https:\/\/skinstudio.ee\/lt\/wp-json\/wp\/v2\/giftcard-category?post=74986"}],"curies":[{"name":"wp","href":"https:\/\/api.w.org\/{rel}","templated":true}]}}