{"id":75003,"date":"2026-01-16T12:59:32","date_gmt":"2026-01-16T12:59:32","guid":{"rendered":"https:\/\/skinstudio.ee\/?post_type=product&#038;p=75003"},"modified":"2026-01-21T13:57:39","modified_gmt":"2026-01-21T13:57:39","slug":"seslash-lash-eyebrow-activating-serum","status":"publish","type":"product","link":"https:\/\/skinstudio.ee\/lt\/catalog\/sesderma-lt\/seslash-lash-eyebrow-activating-serum\/","title":{"rendered":"SESLASH Lash &#038; Eyebrow Activating Serum"},"content":{"rendered":"<p data-start=\"1989\" data-end=\"2299\"><strong data-start=\"1989\" data-end=\"2045\">SESLASH Lash &amp; Eyebrow Activating Serum nuo Sesderma<\/strong> \u2013 tai aktyvinantis serumas, skirtas blakstien\u0173 ir antaki\u0173 i\u0161vaizdai, tankiui ir bendrai kokybei gerinti. Formul\u0117 palaiko nat\u016bral\u0173 plaukeli\u0173 augimo cikl\u0105 ir padeda blakstienoms bei antakiams atrodyti stipresniems, elastingesniems ir labiau pri\u017ei\u016br\u0117tiems.<\/p>\n<p data-start=\"2301\" data-end=\"2584\">Lengva tekst\u016bra greitai susigeria ir neapsunkina blakstien\u0173 bei antaki\u0173. Reguliariai naudojant plaukeliai atrodo tankesni, tvarkingesni ir i\u0161rai\u0161kingesni, o j\u0173 bendra i\u0161vaizda tampa labiau pri\u017ei\u016br\u0117ta. Serumas lengvai \u012fsilieja \u012f kasdien\u0119 prie\u017ei\u016bros rutin\u0105 ir netrukdo naudoti makia\u017eo.<\/p>\n<p data-start=\"2586\" data-end=\"2736\">SESLASH Lash &amp; Eyebrow Activating Serum padeda palaipsniui gerinti blakstien\u0173 ir antaki\u0173 kokyb\u0119 ir palaikyti j\u0173 pri\u017ei\u016br\u0117t\u0105 i\u0161vaizd\u0105, naudojant nuolat.<\/p>\n<p data-start=\"2738\" data-end=\"2765\"><strong data-start=\"2738\" data-end=\"2765\">Klinikiniai rezultatai:<\/strong><\/p>\n<p data-start=\"2767\" data-end=\"2955\">\u2714\ufe0f 90% naudotoj\u0173 pasteb\u0117jo, kad blakstienos atrodo ilgesn\u0117s<br data-start=\"2826\" data-end=\"2829\" \/>\u2714\ufe0f 80% naudotoj\u0173 pasteb\u0117jo, kad blakstienos atrodo tankesn\u0117s<br data-start=\"2889\" data-end=\"2892\" \/>\u2714\ufe0f 90% naudotoj\u0173 pasteb\u0117jo, kad blakstienos atrodo stipresn\u0117s<\/p>\n<p data-start=\"2957\" data-end=\"3055\"><em data-start=\"2957\" data-end=\"3055\">Procentin\u0117 savanori\u0173 dalis, patenkint\u0173 rezultatais, remiantis testu su 20 dalyvi\u0173 per 28 dienas.<\/em><\/p>\n<p data-start=\"3057\" data-end=\"3193\">Serumas tinka kasdienei blakstien\u0173 ir antaki\u0173 prie\u017ei\u016brai, kai norisi, kad jos atrodyt\u0173 i\u0161rai\u0161kingesn\u0117s, tankesn\u0117s ir labiau pri\u017ei\u016br\u0117tos.<\/p>\n<p data-start=\"3195\" data-end=\"3210\"><strong data-start=\"3195\" data-end=\"3210\">T\u016bris: 5 ml<\/strong><\/p>\n","protected":false},"excerpt":{"rendered":"<p data-start=\"3405\" data-end=\"3434\">Blakstien\u0173 ir antaki\u0173 serumas<\/p>\n<h2 data-start=\"3436\" data-end=\"3498\"><strong data-start=\"3436\" data-end=\"3498\">Sesderma &#8211; SESLASH Lash &amp; Eyebrow Activating Serum Savyb\u0117s<\/strong><\/h2>\n<p data-start=\"3500\" data-end=\"3743\">\u2714\ufe0f Padaro blakstienas ir antakius vizualiai ilgesnius<br data-start=\"3553\" data-end=\"3556\" \/>\u2714\ufe0f Sustiprina tankio ir apimties \u012fsp\u016bd\u012f<br data-start=\"3595\" data-end=\"3598\" \/>\u2714\ufe0f Pagerina bendr\u0105 plaukeli\u0173 i\u0161vaizd\u0105<br data-start=\"3635\" data-end=\"3638\" \/>\u2714\ufe0f Padeda i\u0161laikyti blakstienas ir antakius tvarkingus bei pri\u017ei\u016br\u0117tus<br data-start=\"3708\" data-end=\"3711\" \/>\u2714\ufe0f Tinka kasdieniam naudojimui<\/p>\n","protected":false},"featured_media":74994,"template":"","meta":[],"pwb-brand":[1263],"product_brand":[],"product_cat":[724],"product_tag":[],"giftcard-category":[],"class_list":{"0":"post-75003","1":"product","2":"type-product","3":"status-publish","4":"has-post-thumbnail","6":"pwb-brand-sesderma-lt","7":"product_cat-serumai","9":"first","10":"instock","11":"sale","12":"taxable","13":"shipping-taxable","14":"purchasable","15":"product-type-simple"},"acf":[],"brands":[{"id":1263,"name":"Sesderma","slug":"sesderma-lt"}],"_links":{"self":[{"href":"https:\/\/skinstudio.ee\/lt\/wp-json\/wp\/v2\/product\/75003","targetHints":{"allow":["GET"]}}],"collection":[{"href":"https:\/\/skinstudio.ee\/lt\/wp-json\/wp\/v2\/product"}],"about":[{"href":"https:\/\/skinstudio.ee\/lt\/wp-json\/wp\/v2\/types\/product"}],"version-history":[{"count":1,"href":"https:\/\/skinstudio.ee\/lt\/wp-json\/wp\/v2\/product\/75003\/revisions"}],"predecessor-version":[{"id":75004,"href":"https:\/\/skinstudio.ee\/lt\/wp-json\/wp\/v2\/product\/75003\/revisions\/75004"}],"wp:featuredmedia":[{"embeddable":true,"href":"https:\/\/skinstudio.ee\/lt\/wp-json\/wp\/v2\/media\/74994"}],"wp:attachment":[{"href":"https:\/\/skinstudio.ee\/lt\/wp-json\/wp\/v2\/media?parent=75003"}],"wp:term":[{"taxonomy":"pwb-brand","embeddable":true,"href":"https:\/\/skinstudio.ee\/lt\/wp-json\/wp\/v2\/pwb-brand?post=75003"},{"taxonomy":"product_brand","embeddable":true,"href":"https:\/\/skinstudio.ee\/lt\/wp-json\/wp\/v2\/product_brand?post=75003"},{"taxonomy":"product_cat","embeddable":true,"href":"https:\/\/skinstudio.ee\/lt\/wp-json\/wp\/v2\/product_cat?post=75003"},{"taxonomy":"product_tag","embeddable":true,"href":"https:\/\/skinstudio.ee\/lt\/wp-json\/wp\/v2\/product_tag?post=75003"},{"taxonomy":"giftcard-category","embeddable":true,"href":"https:\/\/skinstudio.ee\/lt\/wp-json\/wp\/v2\/giftcard-category?post=75003"}],"curies":[{"name":"wp","href":"https:\/\/api.w.org\/{rel}","templated":true}]}}