{"id":75040,"date":"2026-01-16T13:14:50","date_gmt":"2026-01-16T13:14:50","guid":{"rendered":"https:\/\/skinstudio.ee\/?post_type=product&#038;p=75040"},"modified":"2026-01-21T13:57:39","modified_gmt":"2026-01-21T13:57:39","slug":"silkses-skin-moisturizing-protector","status":"publish","type":"product","link":"https:\/\/skinstudio.ee\/lt\/catalog\/sesderma-lt\/silkses-skin-moisturizing-protector\/","title":{"rendered":"SILKSES Skin Moisturizing Protector"},"content":{"rendered":"<p data-start=\"2005\" data-end=\"2342\"><strong data-start=\"2005\" data-end=\"2057\">SILKSES Skin Moisturizing Protector nuo Sesderma<\/strong> \u2013 tai apsauginis ir atkuriamasis kremas, skirtas labai sausos, pa\u017eeistos ir jautrios odos intensyviai prie\u017ei\u016brai. Priemon\u0117 ant odos pavir\u0161iaus suformuoja plon\u0105 apsaugin\u012f sluoksn\u012f, kuris padeda i\u0161laikyti dr\u0117gm\u0119, suma\u017eina tempimo poj\u016bt\u012f ir palaiko ramesn\u0119 bei komforti\u0161kesn\u0119 odos b\u016bkl\u0119.<\/p>\n<p data-start=\"2344\" data-end=\"2618\">Sodri, ta\u010diau komforti\u0161ka tekst\u016bra lengvai pasiskirsto ir lieka ant odos kaip apsaugin\u0117 pl\u0117vel\u0117, pad\u0117dama i\u0161vengti dr\u0117gm\u0117s praradimo ir papildomo sudirginimo. Kremas padeda sumink\u0161tinti \u0161iurk\u0161\u010dias vietas, palaiko odos atsik\u016brim\u0105 ir daro od\u0105 atsparesn\u0119 i\u0161oriniams veiksniams.<\/p>\n<p data-start=\"2620\" data-end=\"2819\">SILKSES Skin Moisturizing Protector ypa\u010d tinka naudoti po proced\u016br\u0173, esant mikro pa\u017eeidimams ar sudirginimui, taip pat labai sausoms vietoms, pavyzd\u017eiui, alk\u016bn\u0117ms, odel\u0117ms ir kitoms jautrioms zonoms.<\/p>\n<p data-start=\"2821\" data-end=\"2863\"><strong data-start=\"2821\" data-end=\"2863\">Kaip veikia pagrindiniai ingredientai:<\/strong><\/p>\n<p data-start=\"2865\" data-end=\"3179\"><strong data-start=\"2865\" data-end=\"2906\">Parafinas ir mikrokristalinis va\u0161kas:<\/strong> suformuoja apsaugin\u012f barjer\u0105, kuris padeda i\u0161laikyti dr\u0117gm\u0119 ir apsaugo od\u0105 nuo i\u0161orini\u0173 dirgikli\u0173.<br data-start=\"3005\" data-end=\"3008\" \/><strong data-start=\"3008\" data-end=\"3021\">Alavijas:<\/strong> padeda nuraminti od\u0105, suma\u017einti diskomfort\u0105 ir palaikyti atsik\u016brim\u0105.<br data-start=\"3090\" data-end=\"3093\" \/><strong data-start=\"3093\" data-end=\"3116\">Mimozos ekstraktas:<\/strong> padeda palaikyti ramesn\u0119 ir labiau atsistatysiusi\u0105 odos b\u016bkl\u0119.<\/p>\n<p data-start=\"3181\" data-end=\"3320\">Kremas tinka vis\u0173 tip\u0173 odai, ypa\u010d labai sausai, pa\u017eeistai ir sudirgusiai odai, kai reikalinga intensyvi apsauga, atk\u016brimas ir mink\u0161tinimas.<\/p>\n<p data-start=\"3322\" data-end=\"3338\"><strong data-start=\"3322\" data-end=\"3338\">T\u016bris: 30 ml<\/strong><\/p>\n","protected":false},"excerpt":{"rendered":"<p data-start=\"3444\" data-end=\"3477\">Apsauginis ir atkuriamasis kremas<\/p>\n<h2 data-start=\"3479\" data-end=\"3537\"><strong data-start=\"3479\" data-end=\"3537\">Sesderma &#8211; SILKSES Skin Moisturizing Protector Savyb\u0117s<\/strong><\/h2>\n<p data-start=\"3539\" data-end=\"3798\">\u2714\ufe0f Suformuoja apsaugin\u012f barjer\u0105 ir padeda i\u0161laikyti dr\u0117gm\u0119<br data-start=\"3597\" data-end=\"3600\" \/>\u2714\ufe0f Mink\u0161tina labai sausas ir \u0161iurk\u0161\u010dias odos vietas<br data-start=\"3651\" data-end=\"3654\" \/>\u2714\ufe0f Palaiko odos atsik\u016brim\u0105 po sudirginimo ir proced\u016br\u0173<br data-start=\"3708\" data-end=\"3711\" \/>\u2714\ufe0f Ma\u017eina tempimo ir diskomforto poj\u016bt\u012f<br data-start=\"3750\" data-end=\"3753\" \/>\u2714\ufe0f Tinka lokaliai ir intensyviai prie\u017ei\u016brai<\/p>\n","protected":false},"featured_media":75030,"template":"","meta":[],"pwb-brand":[1263],"product_brand":[],"product_cat":[738,746,740],"product_tag":[],"giftcard-category":[],"class_list":{"0":"post-75040","1":"product","2":"type-product","3":"status-publish","4":"has-post-thumbnail","6":"pwb-brand-sesderma-lt","7":"product_cat-drekinimas","8":"product_cat-jautriai-odai","9":"product_cat-sausai-odai","11":"first","12":"instock","13":"sale","14":"taxable","15":"shipping-taxable","16":"purchasable","17":"product-type-simple"},"acf":[],"brands":[{"id":1263,"name":"Sesderma","slug":"sesderma-lt"}],"_links":{"self":[{"href":"https:\/\/skinstudio.ee\/lt\/wp-json\/wp\/v2\/product\/75040","targetHints":{"allow":["GET"]}}],"collection":[{"href":"https:\/\/skinstudio.ee\/lt\/wp-json\/wp\/v2\/product"}],"about":[{"href":"https:\/\/skinstudio.ee\/lt\/wp-json\/wp\/v2\/types\/product"}],"version-history":[{"count":1,"href":"https:\/\/skinstudio.ee\/lt\/wp-json\/wp\/v2\/product\/75040\/revisions"}],"predecessor-version":[{"id":75041,"href":"https:\/\/skinstudio.ee\/lt\/wp-json\/wp\/v2\/product\/75040\/revisions\/75041"}],"wp:featuredmedia":[{"embeddable":true,"href":"https:\/\/skinstudio.ee\/lt\/wp-json\/wp\/v2\/media\/75030"}],"wp:attachment":[{"href":"https:\/\/skinstudio.ee\/lt\/wp-json\/wp\/v2\/media?parent=75040"}],"wp:term":[{"taxonomy":"pwb-brand","embeddable":true,"href":"https:\/\/skinstudio.ee\/lt\/wp-json\/wp\/v2\/pwb-brand?post=75040"},{"taxonomy":"product_brand","embeddable":true,"href":"https:\/\/skinstudio.ee\/lt\/wp-json\/wp\/v2\/product_brand?post=75040"},{"taxonomy":"product_cat","embeddable":true,"href":"https:\/\/skinstudio.ee\/lt\/wp-json\/wp\/v2\/product_cat?post=75040"},{"taxonomy":"product_tag","embeddable":true,"href":"https:\/\/skinstudio.ee\/lt\/wp-json\/wp\/v2\/product_tag?post=75040"},{"taxonomy":"giftcard-category","embeddable":true,"href":"https:\/\/skinstudio.ee\/lt\/wp-json\/wp\/v2\/giftcard-category?post=75040"}],"curies":[{"name":"wp","href":"https:\/\/api.w.org\/{rel}","templated":true}]}}