{"id":75087,"date":"2026-01-16T13:46:59","date_gmt":"2026-01-16T13:46:59","guid":{"rendered":"https:\/\/skinstudio.ee\/?post_type=product&#038;p=75087"},"modified":"2026-01-21T13:57:37","modified_gmt":"2026-01-21T13:57:37","slug":"repaskin-invisible-fluid-spf50","status":"publish","type":"product","link":"https:\/\/skinstudio.ee\/lt\/catalog\/sesderma-lt\/repaskin-invisible-fluid-spf50\/","title":{"rendered":"REPASKIN Invisible Fluid SPF50+"},"content":{"rendered":"<p data-start=\"2083\" data-end=\"2374\"><strong data-start=\"2083\" data-end=\"2131\">REPASKIN Invisible Fluid SPF50+ nuo Sesderma<\/strong> \u2013 tai itin lengva apsaugin\u0117 emulsija nuo saul\u0117s su auk\u0161tu apsaugos lygiu, sukurta patogiai kasdienei fotoprotekcijai. Priemon\u0117 greitai susigeria, nepalieka balt\u0173 \u017eymi\u0173 ar riebaus blizgesio ir suteikia odai tvarking\u0105, tikrai \u201enematom\u0105\u201c fini\u0161\u0105.<\/p>\n<p data-start=\"2376\" data-end=\"2667\">Formul\u0117 sukurta ne tik apsaugoti od\u0105 nuo UVA ir UVB spinduli\u0173, bet ir pad\u0117ti i\u0161laikyti glotnesn\u0119 bei labiau pri\u017ei\u016br\u0117t\u0105 odos i\u0161vaizd\u0105 b\u016bnant saul\u0117je. Fluido tekst\u016bra ant odos jau\u010diasi komforti\u0161kai, neapsunkina jos ir tinka reguliariam naudojimui tiek mieste, tiek aktyvios saul\u0117s laikotarpiu.<\/p>\n<p data-start=\"2669\" data-end=\"2808\">REPASKIN Invisible Fluid SPF50+ ypa\u010d tinka tiems, kurie ie\u0161ko itin lengvos apsaugos nuo saul\u0117s su nematomu fini\u0161u ir auk\u0161tu apsaugos lygiu.<\/p>\n<p data-start=\"2810\" data-end=\"2852\"><strong data-start=\"2810\" data-end=\"2852\">Kaip veikia pagrindiniai ingredientai:<\/strong><\/p>\n<p data-start=\"2854\" data-end=\"3209\"><strong data-start=\"2854\" data-end=\"2902\">Naujos kartos fiziniai ir cheminiai filtrai:<\/strong> u\u017etikrina auk\u0161to lygio apsaug\u0105 nuo UVA ir UVB spinduli\u0173.<br data-start=\"2959\" data-end=\"2962\" \/><strong data-start=\"2962\" data-end=\"3016\">Antioksidant\u0173 kompleksai ir augaliniai ekstraktai:<\/strong> padeda neutralizuoti laisvuosius radikalus ir palaiko od\u0105 saul\u0117s sukelto streso metu.<br data-start=\"3102\" data-end=\"3105\" \/><strong data-start=\"3105\" data-end=\"3132\">Atkuriamieji fermentai:<\/strong> padeda palaikyti nat\u016bralius odos atsistatymo mechanizmus po saul\u0117s poveikio.<\/p>\n<p data-start=\"3211\" data-end=\"3325\">Priemon\u0117 tinka vis\u0173 tip\u0173 odai, \u012fskaitant jautri\u0105 od\u0105. Nedirgina aki\u0173, nekem\u0161a por\u0173 ir tinka kasdieniam naudojimui.<\/p>\n<p data-start=\"3327\" data-end=\"3343\"><strong data-start=\"3327\" data-end=\"3343\">T\u016bris: 50 ml<\/strong><\/p>\n","protected":false},"excerpt":{"rendered":"<p data-start=\"3541\" data-end=\"3591\">Itin lengvas apsauginis fluidas nuo saul\u0117s SPF 50+<\/p>\n<h2 data-start=\"3593\" data-end=\"3647\"><strong data-start=\"3593\" data-end=\"3647\">Sesderma &#8211; REPASKIN Invisible Fluid SPF50+ Savyb\u0117s<\/strong><\/h2>\n<p data-start=\"3649\" data-end=\"3866\">\u2714\ufe0f Suformuoja ant odos nematom\u0105 apsaugin\u0119 pl\u0117vel\u0119<br data-start=\"3698\" data-end=\"3701\" \/>\u2714\ufe0f Padeda sulyginti odos i\u0161vaizd\u0105 neapsunkinant<br data-start=\"3748\" data-end=\"3751\" \/>\u2714\ufe0f Patogu naudoti po makia\u017eu ir kasdien<br data-start=\"3790\" data-end=\"3793\" \/>\u2714\ufe0f Nejau\u010diamas ant odos ir jos neapsunkina<br data-start=\"3835\" data-end=\"3838\" \/>\u2714\ufe0f Tinka net jautriai odai<\/p>\n","protected":false},"featured_media":75078,"template":"","meta":[],"pwb-brand":[1263],"product_brand":[],"product_cat":[732],"product_tag":[],"giftcard-category":[],"class_list":{"0":"post-75087","1":"product","2":"type-product","3":"status-publish","4":"has-post-thumbnail","6":"pwb-brand-sesderma-lt","7":"product_cat-spf-apsauga","9":"first","10":"instock","11":"sale","12":"taxable","13":"shipping-taxable","14":"purchasable","15":"product-type-simple"},"acf":[],"brands":[{"id":1263,"name":"Sesderma","slug":"sesderma-lt"}],"_links":{"self":[{"href":"https:\/\/skinstudio.ee\/lt\/wp-json\/wp\/v2\/product\/75087","targetHints":{"allow":["GET"]}}],"collection":[{"href":"https:\/\/skinstudio.ee\/lt\/wp-json\/wp\/v2\/product"}],"about":[{"href":"https:\/\/skinstudio.ee\/lt\/wp-json\/wp\/v2\/types\/product"}],"version-history":[{"count":1,"href":"https:\/\/skinstudio.ee\/lt\/wp-json\/wp\/v2\/product\/75087\/revisions"}],"predecessor-version":[{"id":75088,"href":"https:\/\/skinstudio.ee\/lt\/wp-json\/wp\/v2\/product\/75087\/revisions\/75088"}],"wp:featuredmedia":[{"embeddable":true,"href":"https:\/\/skinstudio.ee\/lt\/wp-json\/wp\/v2\/media\/75078"}],"wp:attachment":[{"href":"https:\/\/skinstudio.ee\/lt\/wp-json\/wp\/v2\/media?parent=75087"}],"wp:term":[{"taxonomy":"pwb-brand","embeddable":true,"href":"https:\/\/skinstudio.ee\/lt\/wp-json\/wp\/v2\/pwb-brand?post=75087"},{"taxonomy":"product_brand","embeddable":true,"href":"https:\/\/skinstudio.ee\/lt\/wp-json\/wp\/v2\/product_brand?post=75087"},{"taxonomy":"product_cat","embeddable":true,"href":"https:\/\/skinstudio.ee\/lt\/wp-json\/wp\/v2\/product_cat?post=75087"},{"taxonomy":"product_tag","embeddable":true,"href":"https:\/\/skinstudio.ee\/lt\/wp-json\/wp\/v2\/product_tag?post=75087"},{"taxonomy":"giftcard-category","embeddable":true,"href":"https:\/\/skinstudio.ee\/lt\/wp-json\/wp\/v2\/giftcard-category?post=75087"}],"curies":[{"name":"wp","href":"https:\/\/api.w.org\/{rel}","templated":true}]}}