{"id":75119,"date":"2026-01-16T13:58:18","date_gmt":"2026-01-16T13:58:18","guid":{"rendered":"https:\/\/skinstudio.ee\/?post_type=product&#038;p=75119"},"modified":"2026-01-21T13:57:37","modified_gmt":"2026-01-21T13:57:37","slug":"repaskin-silk-touch-color-spf50","status":"publish","type":"product","link":"https:\/\/skinstudio.ee\/lt\/catalog\/sesderma-lt\/repaskin-silk-touch-color-spf50\/","title":{"rendered":"REPASKIN Silk Touch Color SPF50"},"content":{"rendered":"<p data-start=\"2130\" data-end=\"2470\"><strong data-start=\"2130\" data-end=\"2178\">REPASKIN Silk Touch Color SPF50 nuo Sesderma<\/strong> \u2013 tai tonuojantis apsauginis gelis nuo saul\u0117s su auk\u0161tu apsaugos lygiu, kuris sujungia fotoprotekcij\u0105, odos prie\u017ei\u016br\u0105 ir lengv\u0105 tono sulyginimo efekt\u0105. Priemon\u0117 pasi\u017eymi \u0161ilkine, aksomine tekst\u016bra, lengvai pasiskirsto ant odos ir sukuria tvarking\u0105, vizualiai glotn\u0173 \u201eprimerio efekto\u201c fini\u0161\u0105.<\/p>\n<p data-start=\"2472\" data-end=\"2714\">Formul\u0117 sukurta ne tik apsaugoti od\u0105 nuo UVA ir UVB spinduli\u0173, bet ir pad\u0117ti i\u0161laikyti pri\u017ei\u016br\u0117t\u0105 odos i\u0161vaizd\u0105 vis\u0105 dien\u0105. Gelis ant odos jau\u010diasi lengvas, nei\u0161ry\u0161kina odos tekst\u016bros ir tinka naudoti tiek vienas, tiek kaip makia\u017eo pagrindas.<\/p>\n<p data-start=\"2716\" data-end=\"2905\">REPASKIN Silk Touch Color SPF50 ypa\u010d tinka tiems, kurie ie\u0161ko apsaugin\u0117s priemon\u0117s nuo saul\u0117s su lengvu tonuojan\u010diu efektu, greitu susig\u0117rimu ir komforti\u0161ku, nesunkinan\u010diu poj\u016b\u010diu ant odos.<\/p>\n<p data-start=\"2907\" data-end=\"2949\"><strong data-start=\"2907\" data-end=\"2949\">Kaip veikia pagrindiniai ingredientai:<\/strong><\/p>\n<p data-start=\"2951\" data-end=\"3292\"><strong data-start=\"2951\" data-end=\"2985\">Fiziniai ir cheminiai filtrai:<\/strong> u\u017etikrina auk\u0161to lygio apsaug\u0105 nuo UVA ir UVB spinduli\u0173.<br data-start=\"3042\" data-end=\"3045\" \/><strong data-start=\"3045\" data-end=\"3099\">Antioksidant\u0173 kompleksai ir augaliniai ekstraktai:<\/strong> padeda neutralizuoti laisvuosius radikalus ir palaiko od\u0105 saul\u0117s sukelto streso metu.<br data-start=\"3185\" data-end=\"3188\" \/><strong data-start=\"3188\" data-end=\"3215\">Atkuriamieji fermentai:<\/strong> padeda palaikyti nat\u016bralius odos atsistatymo mechanizmus po saul\u0117s poveikio.<\/p>\n<p data-start=\"3294\" data-end=\"3482\">Priemon\u0117 tinka vis\u0173 tip\u0173 odai. Atspari vandeniui formul\u0117 leid\u017eia patogiai naudoti vis\u0105 dien\u0105, o nekomedogeni\u0161kos savyb\u0117s ir komforti\u0161ka tekst\u016bra leid\u017eia j\u0105 naudoti kasdien. Nedirgina aki\u0173.<\/p>\n<p data-start=\"3484\" data-end=\"3500\"><strong data-start=\"3484\" data-end=\"3500\">T\u016bris: 50 ml<\/strong><\/p>\n","protected":false},"excerpt":{"rendered":"<p data-start=\"3694\" data-end=\"3740\">Tonuojantis apsauginis gelis nuo saul\u0117s SPF 50<\/p>\n<h2 data-start=\"3742\" data-end=\"3796\"><strong data-start=\"3742\" data-end=\"3796\">Sesderma &#8211; REPASKIN Silk Touch Color SPF50 Savyb\u0117s<\/strong><\/h2>\n<p data-start=\"3798\" data-end=\"4003\">\u2714\ufe0f Sulygina odos i\u0161vaizd\u0105 ir suteikia lengv\u0105 atspalv\u012f<br data-start=\"3851\" data-end=\"3854\" \/>\u2714\ufe0f Sukuria glotn\u0173 \u201eprimerio\u201c tipo fini\u0161\u0105<br data-start=\"3894\" data-end=\"3897\" \/>\u2714\ufe0f Patogu naudoti po makia\u017eu arba vien\u0105<br data-start=\"3936\" data-end=\"3939\" \/>\u2714\ufe0f \u0160ilkin\u0117 ir lengva tekst\u016bra<br data-start=\"3968\" data-end=\"3971\" \/>\u2714\ufe0f Tinka kasdieniam naudojimui<\/p>\n","protected":false},"featured_media":75110,"template":"","meta":[],"pwb-brand":[1263],"product_brand":[],"product_cat":[732],"product_tag":[],"giftcard-category":[],"class_list":{"0":"post-75119","1":"product","2":"type-product","3":"status-publish","4":"has-post-thumbnail","6":"pwb-brand-sesderma-lt","7":"product_cat-spf-apsauga","9":"first","10":"instock","11":"sale","12":"taxable","13":"shipping-taxable","14":"purchasable","15":"product-type-simple"},"acf":[],"brands":[{"id":1263,"name":"Sesderma","slug":"sesderma-lt"}],"_links":{"self":[{"href":"https:\/\/skinstudio.ee\/lt\/wp-json\/wp\/v2\/product\/75119","targetHints":{"allow":["GET"]}}],"collection":[{"href":"https:\/\/skinstudio.ee\/lt\/wp-json\/wp\/v2\/product"}],"about":[{"href":"https:\/\/skinstudio.ee\/lt\/wp-json\/wp\/v2\/types\/product"}],"version-history":[{"count":1,"href":"https:\/\/skinstudio.ee\/lt\/wp-json\/wp\/v2\/product\/75119\/revisions"}],"predecessor-version":[{"id":75120,"href":"https:\/\/skinstudio.ee\/lt\/wp-json\/wp\/v2\/product\/75119\/revisions\/75120"}],"wp:featuredmedia":[{"embeddable":true,"href":"https:\/\/skinstudio.ee\/lt\/wp-json\/wp\/v2\/media\/75110"}],"wp:attachment":[{"href":"https:\/\/skinstudio.ee\/lt\/wp-json\/wp\/v2\/media?parent=75119"}],"wp:term":[{"taxonomy":"pwb-brand","embeddable":true,"href":"https:\/\/skinstudio.ee\/lt\/wp-json\/wp\/v2\/pwb-brand?post=75119"},{"taxonomy":"product_brand","embeddable":true,"href":"https:\/\/skinstudio.ee\/lt\/wp-json\/wp\/v2\/product_brand?post=75119"},{"taxonomy":"product_cat","embeddable":true,"href":"https:\/\/skinstudio.ee\/lt\/wp-json\/wp\/v2\/product_cat?post=75119"},{"taxonomy":"product_tag","embeddable":true,"href":"https:\/\/skinstudio.ee\/lt\/wp-json\/wp\/v2\/product_tag?post=75119"},{"taxonomy":"giftcard-category","embeddable":true,"href":"https:\/\/skinstudio.ee\/lt\/wp-json\/wp\/v2\/giftcard-category?post=75119"}],"curies":[{"name":"wp","href":"https:\/\/api.w.org\/{rel}","templated":true}]}}