{"id":75150,"date":"2026-01-16T14:34:34","date_gmt":"2026-01-16T14:34:34","guid":{"rendered":"https:\/\/skinstudio.ee\/?post_type=product&#038;p=75150"},"modified":"2026-01-21T13:57:37","modified_gmt":"2026-01-21T13:57:37","slug":"repaskin-urban365-anti-aging-spf50","status":"publish","type":"product","link":"https:\/\/skinstudio.ee\/lt\/catalog\/sesderma-lt\/repaskin-urban365-anti-aging-spf50\/","title":{"rendered":"REPASKIN Urban365 Anti-Aging SPF50"},"content":{"rendered":"<p data-start=\"2136\" data-end=\"2485\"><strong data-start=\"2136\" data-end=\"2187\">REPASKIN Urban365 Anti-Aging SPF50 nuo Sesderma<\/strong> \u2013 tai kasdienis apsauginis kremas nuo saul\u0117s, skirtas naudoti miesto s\u0105lygomis, kuris sujungia auk\u0161to lygio fotoprotekcij\u0105 ir sen\u0117jim\u0105 l\u0117tinant\u012f odos prie\u017ei\u016bros poveik\u012f. Formul\u0117 sukurta tam, kad apsaugot\u0173 od\u0105 ne tik nuo saul\u0117s spinduli\u0173, bet ir nuo aplinkos veiksni\u0173, kurie spartina odos sen\u0117jim\u0105.<\/p>\n<p data-start=\"2487\" data-end=\"2743\">Kremas pasi\u017eymi lengva ir komforti\u0161ka tekst\u016bra, lengvai pasiskirsto ir neapsunkina odos. Jis padeda i\u0161laikyti glotnesn\u0119, gaivesn\u0119 ir labiau pri\u017ei\u016br\u0117t\u0105 odos i\u0161vaizd\u0105, kartu palaikydamas od\u0105 nuolatinio saul\u0117s, tar\u0161os ir m\u0117lynosios \u0161viesos poveikio s\u0105lygomis.<\/p>\n<p data-start=\"2745\" data-end=\"2946\">REPASKIN Urban365 Anti-Aging SPF50 ypa\u010d tinka tiems, kurie ie\u0161ko universalaus dieninio kremo su auk\u0161tu apsaugos lygiu ir ry\u0161kiu prie\u017ei\u016briniu poveikiu, padedan\u010diu i\u0161laikyti jaunatvi\u0161kesn\u0119 odos i\u0161vaizd\u0105.<\/p>\n<p data-start=\"2948\" data-end=\"2990\"><strong data-start=\"2948\" data-end=\"2990\">Kaip veikia pagrindiniai ingredientai:<\/strong><\/p>\n<p data-start=\"2992\" data-end=\"3349\"><strong data-start=\"2992\" data-end=\"3026\">Fiziniai ir cheminiai filtrai:<\/strong> u\u017etikrina auk\u0161to lygio apsaug\u0105 nuo UVA, UVB ir IR spinduli\u0173.<br data-start=\"3087\" data-end=\"3090\" \/><strong data-start=\"3090\" data-end=\"3140\">Dr\u0117kinantys ir sen\u0117jim\u0105 l\u0117tinantys kompleksai:<\/strong> padeda i\u0161laikyti glotnesn\u0119 ir stangresn\u0119 odos i\u0161vaizd\u0105 bei ma\u017einti sen\u0117jimo po\u017eymi\u0173 matomum\u0105.<br data-start=\"3234\" data-end=\"3237\" \/><strong data-start=\"3237\" data-end=\"3285\">Antioksidaciniai ir apsauginiai komponentai:<\/strong> padeda apsaugoti od\u0105 nuo aplinkos streso ir m\u0117lynosios \u0161viesos.<\/p>\n<p data-start=\"3351\" data-end=\"3520\">Priemon\u0117 tinka vis\u0173 tip\u0173 odai ir yra skirta kasdieniam naudojimui. Atspari vandeniui formul\u0117 ir komforti\u0161ka tekst\u016bra leid\u017eia patogiai naudoti vis\u0105 dien\u0105. Nedirgina aki\u0173.<\/p>\n<p data-start=\"3522\" data-end=\"3538\"><strong data-start=\"3522\" data-end=\"3538\">T\u016bris: 50 ml<\/strong><\/p>\n","protected":false},"excerpt":{"rendered":"<p data-start=\"3733\" data-end=\"3812\">Miesto s\u0105lygoms skirtas sen\u0117jim\u0105 l\u0117tinantis apsauginis kremas nuo saul\u0117s SPF 50<\/p>\n<h2 data-start=\"3814\" data-end=\"3871\"><strong data-start=\"3814\" data-end=\"3871\">Sesderma &#8211; REPASKIN Urban365 Anti-Aging SPF50 Savyb\u0117s<\/strong><\/h2>\n<p data-start=\"3873\" data-end=\"4142\">\u2714\ufe0f Suteikia plataus spektro apsaug\u0105 nuo UVA, UVB, IR ir m\u0117lynosios \u0161viesos<br data-start=\"3947\" data-end=\"3950\" \/>\u2714\ufe0f Tinka kasdieniam naudojimui miesto aplinkoje<br data-start=\"3997\" data-end=\"4000\" \/>\u2714\ufe0f Padeda i\u0161laikyti glotnesn\u0119 ir labiau pri\u017ei\u016br\u0117t\u0105 odos i\u0161vaizd\u0105<br data-start=\"4064\" data-end=\"4067\" \/>\u2714\ufe0f Lengva, greitai susigerianti tekst\u016bra<br data-start=\"4107\" data-end=\"4110\" \/>\u2714\ufe0f Komforti\u0161kas vis\u0173 tip\u0173 odai<\/p>\n","protected":false},"featured_media":75142,"template":"","meta":[],"pwb-brand":[1263],"product_brand":[],"product_cat":[732],"product_tag":[],"giftcard-category":[],"class_list":{"0":"post-75150","1":"product","2":"type-product","3":"status-publish","4":"has-post-thumbnail","6":"pwb-brand-sesderma-lt","7":"product_cat-spf-apsauga","9":"first","10":"instock","11":"sale","12":"taxable","13":"shipping-taxable","14":"purchasable","15":"product-type-simple"},"acf":[],"brands":[{"id":1263,"name":"Sesderma","slug":"sesderma-lt"}],"_links":{"self":[{"href":"https:\/\/skinstudio.ee\/lt\/wp-json\/wp\/v2\/product\/75150","targetHints":{"allow":["GET"]}}],"collection":[{"href":"https:\/\/skinstudio.ee\/lt\/wp-json\/wp\/v2\/product"}],"about":[{"href":"https:\/\/skinstudio.ee\/lt\/wp-json\/wp\/v2\/types\/product"}],"version-history":[{"count":2,"href":"https:\/\/skinstudio.ee\/lt\/wp-json\/wp\/v2\/product\/75150\/revisions"}],"predecessor-version":[{"id":75152,"href":"https:\/\/skinstudio.ee\/lt\/wp-json\/wp\/v2\/product\/75150\/revisions\/75152"}],"wp:featuredmedia":[{"embeddable":true,"href":"https:\/\/skinstudio.ee\/lt\/wp-json\/wp\/v2\/media\/75142"}],"wp:attachment":[{"href":"https:\/\/skinstudio.ee\/lt\/wp-json\/wp\/v2\/media?parent=75150"}],"wp:term":[{"taxonomy":"pwb-brand","embeddable":true,"href":"https:\/\/skinstudio.ee\/lt\/wp-json\/wp\/v2\/pwb-brand?post=75150"},{"taxonomy":"product_brand","embeddable":true,"href":"https:\/\/skinstudio.ee\/lt\/wp-json\/wp\/v2\/product_brand?post=75150"},{"taxonomy":"product_cat","embeddable":true,"href":"https:\/\/skinstudio.ee\/lt\/wp-json\/wp\/v2\/product_cat?post=75150"},{"taxonomy":"product_tag","embeddable":true,"href":"https:\/\/skinstudio.ee\/lt\/wp-json\/wp\/v2\/product_tag?post=75150"},{"taxonomy":"giftcard-category","embeddable":true,"href":"https:\/\/skinstudio.ee\/lt\/wp-json\/wp\/v2\/giftcard-category?post=75150"}],"curies":[{"name":"wp","href":"https:\/\/api.w.org\/{rel}","templated":true}]}}