{"id":75166,"date":"2026-01-16T14:41:28","date_gmt":"2026-01-16T14:41:28","guid":{"rendered":"https:\/\/skinstudio.ee\/?post_type=product&#038;p=75166"},"modified":"2026-01-21T13:57:37","modified_gmt":"2026-01-21T13:57:37","slug":"repaskin-urban365-depigmenting-spf50","status":"publish","type":"product","link":"https:\/\/skinstudio.ee\/lt\/catalog\/sesderma-lt\/repaskin-urban365-depigmenting-spf50\/","title":{"rendered":"REPASKIN Urban365 Depigmenting SPF50+"},"content":{"rendered":"<p data-start=\"2151\" data-end=\"2468\"><strong data-start=\"2151\" data-end=\"2205\">REPASKIN Urban365 Depigmenting SPF50+ nuo Sesderma<\/strong> \u2013 tai kasdienis apsauginis kremas nuo saul\u0117s odai, linkusiai \u012f pigmentacijos d\u0117mi\u0173 atsiradim\u0105 ir netolyg\u0173 odos ton\u0105. Formul\u0117 sujungia labai auk\u0161t\u0105 fotoprotekcijos lyg\u012f su prie\u017ei\u016briniu poveikiu, kuris padeda i\u0161laikyti tolygesn\u0119 ir labiau pri\u017ei\u016br\u0117t\u0105 odos i\u0161vaizd\u0105.<\/p>\n<p data-start=\"2470\" data-end=\"2705\">Lengva tekst\u016bra lengvai pasiskirsto ir yra komforti\u0161ka, neapsunkindama odos. Kremas padeda apsaugoti od\u0105 ne tik nuo saul\u0117s spinduli\u0173, bet ir nuo aplinkos veiksni\u0173, kurie gali sustiprinti pigmentacijos po\u017eymius ir skatinti fotosen\u0117jim\u0105.<\/p>\n<p data-start=\"2707\" data-end=\"2871\">REPASKIN Urban365 Depigmenting SPF50+ yra puikus pasirinkimas tiems, kurie ie\u0161ko kasdien\u0117s auk\u0161tos apsaugos priemon\u0117s, orientuotos \u012f tolygesnio odos tono palaikym\u0105.<\/p>\n<p data-start=\"2873\" data-end=\"2915\"><strong data-start=\"2873\" data-end=\"2915\">Kaip veikia pagrindiniai ingredientai:<\/strong><\/p>\n<p data-start=\"2917\" data-end=\"3258\"><strong data-start=\"2917\" data-end=\"2951\">Fiziniai ir cheminiai filtrai:<\/strong> u\u017etikrina labai auk\u0161to lygio apsaug\u0105 nuo UVA, UVB ir IR spinduli\u0173.<br data-start=\"3018\" data-end=\"3021\" \/><strong data-start=\"3021\" data-end=\"3060\">Odos ton\u0105 sulyginantys komponentai:<\/strong> padeda palaikyti tolygesn\u012f odos atspalv\u012f ir ma\u017einti pigmentacijos poky\u010di\u0173 matomum\u0105.<br data-start=\"3144\" data-end=\"3147\" \/><strong data-start=\"3147\" data-end=\"3194\">Antioksidaciniai ir apsauginiai kompleksai:<\/strong> padeda apsaugoti od\u0105 nuo aplinkos streso ir m\u0117lynosios \u0161viesos.<\/p>\n<p data-start=\"3260\" data-end=\"3389\">Priemon\u0117 tinka vis\u0173 tip\u0173 odai ir yra skirta kasdieniam naudojimui. Nedirgina aki\u0173, pasi\u017eymi lengva tekst\u016bra ir greitai susigeria.<\/p>\n<p data-start=\"3391\" data-end=\"3407\"><strong data-start=\"3391\" data-end=\"3407\">T\u016bris: 50 ml<\/strong><\/p>\n","protected":false},"excerpt":{"rendered":"<p data-start=\"3602\" data-end=\"3670\">Apsauginis kremas nuo saul\u0117s odai, linkusiai \u012f pigmentacij\u0105, SPF 50+<\/p>\n<h2 data-start=\"3672\" data-end=\"3732\"><strong data-start=\"3672\" data-end=\"3732\">Sesderma &#8211; REPASKIN Urban365 Depigmenting SPF50+ Savyb\u0117s<\/strong><\/h2>\n<p data-start=\"3734\" data-end=\"3961\">\u2714\ufe0f Suteikia labai auk\u0161t\u0105 SPF 50+ apsaug\u0105<br data-start=\"3774\" data-end=\"3777\" \/>\u2714\ufe0f Padeda i\u0161laikyti tolygesn\u012f ir vienodesn\u012f odos ton\u0105<br data-start=\"3830\" data-end=\"3833\" \/>\u2714\ufe0f Palaiko pigmentacijos poky\u010di\u0173 matomumo ma\u017einim\u0105<br data-start=\"3883\" data-end=\"3886\" \/>\u2714\ufe0f Lengva, greitai susigerianti tekst\u016bra<br data-start=\"3926\" data-end=\"3929\" \/>\u2714\ufe0f Tinka kasdieniam naudojimui<\/p>\n","protected":false},"featured_media":75158,"template":"","meta":[],"pwb-brand":[1263],"product_brand":[],"product_cat":[752,732],"product_tag":[],"giftcard-category":[],"class_list":{"0":"post-75166","1":"product","2":"type-product","3":"status-publish","4":"has-post-thumbnail","6":"pwb-brand-sesderma-lt","7":"product_cat-pigmentacija-lt","8":"product_cat-spf-apsauga","10":"first","11":"instock","12":"sale","13":"taxable","14":"shipping-taxable","15":"purchasable","16":"product-type-simple"},"acf":[],"brands":[{"id":1263,"name":"Sesderma","slug":"sesderma-lt"}],"_links":{"self":[{"href":"https:\/\/skinstudio.ee\/lt\/wp-json\/wp\/v2\/product\/75166","targetHints":{"allow":["GET"]}}],"collection":[{"href":"https:\/\/skinstudio.ee\/lt\/wp-json\/wp\/v2\/product"}],"about":[{"href":"https:\/\/skinstudio.ee\/lt\/wp-json\/wp\/v2\/types\/product"}],"version-history":[{"count":1,"href":"https:\/\/skinstudio.ee\/lt\/wp-json\/wp\/v2\/product\/75166\/revisions"}],"predecessor-version":[{"id":75167,"href":"https:\/\/skinstudio.ee\/lt\/wp-json\/wp\/v2\/product\/75166\/revisions\/75167"}],"wp:featuredmedia":[{"embeddable":true,"href":"https:\/\/skinstudio.ee\/lt\/wp-json\/wp\/v2\/media\/75158"}],"wp:attachment":[{"href":"https:\/\/skinstudio.ee\/lt\/wp-json\/wp\/v2\/media?parent=75166"}],"wp:term":[{"taxonomy":"pwb-brand","embeddable":true,"href":"https:\/\/skinstudio.ee\/lt\/wp-json\/wp\/v2\/pwb-brand?post=75166"},{"taxonomy":"product_brand","embeddable":true,"href":"https:\/\/skinstudio.ee\/lt\/wp-json\/wp\/v2\/product_brand?post=75166"},{"taxonomy":"product_cat","embeddable":true,"href":"https:\/\/skinstudio.ee\/lt\/wp-json\/wp\/v2\/product_cat?post=75166"},{"taxonomy":"product_tag","embeddable":true,"href":"https:\/\/skinstudio.ee\/lt\/wp-json\/wp\/v2\/product_tag?post=75166"},{"taxonomy":"giftcard-category","embeddable":true,"href":"https:\/\/skinstudio.ee\/lt\/wp-json\/wp\/v2\/giftcard-category?post=75166"}],"curies":[{"name":"wp","href":"https:\/\/api.w.org\/{rel}","templated":true}]}}