{"id":75182,"date":"2026-01-16T14:49:46","date_gmt":"2026-01-16T14:49:46","guid":{"rendered":"https:\/\/skinstudio.ee\/?post_type=product&#038;p=75182"},"modified":"2026-01-21T13:57:37","modified_gmt":"2026-01-21T13:57:37","slug":"repaskin-urban365-oily-skin-spf50","status":"publish","type":"product","link":"https:\/\/skinstudio.ee\/lt\/catalog\/sesderma-lt\/repaskin-urban365-oily-skin-spf50\/","title":{"rendered":"REPASKIN Urban365 Oily Skin SPF50"},"content":{"rendered":"<p data-start=\"2148\" data-end=\"2434\"><strong data-start=\"2148\" data-end=\"2198\">REPASKIN Urban365 Oily Skin SPF50 nuo Sesderma<\/strong> \u2013 tai apsauginis kremas nuo saul\u0117s, sukurtas specialiai riebiai ir \u012f b\u0117rimus linkusiai odai. Formul\u0117 sujungia auk\u0161to lygio fotoprotekcij\u0105 ir prie\u017ei\u016brin\u012f poveik\u012f, padedant\u012f i\u0161laikyti labiau matin\u0119 ir pri\u017ei\u016br\u0117t\u0105 odos i\u0161vaizd\u0105 vis\u0105 dien\u0105.<\/p>\n<p data-start=\"2436\" data-end=\"2690\">Lengva ir komforti\u0161ka tekst\u016bra lengvai pasiskirsto, neapsunkina odos ir nepalieka balto ar lipnaus fini\u0161o. Kremas padeda kontroliuoti perteklin\u012f blizges\u012f, i\u0161laikant od\u0105 vizualiai \u0161varesn\u0119 ir labiau subalansuot\u0105 net kar\u0161\u010dio, dr\u0117gm\u0117s ir miesto s\u0105lyg\u0173 metu.<\/p>\n<p data-start=\"2692\" data-end=\"2871\">REPASKIN Urban365 Oily Skin SPF50 yra puikus pasirinkimas tiems, kurie ie\u0161ko kasdien\u0117s apsaugos nuo saul\u0117s su auk\u0161tu apsaugos lygiu ir akcentu \u012f riebios odos komfort\u0105 bei balans\u0105.<\/p>\n<p data-start=\"2873\" data-end=\"2915\"><strong data-start=\"2873\" data-end=\"2915\">Kaip veikia pagrindiniai ingredientai:<\/strong><\/p>\n<p data-start=\"2917\" data-end=\"3269\"><strong data-start=\"2917\" data-end=\"2951\">Fiziniai ir cheminiai filtrai:<\/strong> u\u017etikrina auk\u0161to lygio apsaug\u0105 nuo UVA, UVB, IR spinduli\u0173 ir m\u0117lynosios \u0161viesos.<br data-start=\"3032\" data-end=\"3035\" \/><strong data-start=\"3035\" data-end=\"3076\">Odos balans\u0105 palaikantys komponentai:<\/strong> padeda i\u0161laikyti labiau matin\u0119 i\u0161vaizd\u0105 ir suteikia \u0161varios, gaivios odos poj\u016bt\u012f.<br data-start=\"3158\" data-end=\"3161\" \/><strong data-start=\"3161\" data-end=\"3208\">Antioksidaciniai ir apsauginiai kompleksai:<\/strong> padeda apsaugoti od\u0105 nuo aplinkos streso ir saul\u0117s poveikio.<\/p>\n<p data-start=\"3271\" data-end=\"3422\">Priemon\u0117 tinka riebiai ir probleminei odai ir yra skirta kasdieniam naudojimui. Nedirgina aki\u0173, pasi\u017eymi lengva tekst\u016bra ir yra komforti\u0161ka vis\u0105 dien\u0105.<\/p>\n<p data-start=\"3424\" data-end=\"3440\"><strong data-start=\"3424\" data-end=\"3440\">T\u016bris: 50 ml<\/strong><\/p>\n","protected":false},"excerpt":{"rendered":"<p data-start=\"3635\" data-end=\"3698\">Apsauginis kremas nuo saul\u0117s riebiai ir probleminei odai SPF 50<\/p>\n<h2 data-start=\"3700\" data-end=\"3756\"><strong data-start=\"3700\" data-end=\"3756\">Sesderma &#8211; REPASKIN Urban365 Oily Skin SPF50 Savyb\u0117s<\/strong><\/h2>\n<p data-start=\"3758\" data-end=\"3995\">\u2714\ufe0f Suteikia auk\u0161t\u0105 SPF 50 apsaug\u0105<br data-start=\"3791\" data-end=\"3794\" \/>\u2714\ufe0f Padeda i\u0161laikyti labiau matin\u0119 ir pri\u017ei\u016br\u0117t\u0105 odos i\u0161vaizd\u0105<br data-start=\"3855\" data-end=\"3858\" \/>\u2714\ufe0f Neapsunkina odos ir nepalieka balto sluoksnio<br data-start=\"3906\" data-end=\"3909\" \/>\u2714\ufe0f Komforti\u0161kas kasdieniam naudojimui<br data-start=\"3946\" data-end=\"3949\" \/>\u2714\ufe0f Tinka riebiai ir \u012f b\u0117rimus linkusiai odai<\/p>\n","protected":false},"featured_media":75173,"template":"","meta":[],"pwb-brand":[1263],"product_brand":[],"product_cat":[732,748],"product_tag":[],"giftcard-category":[],"class_list":{"0":"post-75182","1":"product","2":"type-product","3":"status-publish","4":"has-post-thumbnail","6":"pwb-brand-sesderma-lt","7":"product_cat-spf-apsauga","8":"product_cat-taukainai-adai-lt","10":"first","11":"instock","12":"sale","13":"taxable","14":"shipping-taxable","15":"purchasable","16":"product-type-simple"},"acf":[],"brands":[{"id":1263,"name":"Sesderma","slug":"sesderma-lt"}],"_links":{"self":[{"href":"https:\/\/skinstudio.ee\/lt\/wp-json\/wp\/v2\/product\/75182","targetHints":{"allow":["GET"]}}],"collection":[{"href":"https:\/\/skinstudio.ee\/lt\/wp-json\/wp\/v2\/product"}],"about":[{"href":"https:\/\/skinstudio.ee\/lt\/wp-json\/wp\/v2\/types\/product"}],"version-history":[{"count":1,"href":"https:\/\/skinstudio.ee\/lt\/wp-json\/wp\/v2\/product\/75182\/revisions"}],"predecessor-version":[{"id":75183,"href":"https:\/\/skinstudio.ee\/lt\/wp-json\/wp\/v2\/product\/75182\/revisions\/75183"}],"wp:featuredmedia":[{"embeddable":true,"href":"https:\/\/skinstudio.ee\/lt\/wp-json\/wp\/v2\/media\/75173"}],"wp:attachment":[{"href":"https:\/\/skinstudio.ee\/lt\/wp-json\/wp\/v2\/media?parent=75182"}],"wp:term":[{"taxonomy":"pwb-brand","embeddable":true,"href":"https:\/\/skinstudio.ee\/lt\/wp-json\/wp\/v2\/pwb-brand?post=75182"},{"taxonomy":"product_brand","embeddable":true,"href":"https:\/\/skinstudio.ee\/lt\/wp-json\/wp\/v2\/product_brand?post=75182"},{"taxonomy":"product_cat","embeddable":true,"href":"https:\/\/skinstudio.ee\/lt\/wp-json\/wp\/v2\/product_cat?post=75182"},{"taxonomy":"product_tag","embeddable":true,"href":"https:\/\/skinstudio.ee\/lt\/wp-json\/wp\/v2\/product_tag?post=75182"},{"taxonomy":"giftcard-category","embeddable":true,"href":"https:\/\/skinstudio.ee\/lt\/wp-json\/wp\/v2\/giftcard-category?post=75182"}],"curies":[{"name":"wp","href":"https:\/\/api.w.org\/{rel}","templated":true}]}}