{"id":75197,"date":"2026-01-16T14:59:20","date_gmt":"2026-01-16T14:59:20","guid":{"rendered":"https:\/\/skinstudio.ee\/?post_type=product&#038;p=75197"},"modified":"2026-01-21T13:57:37","modified_gmt":"2026-01-21T13:57:37","slug":"repaskin-urban365-sensitive-spf50","status":"publish","type":"product","link":"https:\/\/skinstudio.ee\/lt\/catalog\/sesderma-lt\/repaskin-urban365-sensitive-spf50\/","title":{"rendered":"REPASKIN Urban365 Sensitive SPF50+"},"content":{"rendered":"<p data-start=\"2149\" data-end=\"2456\"><strong data-start=\"2149\" data-end=\"2200\">REPASKIN Urban365 Sensitive SPF50+ nuo Sesderma<\/strong> \u2013 tai apsauginis kremas nuo saul\u0117s, sukurtas specialiai jautriai odai, kuriai reikia ne tik labai auk\u0161to apsaugos lygio, bet ir papildomo komforto. Formul\u0117 padeda apsaugoti od\u0105 nuo saul\u0117s spinduli\u0173 ir kartu palaiko ramesn\u0119, labiau subalansuot\u0105 odos b\u016bkl\u0119.<\/p>\n<p data-start=\"2458\" data-end=\"2702\">Kremas pasi\u017eymi \u0161velnia ir komforti\u0161ka tekst\u016bra, lengvai pasiskirsto ir greitai susigeria, neapsunkindamas odos ir nepalikdamas lipnaus ar sunkaus poj\u016b\u010dio. Jis skirtas kasdieniam naudojimui ir tinka net odai, linkusiai \u012f sudirgim\u0105 ir reakcijas.<\/p>\n<p data-start=\"2704\" data-end=\"2891\">REPASKIN Urban365 Sensitive SPF50+ yra puikus pasirinkimas tiems, kurie ie\u0161ko apsaugos nuo saul\u0117s su labai auk\u0161tu apsaugos lygiu ir akcentu \u012f komfort\u0105 bei \u0161velni\u0105 jautrios odos prie\u017ei\u016br\u0105.<\/p>\n<p data-start=\"2893\" data-end=\"2935\"><strong data-start=\"2893\" data-end=\"2935\">Kaip veikia pagrindiniai ingredientai:<\/strong><\/p>\n<p data-start=\"2937\" data-end=\"3272\"><strong data-start=\"2937\" data-end=\"2971\">Fiziniai ir cheminiai filtrai:<\/strong> u\u017etikrina labai auk\u0161to lygio apsaug\u0105 nuo UVA, UVB, IR spinduli\u0173 ir m\u0117lynosios \u0161viesos.<br data-start=\"3058\" data-end=\"3061\" \/><strong data-start=\"3061\" data-end=\"3103\">Raminantys ir palaikantys komponentai:<\/strong> padeda ma\u017einti diskomfort\u0105 ir palaiko ramesn\u0119 odos b\u016bkl\u0119.<br data-start=\"3161\" data-end=\"3164\" \/><strong data-start=\"3164\" data-end=\"3211\">Apsauginiai ir antioksidaciniai kompleksai:<\/strong> padeda apsaugoti od\u0105 nuo aplinkos streso ir saul\u0117s poveikio.<\/p>\n<p data-start=\"3274\" data-end=\"3421\">Priemon\u0117 tinka jautriai odai ir yra skirta kasdieniam naudojimui. Nedirgina aki\u0173, nekem\u0161a por\u0173, yra be kvapi\u0173j\u0173 med\u017eiag\u0173 ir komforti\u0161ka vis\u0105 dien\u0105.<\/p>\n<p data-start=\"3423\" data-end=\"3439\"><strong data-start=\"3423\" data-end=\"3439\">T\u016bris: 50 ml<\/strong><\/p>\n","protected":false},"excerpt":{"rendered":"<p data-start=\"3634\" data-end=\"3684\">Apsauginis kremas nuo saul\u0117s jautriai odai SPF 50+<\/p>\n<h2 data-start=\"3686\" data-end=\"3743\"><strong data-start=\"3686\" data-end=\"3743\">Sesderma &#8211; REPASKIN Urban365 Sensitive SPF50+ Savyb\u0117s<\/strong><\/h2>\n<p data-start=\"3745\" data-end=\"3959\">\u2714\ufe0f Suteikia labai auk\u0161t\u0105 SPF 50+ apsaug\u0105<br data-start=\"3785\" data-end=\"3788\" \/>\u2714\ufe0f Tinka jautriai ir reaktyviai odai<br data-start=\"3824\" data-end=\"3827\" \/>\u2714\ufe0f Padeda palaikyti odos komfort\u0105 ir ramesn\u0119 i\u0161vaizd\u0105<br data-start=\"3880\" data-end=\"3883\" \/>\u2714\ufe0f Be kvapi\u0173j\u0173 med\u017eiag\u0173 ir nedirgina aki\u0173<br data-start=\"3924\" data-end=\"3927\" \/>\u2714\ufe0f Tinka kasdieniam naudojimui<\/p>\n","protected":false},"featured_media":75189,"template":"","meta":[],"pwb-brand":[1263],"product_brand":[],"product_cat":[746,732],"product_tag":[],"giftcard-category":[],"class_list":{"0":"post-75197","1":"product","2":"type-product","3":"status-publish","4":"has-post-thumbnail","6":"pwb-brand-sesderma-lt","7":"product_cat-jautriai-odai","8":"product_cat-spf-apsauga","10":"first","11":"instock","12":"sale","13":"taxable","14":"shipping-taxable","15":"purchasable","16":"product-type-simple"},"acf":[],"brands":[{"id":1263,"name":"Sesderma","slug":"sesderma-lt"}],"_links":{"self":[{"href":"https:\/\/skinstudio.ee\/lt\/wp-json\/wp\/v2\/product\/75197","targetHints":{"allow":["GET"]}}],"collection":[{"href":"https:\/\/skinstudio.ee\/lt\/wp-json\/wp\/v2\/product"}],"about":[{"href":"https:\/\/skinstudio.ee\/lt\/wp-json\/wp\/v2\/types\/product"}],"version-history":[{"count":1,"href":"https:\/\/skinstudio.ee\/lt\/wp-json\/wp\/v2\/product\/75197\/revisions"}],"predecessor-version":[{"id":75198,"href":"https:\/\/skinstudio.ee\/lt\/wp-json\/wp\/v2\/product\/75197\/revisions\/75198"}],"wp:featuredmedia":[{"embeddable":true,"href":"https:\/\/skinstudio.ee\/lt\/wp-json\/wp\/v2\/media\/75189"}],"wp:attachment":[{"href":"https:\/\/skinstudio.ee\/lt\/wp-json\/wp\/v2\/media?parent=75197"}],"wp:term":[{"taxonomy":"pwb-brand","embeddable":true,"href":"https:\/\/skinstudio.ee\/lt\/wp-json\/wp\/v2\/pwb-brand?post=75197"},{"taxonomy":"product_brand","embeddable":true,"href":"https:\/\/skinstudio.ee\/lt\/wp-json\/wp\/v2\/product_brand?post=75197"},{"taxonomy":"product_cat","embeddable":true,"href":"https:\/\/skinstudio.ee\/lt\/wp-json\/wp\/v2\/product_cat?post=75197"},{"taxonomy":"product_tag","embeddable":true,"href":"https:\/\/skinstudio.ee\/lt\/wp-json\/wp\/v2\/product_tag?post=75197"},{"taxonomy":"giftcard-category","embeddable":true,"href":"https:\/\/skinstudio.ee\/lt\/wp-json\/wp\/v2\/giftcard-category?post=75197"}],"curies":[{"name":"wp","href":"https:\/\/api.w.org\/{rel}","templated":true}]}}