{"id":75664,"date":"2026-01-21T14:09:03","date_gmt":"2026-01-21T14:09:03","guid":{"rendered":"https:\/\/skinstudio.ee\/?post_type=product&#038;p=75664"},"modified":"2026-02-12T08:52:09","modified_gmt":"2026-02-12T08:52:09","slug":"azelaic-br-20","status":"publish","type":"product","link":"https:\/\/skinstudio.ee\/lt\/catalog\/noon-aesthetics\/azelaic-br-20\/","title":{"rendered":"Azelaic-Br 20"},"content":{"rendered":"<p data-start=\"2760\" data-end=\"3061\">Azelaic-Br 20 nuo NOON Aesthetics yra aktyvus veido kremas, skirtas kasdienei odos prie\u017ei\u016brai, kai oda linkusi \u012f nelygi\u0105 tekst\u016br\u0105, perteklin\u012f blizges\u012f ir matomus netobulumus. Formul\u0117 suderina auk\u0161t\u0105 aktyvum\u0105 su geru toleravimu, tod\u0117l produkt\u0105 galima patogiai \u012ftraukti \u012f \u012fprast\u0105 odos prie\u017ei\u016bros rutin\u0105.<\/p>\n<p data-start=\"3063\" data-end=\"3306\">Reguliariai naudojant oda atrodo labiau subalansuota, lygesn\u0117 ir pri\u017ei\u016br\u0117ta, o bendras vaizdas tampa \u0161varesnis ir tvarkingesnis. Kremas padeda palaikyti tvarking\u0105, matin\u012f efekt\u0105 ir suteikia tolygesnio odos pavir\u0161iaus \u012fsp\u016bd\u012f be sunkumo poj\u016b\u010dio.<\/p>\n<p data-start=\"3308\" data-end=\"3350\"><strong data-start=\"3308\" data-end=\"3350\">Pagrindini\u0173 sudedam\u0173j\u0173 dali\u0173 poveikis:<\/strong><\/p>\n<ul data-start=\"3352\" data-end=\"3713\">\n<li data-start=\"3352\" data-end=\"3483\">\n<p data-start=\"3354\" data-end=\"3483\"><strong data-start=\"3354\" data-end=\"3374\">Azelaino r\u016bg\u0161tis<\/strong> &#8211; naudojama kosmetin\u0117se formul\u0117se siekiant pagerinti bendr\u0105 odos i\u0161vaizd\u0105 ir palaikyti tolygesn\u012f atspalv\u012f.<\/p>\n<\/li>\n<li data-start=\"3484\" data-end=\"3571\">\n<p data-start=\"3486\" data-end=\"3571\"><strong data-start=\"3486\" data-end=\"3506\">Salicilo r\u016bg\u0161tis<\/strong> &#8211; padeda palaikyti lygesn\u012f odos pavir\u0161i\u0173 ir \u0161varesn\u0119 tekst\u016br\u0105.<\/p>\n<\/li>\n<li data-start=\"3572\" data-end=\"3713\">\n<p data-start=\"3574\" data-end=\"3713\"><strong data-start=\"3574\" data-end=\"3589\">Glabridinas<\/strong> &#8211; i\u0161 saldymed\u017eio \u0161aknies i\u0161gaunama sudedamoji dalis, naudojama \u0161varesn\u0117s ir labiau subalansuotos odos i\u0161vaizdos palaikymui.<\/p>\n<\/li>\n<\/ul>\n<p data-start=\"3715\" data-end=\"3891\"><strong data-start=\"3715\" data-end=\"3729\">Kam tinka:<\/strong><br data-start=\"3729\" data-end=\"3732\" \/>Tinka odai su matomais netobulumais, nelygia tekst\u016bra ir polinkiu blizg\u0117ti. Gali b\u016bti naudojamas \u012fvairi\u0173 tip\u0173 odai, atsi\u017evelgiant \u012f individuali\u0105 odos reakcij\u0105.<\/p>\n<p data-start=\"3893\" data-end=\"3909\"><strong data-start=\"3893\" data-end=\"3903\">T\u016bris:<\/strong> <strong data-start=\"1820\" data-end=\"1830\">15 ml \/ 50 ml<\/strong><\/p>\n","protected":false},"excerpt":{"rendered":"<p data-start=\"5104\" data-end=\"5124\">Aktyvus veido kremas<\/p>\n<h2 data-start=\"5126\" data-end=\"5169\"><strong data-start=\"5126\" data-end=\"5169\">NOON Aesthetics &#8211; Azelaic-Br 20 Savyb\u0117s<\/strong><\/h2>\n<p data-start=\"5171\" data-end=\"5417\">\u2714\ufe0f Palaiko \u0161varesn\u0119 ir pri\u017ei\u016br\u0117tesn\u0119 odos i\u0161vaizd\u0105<br data-start=\"5221\" data-end=\"5224\" \/>\u2714\ufe0f Padeda i\u0161laikyti tvarking\u0105, matin\u012f efekt\u0105<br data-start=\"5268\" data-end=\"5271\" \/>\u2714\ufe0f Suteikia odai vizualiai tolygesn\u0119 tekst\u016br\u0105<br data-start=\"5316\" data-end=\"5319\" \/>\u2714\ufe0f Tinka reguliariam naudojimui neapsunkinant odos<br data-start=\"5369\" data-end=\"5372\" \/>\u2714\ufe0f Sukuria komforto ir balanso poj\u016bt\u012f odoje<\/p>\n","protected":false},"featured_media":75685,"template":"","meta":[],"pwb-brand":[791],"product_brand":[],"product_cat":[738,1150,752,748,754],"product_tag":[],"giftcard-category":[],"class_list":{"0":"post-75664","1":"product","2":"type-product","3":"status-publish","4":"has-post-thumbnail","6":"pwb-brand-noon-aesthetics","7":"product_cat-drekinimas","8":"product_cat-noon-aesthetics-lt","9":"product_cat-pigmentacija-lt","10":"product_cat-taukainai-adai-lt","11":"product_cat-travel-size-lt","12":"pa_suurus-15ml-lt","13":"pa_suurus-50ml-lt","15":"first","16":"outofstock","17":"taxable","18":"shipping-taxable","19":"purchasable","20":"product-type-variable"},"acf":[],"brands":[{"id":791,"name":"NOON Aesthetics","slug":"noon-aesthetics"}],"_links":{"self":[{"href":"https:\/\/skinstudio.ee\/lt\/wp-json\/wp\/v2\/product\/75664","targetHints":{"allow":["GET"]}}],"collection":[{"href":"https:\/\/skinstudio.ee\/lt\/wp-json\/wp\/v2\/product"}],"about":[{"href":"https:\/\/skinstudio.ee\/lt\/wp-json\/wp\/v2\/types\/product"}],"version-history":[{"count":2,"href":"https:\/\/skinstudio.ee\/lt\/wp-json\/wp\/v2\/product\/75664\/revisions"}],"predecessor-version":[{"id":80092,"href":"https:\/\/skinstudio.ee\/lt\/wp-json\/wp\/v2\/product\/75664\/revisions\/80092"}],"wp:featuredmedia":[{"embeddable":true,"href":"https:\/\/skinstudio.ee\/lt\/wp-json\/wp\/v2\/media\/75685"}],"wp:attachment":[{"href":"https:\/\/skinstudio.ee\/lt\/wp-json\/wp\/v2\/media?parent=75664"}],"wp:term":[{"taxonomy":"pwb-brand","embeddable":true,"href":"https:\/\/skinstudio.ee\/lt\/wp-json\/wp\/v2\/pwb-brand?post=75664"},{"taxonomy":"product_brand","embeddable":true,"href":"https:\/\/skinstudio.ee\/lt\/wp-json\/wp\/v2\/product_brand?post=75664"},{"taxonomy":"product_cat","embeddable":true,"href":"https:\/\/skinstudio.ee\/lt\/wp-json\/wp\/v2\/product_cat?post=75664"},{"taxonomy":"product_tag","embeddable":true,"href":"https:\/\/skinstudio.ee\/lt\/wp-json\/wp\/v2\/product_tag?post=75664"},{"taxonomy":"giftcard-category","embeddable":true,"href":"https:\/\/skinstudio.ee\/lt\/wp-json\/wp\/v2\/giftcard-category?post=75664"}],"curies":[{"name":"wp","href":"https:\/\/api.w.org\/{rel}","templated":true}]}}