{"id":75679,"date":"2026-01-21T14:55:00","date_gmt":"2026-01-21T14:55:00","guid":{"rendered":"https:\/\/skinstudio.ee\/?post_type=product&#038;p=75679"},"modified":"2026-02-12T08:42:16","modified_gmt":"2026-02-12T08:42:16","slug":"azelaic-s-20","status":"publish","type":"product","link":"https:\/\/skinstudio.ee\/lt\/catalog\/noon-aesthetics\/azelaic-s-20\/","title":{"rendered":"Azelaic-S 20"},"content":{"rendered":"<p data-start=\"2516\" data-end=\"2823\">Azelaic-S 20 nuo NOON Aesthetics yra koncentruotas veido kremas, skirtas kasdienei odos prie\u017ei\u016brai, kai siekiama palaikyti tolygesn\u0119 ir labiau subalansuot\u0105 odos i\u0161vaizd\u0105. Formul\u0117 sukurta palaikyti odos komfort\u0105 ir pavir\u0161iaus balans\u0105 tais laikotarpiais, kai odos tonas ar tekst\u016bra vizualiai atrodo netolyg\u016bs.<\/p>\n<p data-start=\"2825\" data-end=\"3058\">Reguliariai naudojant oda atrodo lygesn\u0117, \u0161varesn\u0117 ir labiau pri\u017ei\u016br\u0117ta, o bendras vaizdas tampa tolygesnis ir tvarkingesnis. Kremas pritaikytas aktyvesniam naudojimui, ta\u010diau i\u0161lieka tinkamas kasdienei prie\u017ei\u016brai neapsunkinant odos.<\/p>\n<p data-start=\"3060\" data-end=\"3102\"><strong data-start=\"3060\" data-end=\"3102\">Pagrindini\u0173 sudedam\u0173j\u0173 dali\u0173 poveikis:<\/strong><\/p>\n<ul data-start=\"3104\" data-end=\"3404\">\n<li data-start=\"3104\" data-end=\"3227\">\n<p data-start=\"3106\" data-end=\"3227\"><strong data-start=\"3106\" data-end=\"3126\">Azelaino r\u016bg\u0161tis<\/strong> &#8211; naudojama kosmetin\u0117se formul\u0117se siekiant palaikyti tolygesn\u0119 ir labiau pri\u017ei\u016br\u0117t\u0105 odos i\u0161vaizd\u0105.<\/p>\n<\/li>\n<li data-start=\"3228\" data-end=\"3301\">\n<p data-start=\"3230\" data-end=\"3301\"><strong data-start=\"3230\" data-end=\"3247\">Acetamide MEA<\/strong> &#8211; padeda palaikyti dr\u0117gm\u0117s poj\u016bt\u012f ir odos komfort\u0105.<\/p>\n<\/li>\n<li data-start=\"3302\" data-end=\"3404\">\n<p data-start=\"3304\" data-end=\"3404\"><strong data-start=\"3304\" data-end=\"3328\">Gluconolactone (PHA)<\/strong> &#8211; \u0161velnus r\u016bg\u0161tinis komponentas, da\u017enai pasirenkamas jautresn\u0117ms formul\u0117ms.<\/p>\n<\/li>\n<\/ul>\n<p data-start=\"3406\" data-end=\"3643\"><strong data-start=\"3406\" data-end=\"3420\">Kam tinka:<\/strong><br data-start=\"3420\" data-end=\"3423\" \/>Tinka odai su netolygiu tonu ir tekst\u016bra, taip pat tais atvejais, kai siekiama palaikyti tolygesn\u0119 ir labiau subalansuot\u0105 odos i\u0161vaizd\u0105. Gali b\u016bti naudojamas \u012fvairi\u0173 tip\u0173 odai, atsi\u017evelgiant \u012f individuali\u0105 odos reakcij\u0105.<\/p>\n<p data-start=\"3645\" data-end=\"3661\"><strong data-start=\"3645\" data-end=\"3655\">T\u016bris:<\/strong> 15 ml \/ 50 ml<\/p>\n","protected":false},"excerpt":{"rendered":"<p data-start=\"4628\" data-end=\"4656\">I\u0161lyginamasis aktyvus kremas<\/p>\n<h2 data-start=\"4658\" data-end=\"4700\"><strong data-start=\"4658\" data-end=\"4700\">NOON Aesthetics &#8211; Azelaic-S 20 Savyb\u0117s<\/strong><\/h2>\n<p data-start=\"4702\" data-end=\"4930\">\u2714\ufe0f Padeda sulyginti odos ton\u0105 ir tekst\u016br\u0105<br data-start=\"4743\" data-end=\"4746\" \/>\u2714\ufe0f Ma\u017eina matom\u0173 netobulum\u0173 i\u0161rai\u0161k\u0105<br data-start=\"4782\" data-end=\"4785\" \/>\u2714\ufe0f Suteikia odai vizualiai lygesn\u012f pavir\u0161i\u0173<br data-start=\"4828\" data-end=\"4831\" \/>\u2714\ufe0f Palaiko \u0161varesn\u0119 ir pri\u017ei\u016br\u0117tesn\u0119 odos i\u0161vaizd\u0105<br data-start=\"4881\" data-end=\"4884\" \/>\u2714\ufe0f I\u0161laiko komforto poj\u016bt\u012f kasdien naudojant<\/p>\n","protected":false},"featured_media":75671,"template":"","meta":[],"pwb-brand":[791],"product_brand":[],"product_cat":[738,1150,752,754],"product_tag":[],"giftcard-category":[],"class_list":{"0":"post-75679","1":"product","2":"type-product","3":"status-publish","4":"has-post-thumbnail","6":"pwb-brand-noon-aesthetics","7":"product_cat-drekinimas","8":"product_cat-noon-aesthetics-lt","9":"product_cat-pigmentacija-lt","10":"product_cat-travel-size-lt","11":"pa_suurus-15ml-lt","12":"pa_suurus-50ml-lt","14":"first","15":"instock","16":"taxable","17":"shipping-taxable","18":"purchasable","19":"product-type-variable"},"acf":[],"brands":[{"id":791,"name":"NOON Aesthetics","slug":"noon-aesthetics"}],"_links":{"self":[{"href":"https:\/\/skinstudio.ee\/lt\/wp-json\/wp\/v2\/product\/75679","targetHints":{"allow":["GET"]}}],"collection":[{"href":"https:\/\/skinstudio.ee\/lt\/wp-json\/wp\/v2\/product"}],"about":[{"href":"https:\/\/skinstudio.ee\/lt\/wp-json\/wp\/v2\/types\/product"}],"version-history":[{"count":2,"href":"https:\/\/skinstudio.ee\/lt\/wp-json\/wp\/v2\/product\/75679\/revisions"}],"predecessor-version":[{"id":80076,"href":"https:\/\/skinstudio.ee\/lt\/wp-json\/wp\/v2\/product\/75679\/revisions\/80076"}],"wp:featuredmedia":[{"embeddable":true,"href":"https:\/\/skinstudio.ee\/lt\/wp-json\/wp\/v2\/media\/75671"}],"wp:attachment":[{"href":"https:\/\/skinstudio.ee\/lt\/wp-json\/wp\/v2\/media?parent=75679"}],"wp:term":[{"taxonomy":"pwb-brand","embeddable":true,"href":"https:\/\/skinstudio.ee\/lt\/wp-json\/wp\/v2\/pwb-brand?post=75679"},{"taxonomy":"product_brand","embeddable":true,"href":"https:\/\/skinstudio.ee\/lt\/wp-json\/wp\/v2\/product_brand?post=75679"},{"taxonomy":"product_cat","embeddable":true,"href":"https:\/\/skinstudio.ee\/lt\/wp-json\/wp\/v2\/product_cat?post=75679"},{"taxonomy":"product_tag","embeddable":true,"href":"https:\/\/skinstudio.ee\/lt\/wp-json\/wp\/v2\/product_tag?post=75679"},{"taxonomy":"giftcard-category","embeddable":true,"href":"https:\/\/skinstudio.ee\/lt\/wp-json\/wp\/v2\/giftcard-category?post=75679"}],"curies":[{"name":"wp","href":"https:\/\/api.w.org\/{rel}","templated":true}]}}