{"id":75707,"date":"2023-07-26T15:14:55","date_gmt":"2023-07-26T15:14:55","guid":{"rendered":"https:\/\/skinstudio.ee\/?post_type=product&#038;p=75707"},"modified":"2026-01-28T14:16:00","modified_gmt":"2026-01-28T14:16:00","slug":"empty-compact","status":"publish","type":"product","link":"https:\/\/skinstudio.ee\/lt\/catalog\/jane-iredale\/empty-compact\/","title":{"rendered":"Empty Compact"},"content":{"rendered":"<p data-start=\"1619\" data-end=\"1884\"><strong data-start=\"1619\" data-end=\"1653\">Empty Compact nuo Jane Iredale<\/strong> yra stilingas ir patvarus d\u0117klas, skirtas saugiai laikyti ir patogiai naudoti j\u016bs\u0173 m\u0117gstamas presuotas veido makia\u017eo priemones. Eleganti\u0161kas, minimalistinis dizainas paver\u010dia j\u012f ne tik prakti\u0161ku, bet ir gra\u017eiu kasdieniu aksesuaru.<\/p>\n<p data-start=\"1886\" data-end=\"2160\">Tvirtas aliuminio korpusas sukurtas ilgaam\u017ei\u0161kam naudojimui ir patikimai apsaugo produktus nuo pa\u017eeidim\u0173. Magnetinis u\u017esegimas saugiai laiko d\u0117kl\u0105 u\u017edaryt\u0105, o integruotas veidrodis leid\u017eia greitai ir patogiai pataisyti makia\u017e\u0105 bet kuriuo metu &#8211; namuose, darbe ar keliaujant.<\/p>\n<p data-start=\"2162\" data-end=\"2390\">Empty Compact sukurtas pakartotiniam naudojimui ir leid\u017eia lengvai keisti papildymus. D\u0117klas suderinamas su PurePressed Base, PureMatte presuota pudra ir Beyond Matte HD pudra, tod\u0117l tai yra universalus ir prakti\u0161kas sprendimas.<\/p>\n","protected":false},"excerpt":{"rendered":"<p data-start=\"2582\" data-end=\"2610\">D\u0117klas presuotoms priemon\u0117ms<\/p>\n<h2 data-start=\"2612\" data-end=\"2652\"><strong data-start=\"2612\" data-end=\"2652\">Jane Iredale &#8211; Empty Compact Savyb\u0117s<\/strong><\/h2>\n<p data-start=\"2654\" data-end=\"2929\">\u2714\ufe0f Patikimai apsaugo presuotas priemones nuo pa\u017eeidim\u0173<br data-start=\"2708\" data-end=\"2711\" \/>\u2714\ufe0f Tvirtas aliuminio korpusas su magnetiniu u\u017esegimu<br data-start=\"2763\" data-end=\"2766\" \/>\u2714\ufe0f Integruotas veidrodis patogiems makia\u017eo pataisymams<br data-start=\"2820\" data-end=\"2823\" \/>\u2714\ufe0f Skirtas pakartotiniam naudojimui su papildymais<br data-start=\"2873\" data-end=\"2876\" \/>\u2714\ufe0f Puikiai tinka kelion\u0117ms ir kasdieniam naudojimui<\/p>\n","protected":false},"featured_media":65672,"template":"","meta":[],"pwb-brand":[1248],"product_brand":[],"product_cat":[771],"product_tag":[],"giftcard-category":[],"class_list":{"0":"post-75707","1":"product","2":"type-product","3":"status-publish","4":"has-post-thumbnail","6":"pwb-brand-jane-iredale","7":"product_cat-makiazas","9":"first","10":"instock","11":"taxable","12":"shipping-taxable","13":"purchasable","14":"product-type-simple"},"acf":[],"brands":[{"id":1248,"name":"Jane Iredale","slug":"jane-iredale"}],"_links":{"self":[{"href":"https:\/\/skinstudio.ee\/lt\/wp-json\/wp\/v2\/product\/75707","targetHints":{"allow":["GET"]}}],"collection":[{"href":"https:\/\/skinstudio.ee\/lt\/wp-json\/wp\/v2\/product"}],"about":[{"href":"https:\/\/skinstudio.ee\/lt\/wp-json\/wp\/v2\/types\/product"}],"version-history":[{"count":1,"href":"https:\/\/skinstudio.ee\/lt\/wp-json\/wp\/v2\/product\/75707\/revisions"}],"predecessor-version":[{"id":75709,"href":"https:\/\/skinstudio.ee\/lt\/wp-json\/wp\/v2\/product\/75707\/revisions\/75709"}],"wp:featuredmedia":[{"embeddable":true,"href":"https:\/\/skinstudio.ee\/lt\/wp-json\/wp\/v2\/media\/65672"}],"wp:attachment":[{"href":"https:\/\/skinstudio.ee\/lt\/wp-json\/wp\/v2\/media?parent=75707"}],"wp:term":[{"taxonomy":"pwb-brand","embeddable":true,"href":"https:\/\/skinstudio.ee\/lt\/wp-json\/wp\/v2\/pwb-brand?post=75707"},{"taxonomy":"product_brand","embeddable":true,"href":"https:\/\/skinstudio.ee\/lt\/wp-json\/wp\/v2\/product_brand?post=75707"},{"taxonomy":"product_cat","embeddable":true,"href":"https:\/\/skinstudio.ee\/lt\/wp-json\/wp\/v2\/product_cat?post=75707"},{"taxonomy":"product_tag","embeddable":true,"href":"https:\/\/skinstudio.ee\/lt\/wp-json\/wp\/v2\/product_tag?post=75707"},{"taxonomy":"giftcard-category","embeddable":true,"href":"https:\/\/skinstudio.ee\/lt\/wp-json\/wp\/v2\/giftcard-category?post=75707"}],"curies":[{"name":"wp","href":"https:\/\/api.w.org\/{rel}","templated":true}]}}