{"id":75719,"date":"2023-05-24T17:57:38","date_gmt":"2023-05-24T17:57:38","guid":{"rendered":"https:\/\/skinstudio.ee\/?post_type=product&#038;p=75719"},"modified":"2026-01-28T14:16:00","modified_gmt":"2026-01-28T14:16:00","slug":"just-kissed-lip-cheek-stain","status":"publish","type":"product","link":"https:\/\/skinstudio.ee\/lt\/catalog\/jane-iredale\/just-kissed-lip-cheek-stain\/","title":{"rendered":"Just Kissed\u00ae Lip &amp; Cheek Stain"},"content":{"rendered":"<div class=\"product-details-usage product-view-details__toggle\" data-v-20d61a44=\"\" data-v-50b01f9e=\"\">\n<div class=\"product-details-usage__wrapper\" data-v-20d61a44=\"\">\n<div class=\"expand-toggle\" data-v-660f3bbf=\"\" data-v-20d61a44=\"\">\n<div class=\"expand-toggle__body\" data-v-660f3bbf=\"\">\n<p data-start=\"2532\" data-end=\"2843\"><strong data-start=\"2532\" data-end=\"2582\">Just Kissed\u00ae Lip &amp; Cheek Stain nuo Jane Iredale<\/strong> yra daugiafunkc\u0117 priemon\u0117 l\u016bpoms ir skruostams, kuri prisitaiko prie individualaus odos tono ir sukuria unikal\u0173, nat\u016bral\u0173 ro\u017ein\u012f atspalv\u012f su gra\u017eiu gilumu. Formul\u0117 reaguoja \u012f odos \u0161ilum\u0105, tod\u0117l spalva kiekvienam atrodo \u0161iek tiek skirtingai ir labai nat\u016braliai.<\/p>\n<p data-start=\"2845\" data-end=\"3024\">Produktas lengvai pasiskirsto, nesausina odos ir suteikia ilgalaik\u012f, ta\u010diau gaiv\u0173 ir komforti\u0161k\u0105 rezultat\u0105. Tekst\u016bra maloni, nelipni ir puikiai tinka tiek l\u016bpoms, tiek skruostams.<\/p>\n<p data-start=\"3026\" data-end=\"3263\">Sud\u0117tyje yra maitinan\u010di\u0173 aliej\u0173 ir augalini\u0173 ekstrakt\u0173, kurie padeda i\u0161laikyti od\u0105 mink\u0161t\u0105 ir sudr\u0117kint\u0105. Alyvuogi\u0173 ir avokad\u0173 aliejai maitina od\u0105, suteikdami l\u016bpoms lengvo nat\u016bralaus blizgesio, o skruostams &#8211; \u0161velnaus, sveiko \u0161vyt\u0117jimo.<\/p>\n<p data-start=\"3265\" data-end=\"3307\"><strong data-start=\"3265\" data-end=\"3307\">Pagrindini\u0173 sudedam\u0173j\u0173 dali\u0173 poveikis:<\/strong><\/p>\n<ul data-start=\"3309\" data-end=\"3606\">\n<li data-start=\"3309\" data-end=\"3397\">\n<p data-start=\"3311\" data-end=\"3397\"><strong data-start=\"3311\" data-end=\"3343\">Alyvuogi\u0173 ir avokad\u0173 aliejai<\/strong> &#8211; maitina ir mink\u0161tina od\u0105, padeda i\u0161vengti sausumo<\/p>\n<\/li>\n<li data-start=\"3398\" data-end=\"3488\">\n<p data-start=\"3400\" data-end=\"3488\"><strong data-start=\"3400\" data-end=\"3438\">Simondsij\u0173 aliejus ir bi\u010di\u0173 va\u0161kas<\/strong> &#8211; padeda palaikyti komfort\u0105 ir odos elastingum\u0105<\/p>\n<\/li>\n<li data-start=\"3489\" data-end=\"3606\">\n<p data-start=\"3491\" data-end=\"3606\"><strong data-start=\"3491\" data-end=\"3550\">Augaliniai ekstraktai (granatai, uogos, baltoji arbata)<\/strong> &#8211; padeda palaikyti gaivi\u0105 ir pri\u017ei\u016br\u0117t\u0105 odos i\u0161vaizd\u0105<\/p>\n<\/li>\n<\/ul>\n<p data-start=\"3608\" data-end=\"3622\"><strong data-start=\"3608\" data-end=\"3618\">T\u016bris:<\/strong> 3 g<\/p>\n<\/div>\n<\/div>\n<\/div>\n<\/div>\n","protected":false},"excerpt":{"rendered":"<p data-start=\"3750\" data-end=\"3805\">Daugiafunkc\u0117 tonizuojanti priemon\u0117 l\u016bpoms ir skruostams<\/p>\n<h2 data-start=\"3807\" data-end=\"3863\"><strong data-start=\"3807\" data-end=\"3863\">Jane Iredale &#8211; Just Kissed\u00ae Lip &amp; Cheek Stain Savyb\u0117s<\/strong><\/h2>\n<p data-start=\"3865\" data-end=\"4084\">\u2714\ufe0f Prisitaiko prie individualaus odos tono<br data-start=\"3907\" data-end=\"3910\" \/>\u2714\ufe0f Suteikia nat\u016bral\u0173 ro\u017ein\u012f atspalv\u012f su gilumu<br data-start=\"3956\" data-end=\"3959\" \/>\u2714\ufe0f Nesausina odos ir yra komforti\u0161ka<br data-start=\"3995\" data-end=\"3998\" \/>\u2714\ufe0f Tinka tiek l\u016bpoms, tiek skruostams<br data-start=\"4035\" data-end=\"4038\" \/>\u2714\ufe0f Suteikia lengv\u0105 \u0161vyt\u0117jim\u0105 ir gaiv\u0173 vaizd\u0105<\/p>\n","protected":false},"featured_media":65677,"template":"","meta":[],"pwb-brand":[1248],"product_brand":[],"product_cat":[760,771],"product_tag":[],"giftcard-category":[],"class_list":{"0":"post-75719","1":"product","2":"type-product","3":"status-publish","4":"has-post-thumbnail","6":"pwb-brand-jane-iredale","7":"product_cat-lupu-prieziura","8":"product_cat-makiazas","9":"pa_suurus-05-forever-pink-lt","11":"first","12":"instock","13":"taxable","14":"shipping-taxable","15":"purchasable","16":"product-type-variable"},"acf":[],"brands":[{"id":1248,"name":"Jane Iredale","slug":"jane-iredale"}],"_links":{"self":[{"href":"https:\/\/skinstudio.ee\/lt\/wp-json\/wp\/v2\/product\/75719","targetHints":{"allow":["GET"]}}],"collection":[{"href":"https:\/\/skinstudio.ee\/lt\/wp-json\/wp\/v2\/product"}],"about":[{"href":"https:\/\/skinstudio.ee\/lt\/wp-json\/wp\/v2\/types\/product"}],"version-history":[{"count":1,"href":"https:\/\/skinstudio.ee\/lt\/wp-json\/wp\/v2\/product\/75719\/revisions"}],"predecessor-version":[{"id":75723,"href":"https:\/\/skinstudio.ee\/lt\/wp-json\/wp\/v2\/product\/75719\/revisions\/75723"}],"wp:featuredmedia":[{"embeddable":true,"href":"https:\/\/skinstudio.ee\/lt\/wp-json\/wp\/v2\/media\/65677"}],"wp:attachment":[{"href":"https:\/\/skinstudio.ee\/lt\/wp-json\/wp\/v2\/media?parent=75719"}],"wp:term":[{"taxonomy":"pwb-brand","embeddable":true,"href":"https:\/\/skinstudio.ee\/lt\/wp-json\/wp\/v2\/pwb-brand?post=75719"},{"taxonomy":"product_brand","embeddable":true,"href":"https:\/\/skinstudio.ee\/lt\/wp-json\/wp\/v2\/product_brand?post=75719"},{"taxonomy":"product_cat","embeddable":true,"href":"https:\/\/skinstudio.ee\/lt\/wp-json\/wp\/v2\/product_cat?post=75719"},{"taxonomy":"product_tag","embeddable":true,"href":"https:\/\/skinstudio.ee\/lt\/wp-json\/wp\/v2\/product_tag?post=75719"},{"taxonomy":"giftcard-category","embeddable":true,"href":"https:\/\/skinstudio.ee\/lt\/wp-json\/wp\/v2\/giftcard-category?post=75719"}],"curies":[{"name":"wp","href":"https:\/\/api.w.org\/{rel}","templated":true}]}}