{"id":75731,"date":"2023-05-24T17:57:30","date_gmt":"2023-05-24T17:57:30","guid":{"rendered":"https:\/\/skinstudio.ee\/?post_type=product&#038;p=75731"},"modified":"2026-01-28T14:16:00","modified_gmt":"2026-01-28T14:16:00","slug":"rose-gold-retractable-handi-brush","status":"publish","type":"product","link":"https:\/\/skinstudio.ee\/lt\/catalog\/jane-iredale\/rose-gold-retractable-handi-brush\/","title":{"rendered":"Rose Gold Retractable Handi Brush"},"content":{"rendered":"<p data-start=\"1399\" data-end=\"1655\"><strong data-start=\"1399\" data-end=\"1453\">Rose Gold Retractable Handi Brush nuo Jane Iredale<\/strong> yra patogus ir kompakti\u0161kas \u0161epet\u0117lis su ilgais sintetiniais \u0161ereliais, skirtas kompaktin\u0117s pudros ir kit\u0173 presuot\u0173 tekst\u016br\u0173 naudojimui. Jis padeda pasiekti tolyg\u0173 ir lyg\u0173 rezultat\u0105 be dry\u017ei\u0173 ar d\u0117mi\u0173.<\/p>\n<p data-start=\"1657\" data-end=\"1847\">Itin mink\u0161ti \u0161ereliai yra \u0161veln\u016bs odai ir leid\u017eia tolygiai paskirstyti produkt\u0105 per veid\u0105. Gerai subalansuota forma leid\u017eia lengvai kontroliuoti padengim\u0105 \u2013 tiek lengv\u0105, tiek sluoksniuojam\u0105.<\/p>\n<p data-start=\"1849\" data-end=\"2059\">I\u0161traukiamas mechanizmas daro \u0161\u012f \u0161epet\u0117l\u012f ypa\u010d prakti\u0161k\u0105 ne\u0161iotis rankin\u0117je ar kosmetin\u0117je, nes \u0161ereliai yra apsaugoti nuo ne\u0161varum\u0173 ir deformacijos. Tai idealus \u012frankis tiek naudojimui namuose, tiek kelion\u0117se.<\/p>\n","protected":false},"excerpt":{"rendered":"<div class=\"expand-toggle__head\" data-v-42d44b3b=\"\">\n<p data-start=\"2184\" data-end=\"2212\">\u0160epet\u0117lis kompaktinei pudrai<\/p>\n<h2 data-start=\"2214\" data-end=\"2274\"><strong data-start=\"2214\" data-end=\"2274\">Jane Iredale &#8211; Rose Gold Retractable Handi Brush Savyb\u0117s<\/strong><\/h2>\n<p data-start=\"2276\" data-end=\"2519\">\u2714\ufe0f U\u017etikrina tolyg\u0173 ir lyg\u0173 pudros padengim\u0105<br data-start=\"2320\" data-end=\"2323\" \/>\u2714\ufe0f Itin mink\u0161ti sintetiniai \u0161ereliai, \u0161veln\u016bs odai<br data-start=\"2373\" data-end=\"2376\" \/>\u2714\ufe0f Tinka kompaktin\u0117ms ir presuotoms tekst\u016broms<br data-start=\"2422\" data-end=\"2425\" \/>\u2714\ufe0f I\u0161traukiamas dizainas apsaugo \u0161erelius<br data-start=\"2466\" data-end=\"2469\" \/>\u2714\ufe0f Puikiai tinka naudojimui namuose ir kelion\u0117se<\/p>\n<\/div>\n","protected":false},"featured_media":65707,"template":"","meta":[],"pwb-brand":[1248],"product_brand":[],"product_cat":[771],"product_tag":[],"giftcard-category":[],"class_list":{"0":"post-75731","1":"product","2":"type-product","3":"status-publish","4":"has-post-thumbnail","6":"pwb-brand-jane-iredale","7":"product_cat-makiazas","9":"first","10":"instock","11":"taxable","12":"shipping-taxable","13":"purchasable","14":"product-type-simple"},"acf":[],"brands":[{"id":1248,"name":"Jane Iredale","slug":"jane-iredale"}],"_links":{"self":[{"href":"https:\/\/skinstudio.ee\/lt\/wp-json\/wp\/v2\/product\/75731","targetHints":{"allow":["GET"]}}],"collection":[{"href":"https:\/\/skinstudio.ee\/lt\/wp-json\/wp\/v2\/product"}],"about":[{"href":"https:\/\/skinstudio.ee\/lt\/wp-json\/wp\/v2\/types\/product"}],"version-history":[{"count":1,"href":"https:\/\/skinstudio.ee\/lt\/wp-json\/wp\/v2\/product\/75731\/revisions"}],"predecessor-version":[{"id":75734,"href":"https:\/\/skinstudio.ee\/lt\/wp-json\/wp\/v2\/product\/75731\/revisions\/75734"}],"wp:featuredmedia":[{"embeddable":true,"href":"https:\/\/skinstudio.ee\/lt\/wp-json\/wp\/v2\/media\/65707"}],"wp:attachment":[{"href":"https:\/\/skinstudio.ee\/lt\/wp-json\/wp\/v2\/media?parent=75731"}],"wp:term":[{"taxonomy":"pwb-brand","embeddable":true,"href":"https:\/\/skinstudio.ee\/lt\/wp-json\/wp\/v2\/pwb-brand?post=75731"},{"taxonomy":"product_brand","embeddable":true,"href":"https:\/\/skinstudio.ee\/lt\/wp-json\/wp\/v2\/product_brand?post=75731"},{"taxonomy":"product_cat","embeddable":true,"href":"https:\/\/skinstudio.ee\/lt\/wp-json\/wp\/v2\/product_cat?post=75731"},{"taxonomy":"product_tag","embeddable":true,"href":"https:\/\/skinstudio.ee\/lt\/wp-json\/wp\/v2\/product_tag?post=75731"},{"taxonomy":"giftcard-category","embeddable":true,"href":"https:\/\/skinstudio.ee\/lt\/wp-json\/wp\/v2\/giftcard-category?post=75731"}],"curies":[{"name":"wp","href":"https:\/\/api.w.org\/{rel}","templated":true}]}}