{"id":75746,"date":"2023-05-24T17:57:30","date_gmt":"2023-05-24T17:57:30","guid":{"rendered":"https:\/\/skinstudio.ee\/?post_type=product&#038;p=75746"},"modified":"2026-01-28T14:16:00","modified_gmt":"2026-01-28T14:16:00","slug":"powder-me-spf-refillable-brush","status":"publish","type":"product","link":"https:\/\/skinstudio.ee\/lt\/catalog\/jane-iredale\/powder-me-spf-refillable-brush\/","title":{"rendered":"Powder-Me SPF Refillable Brush"},"content":{"rendered":"<p data-start=\"2307\" data-end=\"2589\"><strong data-start=\"2307\" data-end=\"2358\">Powder-Me SPF Refillable Brush nuo Jane Iredale<\/strong> yra itin lengva mineralin\u0117 apsaugin\u0117 pudra nuo saul\u0117s \u0161epet\u0117lio formatu, skirta veido, k\u016bno ir galvos odos apsaugai nuo UV spinduliuot\u0117s. Lengva tekst\u016bra tolygiai pasiskirsto ant odos, neapsunkina jos ir nesukuria sunkumo poj\u016b\u010dio.<\/p>\n<p data-start=\"2591\" data-end=\"2814\">Produkt\u0105 galima naudoti tiek ant \u0161varios odos, tiek ant makia\u017eo visos dienos metu, kad b\u016bt\u0173 patogu atnaujinti apsaug\u0105 nuo saul\u0117s. \u0160epet\u0117lio formatas leid\u017eia greitai, \u0161variai ir patogiai tepti &#8211; tiek namuose, tiek kelion\u0117se.<\/p>\n<p data-start=\"2816\" data-end=\"2999\">Mineralin\u0117 formul\u0117 tinka vis\u0173 tip\u0173 odai, \u012fskaitant jautri\u0105 ir \u012f akn\u0119 linkusi\u0105 od\u0105. Pudra nekem\u0161a por\u0173, nei\u0161ry\u0161kina odos tekst\u016bros ir padeda i\u0161laikyti gaiv\u0173 bei pri\u017ei\u016br\u0117t\u0105 odos vaizd\u0105.<\/p>\n<p data-start=\"3001\" data-end=\"3043\"><strong data-start=\"3001\" data-end=\"3043\">Pagrindini\u0173 sudedam\u0173j\u0173 dali\u0173 poveikis:<\/strong><\/p>\n<ul data-start=\"3045\" data-end=\"3340\">\n<li data-start=\"3045\" data-end=\"3154\">\n<p data-start=\"3047\" data-end=\"3154\"><strong data-start=\"3047\" data-end=\"3087\">Mica, Montmorillonite, Boron Nitride<\/strong> &#8211; suteikia lengv\u0105 poj\u016bt\u012f ir padeda tolygiai paskirstyti produkt\u0105<\/p>\n<\/li>\n<li data-start=\"3155\" data-end=\"3246\">\n<p data-start=\"3157\" data-end=\"3246\"><strong data-start=\"3157\" data-end=\"3197\">Granat\u0173 ekstraktas (Punica Granatum)<\/strong> &#8211; padeda palaikyti odos antioksidacin\u0119 apsaug\u0105<\/p>\n<\/li>\n<li data-start=\"3247\" data-end=\"3340\">\n<p data-start=\"3249\" data-end=\"3340\"><strong data-start=\"3249\" data-end=\"3293\">Pu\u0161ies \u017eiev\u0117s ekstraktas (Pinus Strobus)<\/strong> &#8211; padeda apsaugoti od\u0105 nuo aplinkos poveikio<\/p>\n<\/li>\n<\/ul>\n<p data-start=\"3342\" data-end=\"3356\"><strong data-start=\"3342\" data-end=\"3352\">T\u016bris:<\/strong> 5 g<\/p>\n","protected":false},"excerpt":{"rendered":"<p data-start=\"3598\" data-end=\"3665\">Itin lengva apsaugin\u0117 pudra nuo saul\u0117s veidui, k\u016bnui ir galvos odai<\/p>\n<h2 data-start=\"3667\" data-end=\"3724\"><strong data-start=\"3667\" data-end=\"3724\">Jane Iredale &#8211; Powder-Me SPF Refillable Brush Savyb\u0117s<\/strong><\/h2>\n<p data-start=\"3726\" data-end=\"4016\">\u2714\ufe0f Suteikia plataus spektro SPF 30 apsaug\u0105 (UVA \/ UVB)<br data-start=\"3780\" data-end=\"3783\" \/>\u2714\ufe0f Atspari vandeniui iki 40 minu\u010di\u0173<br data-start=\"3818\" data-end=\"3821\" \/>\u2714\ufe0f Tinka vis\u0173 tip\u0173 odai<br data-start=\"3886\" data-end=\"3889\" \/>\u2714\ufe0f Patogus \u0161epet\u0117lio formatas apsaugos atnaujinimui dienos metu<br data-start=\"3952\" data-end=\"3955\" \/>\u2714\ufe0f Komplekte 2 papildomi, pakartotinai pildomi konteineriai<\/p>\n","protected":false},"featured_media":65697,"template":"","meta":[],"pwb-brand":[1248],"product_brand":[],"product_cat":[771,732],"product_tag":[],"giftcard-category":[],"class_list":{"0":"post-75746","1":"product","2":"type-product","3":"status-publish","4":"has-post-thumbnail","6":"pwb-brand-jane-iredale","7":"product_cat-makiazas","8":"product_cat-spf-apsauga","9":"pa_suurus-03-tanned-lt","10":"pa_suurus-04-translucent-lt","11":"pa_suurus-07-golden-lt","12":"pa_suurus-09-nude-lt","14":"first","15":"instock","16":"sale","17":"taxable","18":"shipping-taxable","19":"purchasable","20":"product-type-variable"},"acf":[],"brands":[{"id":1248,"name":"Jane Iredale","slug":"jane-iredale"}],"_links":{"self":[{"href":"https:\/\/skinstudio.ee\/lt\/wp-json\/wp\/v2\/product\/75746","targetHints":{"allow":["GET"]}}],"collection":[{"href":"https:\/\/skinstudio.ee\/lt\/wp-json\/wp\/v2\/product"}],"about":[{"href":"https:\/\/skinstudio.ee\/lt\/wp-json\/wp\/v2\/types\/product"}],"version-history":[{"count":1,"href":"https:\/\/skinstudio.ee\/lt\/wp-json\/wp\/v2\/product\/75746\/revisions"}],"predecessor-version":[{"id":75753,"href":"https:\/\/skinstudio.ee\/lt\/wp-json\/wp\/v2\/product\/75746\/revisions\/75753"}],"wp:featuredmedia":[{"embeddable":true,"href":"https:\/\/skinstudio.ee\/lt\/wp-json\/wp\/v2\/media\/65697"}],"wp:attachment":[{"href":"https:\/\/skinstudio.ee\/lt\/wp-json\/wp\/v2\/media?parent=75746"}],"wp:term":[{"taxonomy":"pwb-brand","embeddable":true,"href":"https:\/\/skinstudio.ee\/lt\/wp-json\/wp\/v2\/pwb-brand?post=75746"},{"taxonomy":"product_brand","embeddable":true,"href":"https:\/\/skinstudio.ee\/lt\/wp-json\/wp\/v2\/product_brand?post=75746"},{"taxonomy":"product_cat","embeddable":true,"href":"https:\/\/skinstudio.ee\/lt\/wp-json\/wp\/v2\/product_cat?post=75746"},{"taxonomy":"product_tag","embeddable":true,"href":"https:\/\/skinstudio.ee\/lt\/wp-json\/wp\/v2\/product_tag?post=75746"},{"taxonomy":"giftcard-category","embeddable":true,"href":"https:\/\/skinstudio.ee\/lt\/wp-json\/wp\/v2\/giftcard-category?post=75746"}],"curies":[{"name":"wp","href":"https:\/\/api.w.org\/{rel}","templated":true}]}}