{"id":75768,"date":"2023-05-24T17:57:19","date_gmt":"2023-05-24T17:57:19","guid":{"rendered":"https:\/\/skinstudio.ee\/?post_type=product&#038;p=75768"},"modified":"2026-01-28T14:16:00","modified_gmt":"2026-01-28T14:16:00","slug":"purepressed-base-mineral-foundation-refill","status":"publish","type":"product","link":"https:\/\/skinstudio.ee\/lt\/catalog\/jane-iredale\/purepressed-base-mineral-foundation-refill\/","title":{"rendered":"PurePressed\u00ae Base Mineral Foundation Refill"},"content":{"rendered":"<p data-start=\"2205\" data-end=\"2535\"><strong data-start=\"2205\" data-end=\"2269\">PurePressed\u00ae Base Mineral Foundation Refill nuo Jane Iredale<\/strong> yra presuota mineralin\u0117 makia\u017eo pagrindo pudra su pusiau matiniu fini\u0161u, kuri ant odos atrodo taip pat nat\u016braliai kaip tavo oda &#8211; tik dar geriau. Mikronizuot\u0173 mineral\u0173 pagrindu sukurta formul\u0117 suteikia tolyg\u0173, lyg\u0173 padengim\u0105 ir yra atspari vandeniui iki 40 minu\u010di\u0173.<\/p>\n<p data-start=\"2537\" data-end=\"2796\">Produktas apjungia tris funkcijas viename &#8211; makia\u017eo pagrind\u0105, pudr\u0105 ir maskuokl\u012f &#8211; kartu suteikdamas plataus spektro apsaug\u0105 nuo saul\u0117s SPF 20 (UVA \/ UVB). Padengim\u0105 galima sluoksniuoti nuo vidutinio iki pilno, neapsunkinant odos ir nesukuriant kauk\u0117s efekto.<\/p>\n<p data-start=\"2798\" data-end=\"3046\">Kremin\u0117-pudrin\u0117 tekst\u016bra lengvai pasiskirsto ir i\u0161sisklaido, sukurdama ant odos \u0161veln\u0173 \u201efiltr\u0173 efekt\u0105\u201c. Pagrindas nesausina odos, nei\u0161ry\u0161kina smulki\u0173 linij\u0173 ir nesikaupia porose. Mikronizuoti mineralai pasiskirsto tolygiai ir leid\u017eia odai kv\u0117puoti.<\/p>\n<p data-start=\"3048\" data-end=\"3383\">Formul\u0117je yra antioksidant\u0173 turting\u0173 augalini\u0173 ekstrakt\u0173 ir j\u016brini\u0173 mineral\u0173, kurie padeda palaikyti odos komfort\u0105 ir pusiausvyr\u0105. Produktas neturi talko ir dirginan\u010di\u0173 u\u017epild\u0173, tinka vis\u0173 tip\u0173 odai, yra dermatologi\u0161kai patikrintas ir Skin Cancer Foundation rekomenduojamas kaip veiksminga plataus spektro apsaugos nuo saul\u0117s priemon\u0117.<\/p>\n<p data-start=\"3385\" data-end=\"3598\">Taip pat daug d\u0117mesio skiriama tvarumui: produktas yra saugus rifams, vegani\u0161kas, nebandytas su gyv\u016bnais ir sukurtas naudoti su daugkartinio naudojimo d\u0117klu bei papildymo sistema, siekiant suma\u017einti atliek\u0173 kiek\u012f.<\/p>\n<p data-start=\"3600\" data-end=\"3616\"><strong data-start=\"3600\" data-end=\"3610\">T\u016bris:<\/strong> 9,9 g<\/p>\n","protected":false},"excerpt":{"rendered":"<p data-start=\"3793\" data-end=\"3836\">Lengva daugiafunkc\u0117 mineralin\u0117 makia\u017eo baz\u0117<\/p>\n<h2 data-start=\"3838\" data-end=\"3915\"><strong data-start=\"3838\" data-end=\"3915\">Jane Iredale &#8211; PurePressed\u00ae Base Mineral Foundation Refill Savyb\u0117s<\/strong><\/h2>\n<p data-start=\"3917\" data-end=\"4162\">\u2714\ufe0f 3-in-1: makia\u017eo pagrindas, pudra ir maskuoklis<br data-start=\"3966\" data-end=\"3969\" \/>\u2714\ufe0f Pusiau matinis fini\u0161as ir vidutinis iki pilnas padengimas<br data-start=\"4029\" data-end=\"4032\" \/>\u2714\ufe0f Plataus spektro SPF 20 apsauga (UVA \/ UVB)<br data-start=\"4077\" data-end=\"4080\" \/>\u2714\ufe0f Nesausina odos ir nei\u0161ry\u0161kina tekst\u016bros<br data-start=\"4122\" data-end=\"4125\" \/>\u2714\ufe0f Atspari vandeniui iki 40 minu\u010di\u0173<\/p>\n","protected":false},"featured_media":65702,"template":"","meta":[],"pwb-brand":[1248],"product_brand":[],"product_cat":[771],"product_tag":[],"giftcard-category":[],"class_list":{"0":"post-75768","1":"product","2":"type-product","3":"status-publish","4":"has-post-thumbnail","6":"pwb-brand-jane-iredale","7":"product_cat-makiazas","8":"pa_suurus-03-warm-silk-lt","9":"pa_suurus-04-warm-sienna-lt","10":"pa_suurus-06-amber-lt","11":"pa_suurus-07-bisque-lt","12":"pa_suurus-11-latte-lt","13":"pa_suurus-18-golden-glow-lt","15":"first","16":"instock","17":"taxable","18":"shipping-taxable","19":"purchasable","20":"product-type-variable"},"acf":[],"brands":[{"id":1248,"name":"Jane Iredale","slug":"jane-iredale"}],"_links":{"self":[{"href":"https:\/\/skinstudio.ee\/lt\/wp-json\/wp\/v2\/product\/75768","targetHints":{"allow":["GET"]}}],"collection":[{"href":"https:\/\/skinstudio.ee\/lt\/wp-json\/wp\/v2\/product"}],"about":[{"href":"https:\/\/skinstudio.ee\/lt\/wp-json\/wp\/v2\/types\/product"}],"version-history":[{"count":1,"href":"https:\/\/skinstudio.ee\/lt\/wp-json\/wp\/v2\/product\/75768\/revisions"}],"predecessor-version":[{"id":75777,"href":"https:\/\/skinstudio.ee\/lt\/wp-json\/wp\/v2\/product\/75768\/revisions\/75777"}],"wp:featuredmedia":[{"embeddable":true,"href":"https:\/\/skinstudio.ee\/lt\/wp-json\/wp\/v2\/media\/65702"}],"wp:attachment":[{"href":"https:\/\/skinstudio.ee\/lt\/wp-json\/wp\/v2\/media?parent=75768"}],"wp:term":[{"taxonomy":"pwb-brand","embeddable":true,"href":"https:\/\/skinstudio.ee\/lt\/wp-json\/wp\/v2\/pwb-brand?post=75768"},{"taxonomy":"product_brand","embeddable":true,"href":"https:\/\/skinstudio.ee\/lt\/wp-json\/wp\/v2\/product_brand?post=75768"},{"taxonomy":"product_cat","embeddable":true,"href":"https:\/\/skinstudio.ee\/lt\/wp-json\/wp\/v2\/product_cat?post=75768"},{"taxonomy":"product_tag","embeddable":true,"href":"https:\/\/skinstudio.ee\/lt\/wp-json\/wp\/v2\/product_tag?post=75768"},{"taxonomy":"giftcard-category","embeddable":true,"href":"https:\/\/skinstudio.ee\/lt\/wp-json\/wp\/v2\/giftcard-category?post=75768"}],"curies":[{"name":"wp","href":"https:\/\/api.w.org\/{rel}","templated":true}]}}