{"id":75924,"date":"2026-01-22T09:42:37","date_gmt":"2026-01-22T09:42:37","guid":{"rendered":"https:\/\/skinstudio.ee\/?post_type=product&#038;p=75924"},"modified":"2026-01-22T09:47:16","modified_gmt":"2026-01-22T09:47:16","slug":"starter-skin-care-management-system","status":"publish","type":"product","link":"https:\/\/skinstudio.ee\/lt\/catalog\/marini-skinsolutions\/starter-skin-care-management-system\/","title":{"rendered":"Starter Skin Care Management System"},"content":{"rendered":"<p data-start=\"2345\" data-end=\"2727\">Starter Skin Care Management System nuo Marini SkinSolutions yra kelioninio formato rinkinys visapusi\u0161kai, nuosekliai odos prie\u017ei\u016bros rutinai, skirtas pagrindin\u0117ms estetin\u0117ms problemoms spr\u0119sti ir palaikyti sveikos, pri\u017ei\u016br\u0117tos odos i\u0161vaizd\u0105. Sistema apjungia penkis auk\u0161t\u0173j\u0173 technologij\u0173 produktus, kurie naudojami nuosekliai ir veikia sinergi\u0161kai, papildydami vienas kito poveik\u012f.<\/p>\n<p data-start=\"2729\" data-end=\"3070\">Rinkinys padeda valyti od\u0105, atnaujinti jos pavir\u0161i\u0173, palaikyti tolygesn\u012f ton\u0105 ir tekst\u016br\u0105, taip pat dienos metu apsaugoti od\u0105 nuo UF\/UV spinduliuot\u0117s. Formul\u0117s sukurtos taip, kad prie\u017ei\u016bra b\u016bt\u0173 veiksminga, bet kartu patogi reguliariam naudojimui. Sistema yra daugkartin\u0117 apdovanojim\u0173 laim\u0117toja ir sulaukusi daugyb\u0117s profesionali\u0173 \u012fvertinim\u0173.<\/p>\n<p data-start=\"3072\" data-end=\"3092\"><strong data-start=\"3072\" data-end=\"3092\">\u012e rinkin\u012f \u012feina:<\/strong><\/p>\n<ul data-start=\"3094\" data-end=\"3588\">\n<li data-start=\"3094\" data-end=\"3178\">\n<p data-start=\"3096\" data-end=\"3178\"><strong data-start=\"3096\" data-end=\"3118\">C-ESTA Face Serum:<\/strong> atkuriamasis serumas su vitaminu C ir DMAE vis\u0173 tip\u0173 odai<\/p>\n<\/li>\n<li data-start=\"3179\" data-end=\"3287\">\n<p data-start=\"3181\" data-end=\"3287\"><strong data-start=\"3181\" data-end=\"3201\">Bioclear Lotion:<\/strong> daugiafunkcis koreguojantis losjonas su r\u016bg\u0161\u010di\u0173 kompleksu normaliai ir mi\u0161riai odai<\/p>\n<\/li>\n<li data-start=\"3288\" data-end=\"3388\">\n<p data-start=\"3290\" data-end=\"3388\"><strong data-start=\"3290\" data-end=\"3320\">Transformation Face Cream:<\/strong> kremas, skirtas palaikyti odos strukt\u016br\u0173 atstatym\u0105 vis\u0173 tip\u0173 odai<\/p>\n<\/li>\n<li data-start=\"3389\" data-end=\"3508\">\n<p data-start=\"3391\" data-end=\"3508\"><strong data-start=\"3391\" data-end=\"3436\">Antioxidant Daily Face Protectant SPF 33:<\/strong> antioksidacinis apsauginis kremas nuo saul\u0117s su dr\u0117kinamuoju poveikiu<\/p>\n<\/li>\n<li data-start=\"3509\" data-end=\"3588\">\n<p data-start=\"3511\" data-end=\"3588\"><strong data-start=\"3511\" data-end=\"3541\">Bioglycolic Face Cleanser:<\/strong> valomoji priemon\u0117 glikolio r\u016bg\u0161ties pagrindu<\/p>\n<\/li>\n<\/ul>\n<p data-start=\"3590\" data-end=\"3779\">Rinkinys tinka odai su netolygia tekst\u016bra, papilk\u0117jusiu atspalviu ir matomais estetiniais netobulumais, taip pat tiems, kurie nori pilnos prie\u017ei\u016bros sistemos patogiame kelioniniame formate.<\/p>\n","protected":false},"excerpt":{"rendered":"<p data-start=\"4173\" data-end=\"4218\">Pilnas kelioninio formato prie\u017ei\u016bros rinkinys<\/p>\n<h2 data-start=\"4220\" data-end=\"4299\"><strong data-start=\"4220\" data-end=\"4299\">\u012e rinkin\u012f Marini SkinSolutions &#8211; Starter Skin Care Management System \u012feina:<\/strong><\/h2>\n<p data-start=\"4301\" data-end=\"4452\">\u2714\ufe0f Bioglycolic Face Cleanser<br data-start=\"4329\" data-end=\"4332\" \/>\u2714\ufe0f C-ESTA Face Serum<br data-start=\"4352\" data-end=\"4355\" \/>\u2714\ufe0f Bioclear Lotion<br data-start=\"4373\" data-end=\"4376\" \/>\u2714\ufe0f Transformation Face Cream<br data-start=\"4404\" data-end=\"4407\" \/>\u2714\ufe0f Antioxidant Daily Face Protectant SPF 33<\/p>\n","protected":false},"featured_media":75916,"template":"","meta":[],"pwb-brand":[1246],"product_brand":[],"product_cat":[765,756],"product_tag":[],"giftcard-category":[],"class_list":{"0":"post-75924","1":"product","2":"type-product","3":"status-publish","4":"has-post-thumbnail","6":"pwb-brand-marini-skinsolutions","7":"product_cat-dovanu-ideja","8":"product_cat-rinkinys","10":"first","11":"instock","12":"taxable","13":"shipping-taxable","14":"purchasable","15":"product-type-simple"},"acf":[],"brands":[{"id":1246,"name":"MARINI SKINSOLUTIONS","slug":"marini-skinsolutions"}],"_links":{"self":[{"href":"https:\/\/skinstudio.ee\/lt\/wp-json\/wp\/v2\/product\/75924","targetHints":{"allow":["GET"]}}],"collection":[{"href":"https:\/\/skinstudio.ee\/lt\/wp-json\/wp\/v2\/product"}],"about":[{"href":"https:\/\/skinstudio.ee\/lt\/wp-json\/wp\/v2\/types\/product"}],"version-history":[{"count":1,"href":"https:\/\/skinstudio.ee\/lt\/wp-json\/wp\/v2\/product\/75924\/revisions"}],"predecessor-version":[{"id":75925,"href":"https:\/\/skinstudio.ee\/lt\/wp-json\/wp\/v2\/product\/75924\/revisions\/75925"}],"wp:featuredmedia":[{"embeddable":true,"href":"https:\/\/skinstudio.ee\/lt\/wp-json\/wp\/v2\/media\/75916"}],"wp:attachment":[{"href":"https:\/\/skinstudio.ee\/lt\/wp-json\/wp\/v2\/media?parent=75924"}],"wp:term":[{"taxonomy":"pwb-brand","embeddable":true,"href":"https:\/\/skinstudio.ee\/lt\/wp-json\/wp\/v2\/pwb-brand?post=75924"},{"taxonomy":"product_brand","embeddable":true,"href":"https:\/\/skinstudio.ee\/lt\/wp-json\/wp\/v2\/product_brand?post=75924"},{"taxonomy":"product_cat","embeddable":true,"href":"https:\/\/skinstudio.ee\/lt\/wp-json\/wp\/v2\/product_cat?post=75924"},{"taxonomy":"product_tag","embeddable":true,"href":"https:\/\/skinstudio.ee\/lt\/wp-json\/wp\/v2\/product_tag?post=75924"},{"taxonomy":"giftcard-category","embeddable":true,"href":"https:\/\/skinstudio.ee\/lt\/wp-json\/wp\/v2\/giftcard-category?post=75924"}],"curies":[{"name":"wp","href":"https:\/\/api.w.org\/{rel}","templated":true}]}}