{"id":75995,"date":"2026-01-22T11:29:24","date_gmt":"2026-01-22T11:29:24","guid":{"rendered":"https:\/\/skinstudio.ee\/?post_type=product&#038;p=75995"},"modified":"2026-01-22T11:33:52","modified_gmt":"2026-01-22T11:33:52","slug":"skin-care-management-system-normal-combination-skin","status":"publish","type":"product","link":"https:\/\/skinstudio.ee\/lt\/catalog\/marini-skinsolutions\/skin-care-management-system-normal-combination-skin\/","title":{"rendered":"Skin Care Management System &#8211; Normal \/ Combination Skin"},"content":{"rendered":"<p data-start=\"2421\" data-end=\"2739\"><strong data-start=\"2421\" data-end=\"2477\">Skin Care Management System nuo Marini SkinSolutions<\/strong> yra visapusi\u0161ka odos prie\u017ei\u016bros sistema, skirta kasdienei nuosekliai prie\u017ei\u016brai ir padedanti palaikyti tolygesn\u0119, pri\u017ei\u016br\u0117t\u0105 ir sveikesn\u0119 odos i\u0161vaizd\u0105. Sistema sujungia kelias profesionalias priemones, kurios naudojamos paeiliui ir papildo viena kitos poveik\u012f.<\/p>\n<p data-start=\"2741\" data-end=\"2953\">Rinkinys padeda \u0161velniai nuvalyti od\u0105, palaikyti lygesn\u0119 tekst\u016br\u0105, pri\u017ei\u016br\u0117t\u0105 i\u0161vaizd\u0105 ir apsaugoti od\u0105 dienos metu. Formul\u0117s sukurtos taip, kad prie\u017ei\u016bra b\u016bt\u0173 veiksminga, bet kartu patogi reguliariam naudojimui.<\/p>\n<p data-start=\"2955\" data-end=\"2971\">\u012e rinkin\u012f \u012feina:<\/p>\n<ul data-start=\"2973\" data-end=\"3385\">\n<li data-start=\"2973\" data-end=\"3043\">\n<p data-start=\"2975\" data-end=\"3043\">C-ESTA Face Serum: serumas su vitaminu C kasdienei odos prie\u017ei\u016brai<\/p>\n<\/li>\n<li data-start=\"3044\" data-end=\"3119\">\n<p data-start=\"3046\" data-end=\"3119\">Bioglycolic Face Cleanser: glikolio r\u016bg\u0161ties pagrindu sukurtas valiklis<\/p>\n<\/li>\n<li data-start=\"3120\" data-end=\"3188\">\n<p data-start=\"3122\" data-end=\"3188\">Bioclear Facial Lotion: daugiafunkcinis losjonas odos prie\u017ei\u016brai<\/p>\n<\/li>\n<li data-start=\"3189\" data-end=\"3284\">\n<p data-start=\"3191\" data-end=\"3284\">Transformation Face Cream: kremas, padedantis palaikyti lygesn\u0119 ir pri\u017ei\u016br\u0117t\u0105 odos i\u0161vaizd\u0105<\/p>\n<\/li>\n<li data-start=\"3285\" data-end=\"3385\">\n<p data-start=\"3287\" data-end=\"3385\">Antioxidant Daily Face Protectant SPF 33: antioksidacinis apsauginis kremas nuo saul\u0117s su SPF 33<\/p>\n<\/li>\n<\/ul>\n<p data-start=\"3387\" data-end=\"3636\">Sistema tinka mi\u0161riai ir riebiai odai, taip pat odai, kuriai b\u016bdinga netolygi tekst\u016bra, papilk\u0117jusi spalva ir matomi netobulumai. Rinkinys padeda sukurti pilnavert\u0119 ir logi\u0161k\u0105 kasdien\u0117s odos prie\u017ei\u016bros rutin\u0105 be b\u016btinyb\u0117s rinktis priemones atskirai.<\/p>\n","protected":false},"excerpt":{"rendered":"<p data-start=\"3920\" data-end=\"3943\">Odos prie\u017ei\u016bros sistema<\/p>\n<h2 data-start=\"3945\" data-end=\"4016\"><strong data-start=\"3945\" data-end=\"4016\">\u012e rinkin\u012f Marini SkinSolutions &#8211; Skin Care Management System \u012feina:<\/strong><\/h2>\n<p data-start=\"4018\" data-end=\"4176\">\u2714\ufe0f Bioglycolic Face Cleanser<br data-start=\"4046\" data-end=\"4049\" \/>\u2714\ufe0f C-ESTA Face Serum<br data-start=\"4069\" data-end=\"4072\" \/>\u2714\ufe0f Bioclear Facial Lotion<br data-start=\"4097\" data-end=\"4100\" \/>\u2714\ufe0f Transformation Face Cream<br data-start=\"4128\" data-end=\"4131\" \/>\u2714\ufe0f Antioxidant Daily Face Protectant SPF 33<\/p>\n","protected":false},"featured_media":75986,"template":"","meta":[],"pwb-brand":[1246],"product_brand":[],"product_cat":[765,756],"product_tag":[],"giftcard-category":[],"class_list":{"0":"post-75995","1":"product","2":"type-product","3":"status-publish","4":"has-post-thumbnail","6":"pwb-brand-marini-skinsolutions","7":"product_cat-dovanu-ideja","8":"product_cat-rinkinys","10":"first","11":"instock","12":"taxable","13":"shipping-taxable","14":"purchasable","15":"product-type-simple"},"acf":[],"brands":[{"id":1246,"name":"MARINI SKINSOLUTIONS","slug":"marini-skinsolutions"}],"_links":{"self":[{"href":"https:\/\/skinstudio.ee\/lt\/wp-json\/wp\/v2\/product\/75995","targetHints":{"allow":["GET"]}}],"collection":[{"href":"https:\/\/skinstudio.ee\/lt\/wp-json\/wp\/v2\/product"}],"about":[{"href":"https:\/\/skinstudio.ee\/lt\/wp-json\/wp\/v2\/types\/product"}],"version-history":[{"count":1,"href":"https:\/\/skinstudio.ee\/lt\/wp-json\/wp\/v2\/product\/75995\/revisions"}],"predecessor-version":[{"id":75996,"href":"https:\/\/skinstudio.ee\/lt\/wp-json\/wp\/v2\/product\/75995\/revisions\/75996"}],"wp:featuredmedia":[{"embeddable":true,"href":"https:\/\/skinstudio.ee\/lt\/wp-json\/wp\/v2\/media\/75986"}],"wp:attachment":[{"href":"https:\/\/skinstudio.ee\/lt\/wp-json\/wp\/v2\/media?parent=75995"}],"wp:term":[{"taxonomy":"pwb-brand","embeddable":true,"href":"https:\/\/skinstudio.ee\/lt\/wp-json\/wp\/v2\/pwb-brand?post=75995"},{"taxonomy":"product_brand","embeddable":true,"href":"https:\/\/skinstudio.ee\/lt\/wp-json\/wp\/v2\/product_brand?post=75995"},{"taxonomy":"product_cat","embeddable":true,"href":"https:\/\/skinstudio.ee\/lt\/wp-json\/wp\/v2\/product_cat?post=75995"},{"taxonomy":"product_tag","embeddable":true,"href":"https:\/\/skinstudio.ee\/lt\/wp-json\/wp\/v2\/product_tag?post=75995"},{"taxonomy":"giftcard-category","embeddable":true,"href":"https:\/\/skinstudio.ee\/lt\/wp-json\/wp\/v2\/giftcard-category?post=75995"}],"curies":[{"name":"wp","href":"https:\/\/api.w.org\/{rel}","templated":true}]}}