{"id":76045,"date":"2026-01-22T12:24:46","date_gmt":"2026-01-22T12:24:46","guid":{"rendered":"https:\/\/skinstudio.ee\/?post_type=product&#038;p=76045"},"modified":"2026-01-22T12:30:37","modified_gmt":"2026-01-22T12:30:37","slug":"luminate-eye-gel","status":"publish","type":"product","link":"https:\/\/skinstudio.ee\/lt\/catalog\/marini-skinsolutions\/luminate-eye-gel\/","title":{"rendered":"Luminate Eye Gel"},"content":{"rendered":"<p data-start=\"3192\" data-end=\"3516\"><strong data-start=\"3192\" data-end=\"3237\">Luminate Eye Gel nuo Marini SkinSolutions<\/strong> \u2013 tai koncentruotas serumas paaki\u0173 sri\u010diai, skirtas pagerinti apatinio voko zonos i\u0161vaizd\u0105, suteikiant odai \u0161viesesn\u0119, lygesn\u0119 ir gaivesn\u0119 i\u0161vaizd\u0105. Formul\u0117 padeda pagerinti odos tono ir tekst\u016bros vizualin\u012f vaizd\u0105, suteikdama \u017evilgsniui labiau pails\u0117jusi\u0105 ir \u0161vytin\u010di\u0105 i\u0161rai\u0161k\u0105.<\/p>\n<p data-start=\"3518\" data-end=\"3648\">Reguliariai naudojant oda aplink akis atrodo \u0161viesesn\u0117, lygesn\u0117 ir labiau pri\u017ei\u016br\u0117ta, o nuovargio po\u017eymiai tampa ma\u017eiau pastebimi.<\/p>\n<p data-start=\"3650\" data-end=\"3692\"><strong data-start=\"3650\" data-end=\"3692\">Kaip veikia pagrindiniai ingredientai:<\/strong><\/p>\n<p data-start=\"3694\" data-end=\"4036\"><strong data-start=\"3694\" data-end=\"3719\">N-Hydroxysuccinimide:<\/strong> padeda pagerinti tamsi\u0173 ratil\u0173 po akimis i\u0161vaizd\u0105 ir palaikyti tolygesn\u012f odos atspalv\u012f.<br data-start=\"3807\" data-end=\"3810\" \/><strong data-start=\"3810\" data-end=\"3824\">Retinolis:<\/strong> padeda palaikyti odos atsinaujinim\u0105 ir gerinti odos tekst\u016bros glotnumo poj\u016bt\u012f.<br data-start=\"3903\" data-end=\"3906\" \/><strong data-start=\"3906\" data-end=\"3960\">Palmitoyl Tripeptide-1 &amp; Palmitoyl Tetrapeptide-7:<\/strong> padeda palaikyti lygesn\u0117s, stangresn\u0117s ir labiau pri\u017ei\u016br\u0117tos odos i\u0161vaizd\u0105.<\/p>\n<p data-start=\"4038\" data-end=\"4160\">Produktas tinka vis\u0173 tip\u0173 odai, ypa\u010d odai su tamsiais ratilais, netolygiu atspalviu ir nuovargio po\u017eymiais paaki\u0173 srityje.<\/p>\n<p data-start=\"4162\" data-end=\"4178\"><strong data-start=\"4162\" data-end=\"4172\">T\u016bris:<\/strong> 15 ml<\/p>\n","protected":false},"excerpt":{"rendered":"<p data-start=\"5331\" data-end=\"5364\">Paaki\u0173 srit\u012f \u0161viesinantis serumas<\/p>\n<h2 data-start=\"5366\" data-end=\"5417\"><strong data-start=\"5366\" data-end=\"5417\">Marini SkinSolutions &#8211; Luminate Eye Gel Savyb\u0117s<\/strong><\/h2>\n<p data-start=\"5419\" data-end=\"5675\">\u2714\ufe0f Padeda suma\u017einti tamsi\u0173 ratil\u0173 matomum\u0105<br data-start=\"5461\" data-end=\"5464\" \/>\u2714\ufe0f Palaiko \u0161viesesn\u012f ir tolygesn\u012f odos atspalv\u012f<br data-start=\"5511\" data-end=\"5514\" \/>\u2714\ufe0f Gerina odos glotnumo i\u0161vaizd\u0105<br data-start=\"5546\" data-end=\"5549\" \/>\u2714\ufe0f Suteikia \u017evilgsniui gaivesn\u0119 ir labiau pails\u0117jusi\u0105 i\u0161rai\u0161k\u0105<br data-start=\"5611\" data-end=\"5614\" \/>\u2714\ufe0f Padeda palaikyti pri\u017ei\u016br\u0117tos ir \u0161vytin\u010dios odos i\u0161vaizd\u0105<\/p>\n","protected":false},"featured_media":76037,"template":"","meta":[],"pwb-brand":[1246],"product_brand":[],"product_cat":[734,728],"product_tag":[],"giftcard-category":[],"class_list":{"0":"post-76045","1":"product","2":"type-product","3":"status-publish","4":"has-post-thumbnail","6":"pwb-brand-marini-skinsolutions","7":"product_cat-oda-aplink-akis","8":"product_cat-vitaminas-a-retinolis","10":"first","11":"outofstock","12":"taxable","13":"shipping-taxable","14":"purchasable","15":"product-type-simple"},"acf":[],"brands":[{"id":1246,"name":"Marini SkinSolutions","slug":"marini-skinsolutions"}],"_links":{"self":[{"href":"https:\/\/skinstudio.ee\/lt\/wp-json\/wp\/v2\/product\/76045","targetHints":{"allow":["GET"]}}],"collection":[{"href":"https:\/\/skinstudio.ee\/lt\/wp-json\/wp\/v2\/product"}],"about":[{"href":"https:\/\/skinstudio.ee\/lt\/wp-json\/wp\/v2\/types\/product"}],"version-history":[{"count":1,"href":"https:\/\/skinstudio.ee\/lt\/wp-json\/wp\/v2\/product\/76045\/revisions"}],"predecessor-version":[{"id":76046,"href":"https:\/\/skinstudio.ee\/lt\/wp-json\/wp\/v2\/product\/76045\/revisions\/76046"}],"wp:featuredmedia":[{"embeddable":true,"href":"https:\/\/skinstudio.ee\/lt\/wp-json\/wp\/v2\/media\/76037"}],"wp:attachment":[{"href":"https:\/\/skinstudio.ee\/lt\/wp-json\/wp\/v2\/media?parent=76045"}],"wp:term":[{"taxonomy":"pwb-brand","embeddable":true,"href":"https:\/\/skinstudio.ee\/lt\/wp-json\/wp\/v2\/pwb-brand?post=76045"},{"taxonomy":"product_brand","embeddable":true,"href":"https:\/\/skinstudio.ee\/lt\/wp-json\/wp\/v2\/product_brand?post=76045"},{"taxonomy":"product_cat","embeddable":true,"href":"https:\/\/skinstudio.ee\/lt\/wp-json\/wp\/v2\/product_cat?post=76045"},{"taxonomy":"product_tag","embeddable":true,"href":"https:\/\/skinstudio.ee\/lt\/wp-json\/wp\/v2\/product_tag?post=76045"},{"taxonomy":"giftcard-category","embeddable":true,"href":"https:\/\/skinstudio.ee\/lt\/wp-json\/wp\/v2\/giftcard-category?post=76045"}],"curies":[{"name":"wp","href":"https:\/\/api.w.org\/{rel}","templated":true}]}}