{"id":76086,"date":"2025-07-08T15:35:37","date_gmt":"2025-07-08T15:35:37","guid":{"rendered":"https:\/\/skinstudio.ee\/?post_type=product&#038;p=76086"},"modified":"2026-01-28T14:16:01","modified_gmt":"2026-01-28T14:16:01","slug":"gly-sal-10-2-clarifying-pads","status":"publish","type":"product","link":"https:\/\/skinstudio.ee\/lt\/catalog\/replenix\/gly-sal-10-2-clarifying-pads\/","title":{"rendered":"Gly-Sal 10-2 Clarifying Pads"},"content":{"rendered":"<p data-start=\"1988\" data-end=\"2312\"><strong data-start=\"1988\" data-end=\"2033\">Gly-Sal 10-2 Clarifying Pads nuo Replenix<\/strong> yra valomosios ir \u0161viesinan\u010dios servet\u0117l\u0117s probleminei, \u012f akn\u0119 linkusiai odai, sukurtos naudojant profesionali\u0105 r\u016bg\u0161\u010di\u0173 kombinacij\u0105. Formul\u0117je yra 10% medicinin\u0117s kokyb\u0117s glikolio r\u016bg\u0161ties ir 2% USP salicilo r\u016bg\u0161ties, kurios u\u017etikrina veiksming\u0105 odos atnaujinim\u0105 ir por\u0173 valym\u0105.<\/p>\n<p data-start=\"2314\" data-end=\"2544\">Servet\u0117l\u0117s padeda i\u0161valyti poras ir pagreitina negyv\u0173 odos l\u0105steli\u0173 pa\u0161alinim\u0105, kurios gali trukdyti normaliam riebal\u0173 pasi\u0161alinimui ir skatinti u\u017edegim\u0173 atsiradim\u0105. Reguliariai naudojant oda atrodo \u0161varesn\u0117, lygesn\u0117 ir tolygesn\u0117.<\/p>\n<p data-start=\"2546\" data-end=\"2735\">Patogus servet\u0117li\u0173 formatas leid\u017eia produkt\u0105 naudoti lengvai ir tinka kasdienei prie\u017ei\u016brai. Tai stiprus, bet kontroliuojamas sprendimas kovojant su odos netobulumais be sud\u0117ting\u0173 proced\u016br\u0173.<\/p>\n<p data-start=\"2737\" data-end=\"2779\"><strong data-start=\"2737\" data-end=\"2779\">Pagrindini\u0173 sudedam\u0173j\u0173 dali\u0173 poveikis:<\/strong><\/p>\n<ul data-start=\"2781\" data-end=\"3014\">\n<li data-start=\"2781\" data-end=\"2857\">\n<p data-start=\"2783\" data-end=\"2857\"><strong data-start=\"2783\" data-end=\"2807\">Glikolio r\u016bg\u0161tis 10%<\/strong> padeda atnaujinti od\u0105 ir pagerinti jos tekst\u016br\u0105<\/p>\n<\/li>\n<li data-start=\"2858\" data-end=\"2938\">\n<p data-start=\"2860\" data-end=\"2938\"><strong data-start=\"2860\" data-end=\"2883\">Salicilo r\u016bg\u0161tis 2%<\/strong> padeda valyti poras ir ma\u017einti netobulum\u0173 atsiradim\u0105<\/p>\n<\/li>\n<li data-start=\"2939\" data-end=\"3014\">\n<p data-start=\"2941\" data-end=\"3014\"><strong data-start=\"2941\" data-end=\"2977\">Hamamelis (Hamamelis Virginiana)<\/strong> padeda atgaivinti ir tonizuoti od\u0105<\/p>\n<\/li>\n<\/ul>\n<p data-start=\"3016\" data-end=\"3040\"><strong data-start=\"3016\" data-end=\"3026\">T\u016bris:<\/strong> 60 servet\u0117li\u0173<\/p>\n","protected":false},"excerpt":{"rendered":"<p data-start=\"3204\" data-end=\"3242\">Valomosios servet\u0117l\u0117s probleminei odai<\/p>\n<h2 data-start=\"3244\" data-end=\"3295\"><strong data-start=\"3244\" data-end=\"3295\">Replenix &#8211; Gly-Sal 10-2 Clarifying Pads Savyb\u0117s<\/strong><\/h2>\n<p data-start=\"3297\" data-end=\"3552\">\u2714\ufe0f \u0160velniai \u0161vei\u010dia ir atnaujina od\u0105<br data-start=\"3333\" data-end=\"3336\" \/>\u2714\ufe0f Padeda pa\u0161alinti riebal\u0173 pertekli\u0173 nuo odos pavir\u0161iaus<br data-start=\"3393\" data-end=\"3396\" \/>\u2714\ufe0f Padeda valyti poras ir pagerinti odos i\u0161vaizd\u0105<br data-start=\"3445\" data-end=\"3448\" \/>\u2714\ufe0f Tinka reguliariam naudojimui probleminei odai<br data-start=\"3496\" data-end=\"3499\" \/>\u2714\ufe0f Patogus servet\u0117li\u0173 formatas kasdienei prie\u017ei\u016brai<\/p>\n","protected":false},"featured_media":66107,"template":"","meta":[],"pwb-brand":[1254],"product_brand":[],"product_cat":[742,744,752,748,722],"product_tag":[],"giftcard-category":[],"class_list":{"0":"post-76086","1":"product","2":"type-product","3":"status-publish","4":"has-post-thumbnail","6":"pwb-brand-replenix","7":"product_cat-berimai","8":"product_cat-issipletusios-poros","9":"product_cat-pigmentacija-lt","10":"product_cat-taukainai-adai-lt","11":"product_cat-toneriai","13":"first","14":"instock","15":"taxable","16":"shipping-taxable","17":"purchasable","18":"product-type-simple"},"acf":[],"brands":[{"id":1254,"name":"REPLENIX","slug":"replenix"}],"_links":{"self":[{"href":"https:\/\/skinstudio.ee\/lt\/wp-json\/wp\/v2\/product\/76086","targetHints":{"allow":["GET"]}}],"collection":[{"href":"https:\/\/skinstudio.ee\/lt\/wp-json\/wp\/v2\/product"}],"about":[{"href":"https:\/\/skinstudio.ee\/lt\/wp-json\/wp\/v2\/types\/product"}],"version-history":[{"count":1,"href":"https:\/\/skinstudio.ee\/lt\/wp-json\/wp\/v2\/product\/76086\/revisions"}],"predecessor-version":[{"id":76087,"href":"https:\/\/skinstudio.ee\/lt\/wp-json\/wp\/v2\/product\/76086\/revisions\/76087"}],"wp:featuredmedia":[{"embeddable":true,"href":"https:\/\/skinstudio.ee\/lt\/wp-json\/wp\/v2\/media\/66107"}],"wp:attachment":[{"href":"https:\/\/skinstudio.ee\/lt\/wp-json\/wp\/v2\/media?parent=76086"}],"wp:term":[{"taxonomy":"pwb-brand","embeddable":true,"href":"https:\/\/skinstudio.ee\/lt\/wp-json\/wp\/v2\/pwb-brand?post=76086"},{"taxonomy":"product_brand","embeddable":true,"href":"https:\/\/skinstudio.ee\/lt\/wp-json\/wp\/v2\/product_brand?post=76086"},{"taxonomy":"product_cat","embeddable":true,"href":"https:\/\/skinstudio.ee\/lt\/wp-json\/wp\/v2\/product_cat?post=76086"},{"taxonomy":"product_tag","embeddable":true,"href":"https:\/\/skinstudio.ee\/lt\/wp-json\/wp\/v2\/product_tag?post=76086"},{"taxonomy":"giftcard-category","embeddable":true,"href":"https:\/\/skinstudio.ee\/lt\/wp-json\/wp\/v2\/giftcard-category?post=76086"}],"curies":[{"name":"wp","href":"https:\/\/api.w.org\/{rel}","templated":true}]}}