{"id":76094,"date":"2025-06-23T14:49:21","date_gmt":"2025-06-23T14:49:21","guid":{"rendered":"https:\/\/skinstudio.ee\/?post_type=product&#038;p=76094"},"modified":"2026-01-28T14:16:01","modified_gmt":"2026-01-28T14:16:01","slug":"deep-pore-cleanser","status":"publish","type":"product","link":"https:\/\/skinstudio.ee\/lt\/catalog\/replenix\/deep-pore-cleanser\/","title":{"rendered":"Deep Pore Cleanser"},"content":{"rendered":"<p data-start=\"2038\" data-end=\"2295\"><strong data-start=\"2038\" data-end=\"2085\">Gly-Sal 5-2 Deep Pore Cleanser nuo Replenix<\/strong> yra dermatolog\u0173 sukurtas valomasis gelis probleminei, \u012f akn\u0119 linkusiai odai, skirtas giliam por\u0173 valymui ir b\u0117rim\u0173 kontrolei. Formul\u0117 padeda suma\u017einti esamus netobulumus ir palaiko nauj\u0173 atsiradimo prevencij\u0105.<\/p>\n<p data-start=\"2297\" data-end=\"2490\">Valiklis giliai valo od\u0105, pa\u0161alindamas riebal\u0173 pertekli\u0173 ir ne\u0161varumus, kurie gali u\u017ekim\u0161ti poras ir sukelti b\u0117rimus. Reguliariai naudojant oda atrodo \u0161varesn\u0117, gaivesn\u0117 ir labiau subalansuota.<\/p>\n<p data-start=\"2492\" data-end=\"2650\">Gelio tekst\u016bra yra patogi naudoti, lengvai pasiskirsto ir visi\u0161kai nusiplauna, nepalikdama pl\u0117vel\u0117s poj\u016b\u010dio. Produktas ypa\u010d tinka riebiai ir probleminei odai.<\/p>\n<p data-start=\"2652\" data-end=\"2694\"><strong data-start=\"2652\" data-end=\"2694\">Pagrindini\u0173 sudedam\u0173j\u0173 dali\u0173 poveikis:<\/strong><\/p>\n<p data-start=\"2696\" data-end=\"2965\"><strong data-start=\"2696\" data-end=\"2714\">Glycolic Acid:<\/strong> padeda atnaujinti od\u0105 ir pagerinti jos tekst\u016br\u0105.<br data-start=\"2763\" data-end=\"2766\" \/><strong data-start=\"2766\" data-end=\"2779\">Zinc PCA:<\/strong> padeda reguliuoti riebal\u0173 i\u0161siskyrim\u0105 ir palaikyti \u0161varesn\u0119 od\u0105.<br data-start=\"2844\" data-end=\"2847\" \/><strong data-start=\"2847\" data-end=\"2893\">Green Tea Polyphenols (Camellia Sinensis):<\/strong> padeda palaikyti odos pusiausvyr\u0105 ir suteikia antioksidacin\u0119 prie\u017ei\u016br\u0105.<\/p>\n<p data-start=\"2967\" data-end=\"2984\"><strong data-start=\"2967\" data-end=\"2977\">T\u016bris:<\/strong> 200 ml<\/p>\n","protected":false},"excerpt":{"rendered":"<div class=\"woocommerce-product-gallery woocommerce-product-gallery--with-images woocommerce-product-gallery--columns-4 images\" data-columns=\"4\">\n<div class=\"woocommerce-product-gallery__wrapper\">\n<div class=\"woocommerce-product-gallery__image\" data-thumb=\"https:\/\/shop.victoriakosmeetik.ee\/wp-content\/uploads\/2024\/09\/Replenix_8927_GlySal_5_2_Deep_Pore_Cleanser_Acne-100x100.jpg\" data-thumb-alt=\"\" data-thumb-srcset=\"https:\/\/shop.victoriakosmeetik.ee\/wp-content\/uploads\/2024\/09\/Replenix_8927_GlySal_5_2_Deep_Pore_Cleanser_Acne-100x100.jpg 100w, https:\/\/shop.victoriakosmeetik.ee\/wp-content\/uploads\/2024\/09\/Replenix_8927_GlySal_5_2_Deep_Pore_Cleanser_Acne-300x300.jpg 300w, https:\/\/shop.victoriakosmeetik.ee\/wp-content\/uploads\/2024\/09\/Replenix_8927_GlySal_5_2_Deep_Pore_Cleanser_Acne-1024x1024.jpg 1024w, https:\/\/shop.victoriakosmeetik.ee\/wp-content\/uploads\/2024\/09\/Replenix_8927_GlySal_5_2_Deep_Pore_Cleanser_Acne-150x150.jpg 150w, https:\/\/shop.victoriakosmeetik.ee\/wp-content\/uploads\/2024\/09\/Replenix_8927_GlySal_5_2_Deep_Pore_Cleanser_Acne-768x768.jpg 768w, https:\/\/shop.victoriakosmeetik.ee\/wp-content\/uploads\/2024\/09\/Replenix_8927_GlySal_5_2_Deep_Pore_Cleanser_Acne-500x500.jpg 500w, https:\/\/shop.victoriakosmeetik.ee\/wp-content\/uploads\/2024\/09\/Replenix_8927_GlySal_5_2_Deep_Pore_Cleanser_Acne-64x64.jpg 64w, https:\/\/shop.victoriakosmeetik.ee\/wp-content\/uploads\/2024\/09\/Replenix_8927_GlySal_5_2_Deep_Pore_Cleanser_Acne.jpg 1100w\">\n<p data-start=\"3122\" data-end=\"3154\">Valomasis gelis probleminei odai<\/p>\n<h2 data-start=\"3156\" data-end=\"3209\"><strong data-start=\"3156\" data-end=\"3209\">Replenix &#8211; Gly-Sal 5-2 Deep Pore Cleanser Savyb\u0117s<\/strong><\/h2>\n<p data-start=\"3211\" data-end=\"3461\">\u2714\ufe0f Giliai valo poras ir pa\u0161alina riebal\u0173 pertekli\u0173<br data-start=\"3261\" data-end=\"3264\" \/>\u2714\ufe0f \u0160vei\u010dia negyvas odos l\u0105steles ir skatina atsinaujinim\u0105<br data-start=\"3321\" data-end=\"3324\" \/>\u2714\ufe0f Padeda u\u017ekirsti keli\u0105 nauj\u0173 b\u0117rim\u0173 atsiradimui<br data-start=\"3373\" data-end=\"3376\" \/>\u2714\ufe0f Pagerina odos tekst\u016br\u0105 ir bendr\u0105 i\u0161vaizd\u0105<br data-start=\"3420\" data-end=\"3423\" \/>\u2714\ufe0f Tinka riebiai ir probleminei odai<\/p>\n<\/div>\n<\/div>\n<\/div>\n","protected":false},"featured_media":66112,"template":"","meta":[],"pwb-brand":[1254],"product_brand":[],"product_cat":[742,718],"product_tag":[],"giftcard-category":[],"class_list":{"0":"post-76094","1":"product","2":"type-product","3":"status-publish","4":"has-post-thumbnail","6":"pwb-brand-replenix","7":"product_cat-akne","8":"product_cat-valymas","10":"first","11":"instock","12":"taxable","13":"shipping-taxable","14":"purchasable","15":"product-type-simple"},"acf":[],"brands":[{"id":1254,"name":"REPLENIX","slug":"replenix"}],"_links":{"self":[{"href":"https:\/\/skinstudio.ee\/lt\/wp-json\/wp\/v2\/product\/76094","targetHints":{"allow":["GET"]}}],"collection":[{"href":"https:\/\/skinstudio.ee\/lt\/wp-json\/wp\/v2\/product"}],"about":[{"href":"https:\/\/skinstudio.ee\/lt\/wp-json\/wp\/v2\/types\/product"}],"version-history":[{"count":1,"href":"https:\/\/skinstudio.ee\/lt\/wp-json\/wp\/v2\/product\/76094\/revisions"}],"predecessor-version":[{"id":76095,"href":"https:\/\/skinstudio.ee\/lt\/wp-json\/wp\/v2\/product\/76094\/revisions\/76095"}],"wp:featuredmedia":[{"embeddable":true,"href":"https:\/\/skinstudio.ee\/lt\/wp-json\/wp\/v2\/media\/66112"}],"wp:attachment":[{"href":"https:\/\/skinstudio.ee\/lt\/wp-json\/wp\/v2\/media?parent=76094"}],"wp:term":[{"taxonomy":"pwb-brand","embeddable":true,"href":"https:\/\/skinstudio.ee\/lt\/wp-json\/wp\/v2\/pwb-brand?post=76094"},{"taxonomy":"product_brand","embeddable":true,"href":"https:\/\/skinstudio.ee\/lt\/wp-json\/wp\/v2\/product_brand?post=76094"},{"taxonomy":"product_cat","embeddable":true,"href":"https:\/\/skinstudio.ee\/lt\/wp-json\/wp\/v2\/product_cat?post=76094"},{"taxonomy":"product_tag","embeddable":true,"href":"https:\/\/skinstudio.ee\/lt\/wp-json\/wp\/v2\/product_tag?post=76094"},{"taxonomy":"giftcard-category","embeddable":true,"href":"https:\/\/skinstudio.ee\/lt\/wp-json\/wp\/v2\/giftcard-category?post=76094"}],"curies":[{"name":"wp","href":"https:\/\/api.w.org\/{rel}","templated":true}]}}