{"id":76101,"date":"2025-06-17T13:21:08","date_gmt":"2025-06-17T13:21:08","guid":{"rendered":"https:\/\/skinstudio.ee\/?post_type=product&#038;p=76101"},"modified":"2026-01-28T14:16:01","modified_gmt":"2026-01-28T14:16:01","slug":"retinol-smooth-tighten-body-lotion","status":"publish","type":"product","link":"https:\/\/skinstudio.ee\/lt\/catalog\/replenix\/retinol-smooth-tighten-body-lotion\/","title":{"rendered":"Retinol Smooth + Tighten Body Lotion"},"content":{"rendered":"<p data-start=\"2270\" data-end=\"2566\"><strong data-start=\"2270\" data-end=\"2323\">Retinol Smooth + Tighten Body Lotion nuo Replenix<\/strong> yra atjauninantis k\u016bno losjonas su moksli\u0161kai pagr\u012fsta, dermatolog\u0173 sukurta formule, skirta pagerinti odos stangrum\u0105, tank\u012f ir bendr\u0105 i\u0161vaizd\u0105. Jis sukurtas odai, praradusiai tonus\u0105 ir reikalaujan\u010diai matomo tekst\u016bros bei glotnumo pagerinimo.<\/p>\n<p data-start=\"2568\" data-end=\"2800\">Formul\u0117s pagrind\u0105 sudaro patentuotas medicinin\u0117s kokyb\u0117s trans-retinolio ir edelveiso ekstrakto derinys, kuris padeda odai atrodyti lygesnei, stangresnei ir tolygesnei. Reguliariai naudojant oda atrodo labiau pri\u017ei\u016br\u0117ta ir tankesn\u0117.<\/p>\n<p data-start=\"2802\" data-end=\"3006\">Losjonas taip pat padeda suma\u017einti celiulito matomum\u0105, palaikydamas kolageno gamyb\u0105. Lengva ir komforti\u0161ka tekst\u016bra greitai \u012fsigeria ir tinka kasdieniam naudojimui, nepalikdama lipnumo ar sunkumo poj\u016b\u010dio.<\/p>\n<p data-start=\"3008\" data-end=\"3050\"><strong data-start=\"3008\" data-end=\"3050\">Pagrindini\u0173 sudedam\u0173j\u0173 dali\u0173 poveikis:<\/strong><\/p>\n<p data-start=\"3052\" data-end=\"3637\"><strong data-start=\"3052\" data-end=\"3064\">Retinol:<\/strong> padeda atnaujinti od\u0105, pagerinti jos tekst\u016br\u0105 ir palaikyti stangrum\u0105.<br data-start=\"3134\" data-end=\"3137\" \/><strong data-start=\"3137\" data-end=\"3185\">Leontopodium Alpinum (Edelweiss) ekstraktas:<\/strong> padeda apsaugoti od\u0105 nuo oksidacinio streso ir palaikyti jos tank\u012f.<br data-start=\"3253\" data-end=\"3256\" \/><strong data-start=\"3256\" data-end=\"3288\">Keramidai (NG, NP, AP, EOP):<\/strong> padeda stiprinti odos barjer\u0105 ir palaikyti dr\u0117gm\u0117s balans\u0105.<br data-start=\"3348\" data-end=\"3351\" \/><strong data-start=\"3351\" data-end=\"3407\">Sodium Hyaluronate ir Hydrolyzed Sodium Hyaluronate:<\/strong> padeda intensyviai dr\u0117kinti ir pagerinti odos elastingum\u0105.<br data-start=\"3466\" data-end=\"3469\" \/><strong data-start=\"3469\" data-end=\"3482\">Kofeinas:<\/strong> padeda pagerinti odos i\u0161vaizd\u0105 ir palaikyti lygesn\u0119 tekst\u016br\u0105.<br data-start=\"3544\" data-end=\"3547\" \/><strong data-start=\"3547\" data-end=\"3599\">Resveratrolis ir \u017ealiosios arbatos polifenoliai:<\/strong> suteikia odai antioksidacin\u0119 apsaug\u0105.<\/p>\n<p data-start=\"3639\" data-end=\"3656\"><strong data-start=\"3639\" data-end=\"3649\">T\u016bris:<\/strong> 200 ml<\/p>\n","protected":false},"excerpt":{"rendered":"<p data-start=\"3789\" data-end=\"3802\">K\u016bno losjonas<\/p>\n<h2 data-start=\"3804\" data-end=\"3863\"><strong data-start=\"3804\" data-end=\"3863\">Replenix &#8211; Retinol Smooth + Tighten Body Lotion Savyb\u0117s<\/strong><\/h2>\n<p data-start=\"3865\" data-end=\"4135\">\u2714\ufe0f Pagerina odos tekst\u016br\u0105 ir glotnum\u0105<br data-start=\"3902\" data-end=\"3905\" \/>\u2714\ufe0f Padeda stangrinti ir sutvirtinti suglebusias vietas<br data-start=\"3959\" data-end=\"3962\" \/>\u2714\ufe0f Padeda suma\u017einti netolygaus tono ir smulki\u0173 linij\u0173 matomum\u0105<br data-start=\"4024\" data-end=\"4027\" \/>\u2714\ufe0f Didina odos stangrum\u0105 ir \u0161vyt\u0117jim\u0105<br data-start=\"4064\" data-end=\"4067\" \/>\u2714\ufe0f Lengva tekst\u016bra greitai \u012fsigeria ir tinka kasdieniam naudojimui<\/p>\n","protected":false},"featured_media":66123,"template":"","meta":[],"pwb-brand":[1254],"product_brand":[],"product_cat":[758,728],"product_tag":[],"giftcard-category":[],"class_list":{"0":"post-76101","1":"product","2":"type-product","3":"status-publish","4":"has-post-thumbnail","6":"pwb-brand-replenix","7":"product_cat-kuno-prieziura","8":"product_cat-vitaminas-a-retinolis","10":"first","11":"instock","12":"taxable","13":"shipping-taxable","14":"purchasable","15":"product-type-simple"},"acf":[],"brands":[{"id":1254,"name":"REPLENIX","slug":"replenix"}],"_links":{"self":[{"href":"https:\/\/skinstudio.ee\/lt\/wp-json\/wp\/v2\/product\/76101","targetHints":{"allow":["GET"]}}],"collection":[{"href":"https:\/\/skinstudio.ee\/lt\/wp-json\/wp\/v2\/product"}],"about":[{"href":"https:\/\/skinstudio.ee\/lt\/wp-json\/wp\/v2\/types\/product"}],"version-history":[{"count":1,"href":"https:\/\/skinstudio.ee\/lt\/wp-json\/wp\/v2\/product\/76101\/revisions"}],"predecessor-version":[{"id":76102,"href":"https:\/\/skinstudio.ee\/lt\/wp-json\/wp\/v2\/product\/76101\/revisions\/76102"}],"wp:featuredmedia":[{"embeddable":true,"href":"https:\/\/skinstudio.ee\/lt\/wp-json\/wp\/v2\/media\/66123"}],"wp:attachment":[{"href":"https:\/\/skinstudio.ee\/lt\/wp-json\/wp\/v2\/media?parent=76101"}],"wp:term":[{"taxonomy":"pwb-brand","embeddable":true,"href":"https:\/\/skinstudio.ee\/lt\/wp-json\/wp\/v2\/pwb-brand?post=76101"},{"taxonomy":"product_brand","embeddable":true,"href":"https:\/\/skinstudio.ee\/lt\/wp-json\/wp\/v2\/product_brand?post=76101"},{"taxonomy":"product_cat","embeddable":true,"href":"https:\/\/skinstudio.ee\/lt\/wp-json\/wp\/v2\/product_cat?post=76101"},{"taxonomy":"product_tag","embeddable":true,"href":"https:\/\/skinstudio.ee\/lt\/wp-json\/wp\/v2\/product_tag?post=76101"},{"taxonomy":"giftcard-category","embeddable":true,"href":"https:\/\/skinstudio.ee\/lt\/wp-json\/wp\/v2\/giftcard-category?post=76101"}],"curies":[{"name":"wp","href":"https:\/\/api.w.org\/{rel}","templated":true}]}}