{"id":76114,"date":"2025-06-17T13:20:20","date_gmt":"2025-06-17T13:20:20","guid":{"rendered":"https:\/\/skinstudio.ee\/?post_type=product&#038;p=76114"},"modified":"2026-01-28T14:16:01","modified_gmt":"2026-01-28T14:16:01","slug":"glycolic-acid-10-resurfacing-peel","status":"publish","type":"product","link":"https:\/\/skinstudio.ee\/lt\/catalog\/replenix\/glycolic-acid-10-resurfacing-peel\/","title":{"rendered":"Glycolic Acid 10% Resurfacing Peel"},"content":{"rendered":"<p data-start=\"1774\" data-end=\"2109\"><strong data-start=\"1774\" data-end=\"1825\">Glycolic Acid 10% Resurfacing Peel nuo Replenix<\/strong> yra \u0161vei\u010diamieji diskeliai su moksli\u0161kai pagr\u012fsta formule, turin\u010dia 10% glikolio r\u016bg\u0161ties jos gryna ir veiksminga forma. Diskeliai yra i\u0161 anksto prisotinti kristaline glikolio r\u016bg\u0161timi, kad b\u016bt\u0173 u\u017etikrintas veiksmingas, bet kontroliuojamas odos atnaujinimas be perteklinio dirginimo.<\/p>\n<p data-start=\"2111\" data-end=\"2349\">Produktas \u0161velniai, bet efektyviai pa\u0161alina negyvas odos l\u0105steles, padeda sulyginti odos ton\u0105 ir pagerina jos tekst\u016br\u0105. Reguliariai naudojant oda atrodo lygesn\u0117, gaivesn\u0117 ir \u0161vytinti, o nelygum\u0173 ir po akn\u0117s likusi\u0173 \u017eymi\u0173 matomumas ma\u017e\u0117ja.<\/p>\n<p data-start=\"2351\" data-end=\"2544\">D\u0117l patogaus diskeli\u0173 formato produkt\u0105 lengva naudoti kasdien\u0117je odos prie\u017ei\u016broje. Diskeliai greitai pa\u0161alina riebal\u0173 pertekli\u0173 ir ne\u0161varum\u0173 liku\u010dius, palikdami od\u0105 \u0161vari\u0105, lygi\u0105 ir pri\u017ei\u016br\u0117t\u0105.<\/p>\n<p data-start=\"2546\" data-end=\"2588\"><strong data-start=\"2546\" data-end=\"2588\">Pagrindini\u0173 sudedam\u0173j\u0173 dali\u0173 poveikis:<\/strong><\/p>\n<p data-start=\"2590\" data-end=\"2856\"><strong data-start=\"2590\" data-end=\"2608\">Glycolic Acid:<\/strong> padeda atnaujinti od\u0105, pagerinti tekst\u016br\u0105 ir suvienodinti ton\u0105.<br data-start=\"2672\" data-end=\"2675\" \/><strong data-start=\"2675\" data-end=\"2701\">Green Tea Polyphenols:<\/strong> suteikia antioksidacin\u0119 apsaug\u0105 ir padeda palaikyti odos pusiausvyr\u0105.<br data-start=\"2771\" data-end=\"2774\" \/><strong data-start=\"2774\" data-end=\"2797\">Ubiquinone (CoQ10):<\/strong> padeda palaikyti odos energij\u0105 ir jaunatvi\u0161kesn\u0119 i\u0161vaizd\u0105.<\/p>\n<p data-start=\"2858\" data-end=\"2881\"><strong data-start=\"2858\" data-end=\"2868\">T\u016bris:<\/strong> 60 diskeliai<\/p>\n","protected":false},"excerpt":{"rendered":"<p data-start=\"3009\" data-end=\"3052\">\u0160vei\u010diamieji diskeliai su glikolio r\u016bg\u0161timi<\/p>\n<h2 data-start=\"3054\" data-end=\"3111\"><strong data-start=\"3054\" data-end=\"3111\">Replenix &#8211; Glycolic Acid 10% Resurfacing Peel Savyb\u0117s<\/strong><\/h2>\n<p data-start=\"3113\" data-end=\"3310\">\u2714\ufe0f I\u0161lygina odos tekst\u016br\u0105 ir pavir\u0161i\u0173<br data-start=\"3150\" data-end=\"3153\" \/>\u2714\ufe0f Padeda pagerinti bendr\u0105 odos ton\u0105<br data-start=\"3189\" data-end=\"3192\" \/>\u2714\ufe0f Skatina tolygesn\u0119 odos i\u0161vaizd\u0105<br data-start=\"3226\" data-end=\"3229\" \/>\u2714\ufe0f Palieka od\u0105 gaivi\u0105 ir \u0161vytin\u010di\u0105<br data-start=\"3263\" data-end=\"3266\" \/>\u2714\ufe0f Padeda palaikyti pri\u017ei\u016br\u0117t\u0105 odos vaizd\u0105<\/p>\n","protected":false},"featured_media":66128,"template":"","meta":[],"pwb-brand":[1254],"product_brand":[],"product_cat":[750,722],"product_tag":[],"giftcard-category":[],"class_list":{"0":"post-76114","1":"product","2":"type-product","3":"status-publish","4":"has-post-thumbnail","6":"pwb-brand-replenix","7":"product_cat-senstanti-oda","8":"product_cat-toneriai","10":"first","11":"instock","12":"taxable","13":"shipping-taxable","14":"purchasable","15":"product-type-simple"},"acf":[],"brands":[{"id":1254,"name":"REPLENIX","slug":"replenix"}],"_links":{"self":[{"href":"https:\/\/skinstudio.ee\/lt\/wp-json\/wp\/v2\/product\/76114","targetHints":{"allow":["GET"]}}],"collection":[{"href":"https:\/\/skinstudio.ee\/lt\/wp-json\/wp\/v2\/product"}],"about":[{"href":"https:\/\/skinstudio.ee\/lt\/wp-json\/wp\/v2\/types\/product"}],"version-history":[{"count":1,"href":"https:\/\/skinstudio.ee\/lt\/wp-json\/wp\/v2\/product\/76114\/revisions"}],"predecessor-version":[{"id":76115,"href":"https:\/\/skinstudio.ee\/lt\/wp-json\/wp\/v2\/product\/76114\/revisions\/76115"}],"wp:featuredmedia":[{"embeddable":true,"href":"https:\/\/skinstudio.ee\/lt\/wp-json\/wp\/v2\/media\/66128"}],"wp:attachment":[{"href":"https:\/\/skinstudio.ee\/lt\/wp-json\/wp\/v2\/media?parent=76114"}],"wp:term":[{"taxonomy":"pwb-brand","embeddable":true,"href":"https:\/\/skinstudio.ee\/lt\/wp-json\/wp\/v2\/pwb-brand?post=76114"},{"taxonomy":"product_brand","embeddable":true,"href":"https:\/\/skinstudio.ee\/lt\/wp-json\/wp\/v2\/product_brand?post=76114"},{"taxonomy":"product_cat","embeddable":true,"href":"https:\/\/skinstudio.ee\/lt\/wp-json\/wp\/v2\/product_cat?post=76114"},{"taxonomy":"product_tag","embeddable":true,"href":"https:\/\/skinstudio.ee\/lt\/wp-json\/wp\/v2\/product_tag?post=76114"},{"taxonomy":"giftcard-category","embeddable":true,"href":"https:\/\/skinstudio.ee\/lt\/wp-json\/wp\/v2\/giftcard-category?post=76114"}],"curies":[{"name":"wp","href":"https:\/\/api.w.org\/{rel}","templated":true}]}}