{"id":76121,"date":"2025-06-17T13:18:27","date_gmt":"2025-06-17T13:18:27","guid":{"rendered":"https:\/\/skinstudio.ee\/?post_type=product&#038;p=76121"},"modified":"2026-01-28T14:16:01","modified_gmt":"2026-01-28T14:16:01","slug":"glycolic-acid-20-resurfacing-peel","status":"publish","type":"product","link":"https:\/\/skinstudio.ee\/lt\/catalog\/replenix\/glycolic-acid-20-resurfacing-peel\/","title":{"rendered":"Glycolic Acid 20% Resurfacing Peel"},"content":{"rendered":"<p data-start=\"1800\" data-end=\"2144\"><strong data-start=\"1800\" data-end=\"1851\">Glycolic Acid 20% Resurfacing Peel nuo Replenix<\/strong> yra \u0161vei\u010diamieji diskeliai su didele glikolio r\u016bg\u0161ties koncentracija, sukurti remiantis moksline metodika intensyviam odos atnaujinimui. Diskeliai yra i\u0161 anksto prisotinti kristaline glikolio r\u016bg\u0161timi jos gryna ir veiksminga forma, kad b\u016bt\u0173 u\u017etikrintas stiprus, bet kontroliuojamas \u0161veitimas.<\/p>\n<p data-start=\"2146\" data-end=\"2418\">Produktas \u0161velniai, bet giliai pa\u0161alina negyvas odos l\u0105steles, padeda suvienodinti odos ton\u0105 ir pastebimai pagerina jos tekst\u016br\u0105. Reguliariai naudojant oda atrodo lygesn\u0117, \u0161varesn\u0117 ir labiau \u0161vytinti, o pigmentacijos, po akn\u0117s likusi\u0173 \u017eymi\u0173 ir nelygum\u0173 matomumas suma\u017e\u0117ja.<\/p>\n<p data-start=\"2420\" data-end=\"2620\">D\u0117l patogaus diskeli\u0173 formato produkt\u0105 lengva naudoti nam\u0173 odos prie\u017ei\u016broje. Diskeliai greitai pa\u0161alina riebal\u0173 pertekli\u0173 ir ne\u0161varum\u0173 liku\u010dius, palikdami od\u0105 gaivesn\u0119, labiau pri\u017ei\u016br\u0117t\u0105 ir tolygesn\u0119.<\/p>\n<p data-start=\"2622\" data-end=\"2664\"><strong data-start=\"2622\" data-end=\"2664\">Pagrindini\u0173 sudedam\u0173j\u0173 dali\u0173 poveikis:<\/strong><\/p>\n<p data-start=\"2666\" data-end=\"2969\"><strong data-start=\"2666\" data-end=\"2684\">Glycolic Acid:<\/strong> u\u017etikrina intensyv\u0173 odos atnaujinim\u0105 ir padeda sulyginti tekst\u016br\u0105 bei ton\u0105.<br data-start=\"2760\" data-end=\"2763\" \/><strong data-start=\"2763\" data-end=\"2802\">Hamamelis Virginiana (Witch Hazel):<\/strong> padeda valyti poras, subalansuoti od\u0105 ir suma\u017einti diskomfort\u0105.<br data-start=\"2866\" data-end=\"2869\" \/><strong data-start=\"2869\" data-end=\"2895\">Green Tea Polyphenols:<\/strong> suteikia antioksidacin\u0119 apsaug\u0105 ir padeda palaikyti sveik\u0105 odos i\u0161vaizd\u0105.<\/p>\n<p data-start=\"2971\" data-end=\"2994\"><strong data-start=\"2971\" data-end=\"2981\">T\u016bris:<\/strong> 60 diskeliai<\/p>\n","protected":false},"excerpt":{"rendered":"<p data-start=\"3122\" data-end=\"3165\">\u0160vei\u010diamieji diskeliai su glikolio r\u016bg\u0161timi<\/p>\n<h2 data-start=\"3167\" data-end=\"3224\"><strong data-start=\"3167\" data-end=\"3224\">Replenix &#8211; Glycolic Acid 20% Resurfacing Peel Savyb\u0117s<\/strong><\/h2>\n<p data-start=\"3226\" data-end=\"3422\">\u2714\ufe0f Padaro od\u0105 pastebimai lygesn\u0119<br data-start=\"3258\" data-end=\"3261\" \/>\u2714\ufe0f Padeda suvienodinti ton\u0105 ir pavir\u0161i\u0173<br data-start=\"3300\" data-end=\"3303\" \/>\u2714\ufe0f Palaiko gaiv\u0173 ir atnaujint\u0105 vaizd\u0105<br data-start=\"3340\" data-end=\"3343\" \/>\u2714\ufe0f Pagerina bendr\u0105 odos pavir\u0161iaus kokyb\u0119<br data-start=\"3384\" data-end=\"3387\" \/>\u2714\ufe0f Palieka od\u0105 vizualiai \u0161varesn\u0119<\/p>\n","protected":false},"featured_media":66138,"template":"","meta":[],"pwb-brand":[1254],"product_brand":[],"product_cat":[750,722],"product_tag":[],"giftcard-category":[],"class_list":{"0":"post-76121","1":"product","2":"type-product","3":"status-publish","4":"has-post-thumbnail","6":"pwb-brand-replenix","7":"product_cat-senstanti-oda","8":"product_cat-toneriai","10":"first","11":"instock","12":"taxable","13":"shipping-taxable","14":"purchasable","15":"product-type-simple"},"acf":[],"brands":[{"id":1254,"name":"REPLENIX","slug":"replenix"}],"_links":{"self":[{"href":"https:\/\/skinstudio.ee\/lt\/wp-json\/wp\/v2\/product\/76121","targetHints":{"allow":["GET"]}}],"collection":[{"href":"https:\/\/skinstudio.ee\/lt\/wp-json\/wp\/v2\/product"}],"about":[{"href":"https:\/\/skinstudio.ee\/lt\/wp-json\/wp\/v2\/types\/product"}],"version-history":[{"count":1,"href":"https:\/\/skinstudio.ee\/lt\/wp-json\/wp\/v2\/product\/76121\/revisions"}],"predecessor-version":[{"id":76122,"href":"https:\/\/skinstudio.ee\/lt\/wp-json\/wp\/v2\/product\/76121\/revisions\/76122"}],"wp:featuredmedia":[{"embeddable":true,"href":"https:\/\/skinstudio.ee\/lt\/wp-json\/wp\/v2\/media\/66138"}],"wp:attachment":[{"href":"https:\/\/skinstudio.ee\/lt\/wp-json\/wp\/v2\/media?parent=76121"}],"wp:term":[{"taxonomy":"pwb-brand","embeddable":true,"href":"https:\/\/skinstudio.ee\/lt\/wp-json\/wp\/v2\/pwb-brand?post=76121"},{"taxonomy":"product_brand","embeddable":true,"href":"https:\/\/skinstudio.ee\/lt\/wp-json\/wp\/v2\/product_brand?post=76121"},{"taxonomy":"product_cat","embeddable":true,"href":"https:\/\/skinstudio.ee\/lt\/wp-json\/wp\/v2\/product_cat?post=76121"},{"taxonomy":"product_tag","embeddable":true,"href":"https:\/\/skinstudio.ee\/lt\/wp-json\/wp\/v2\/product_tag?post=76121"},{"taxonomy":"giftcard-category","embeddable":true,"href":"https:\/\/skinstudio.ee\/lt\/wp-json\/wp\/v2\/giftcard-category?post=76121"}],"curies":[{"name":"wp","href":"https:\/\/api.w.org\/{rel}","templated":true}]}}