{"id":76129,"date":"2025-06-17T13:17:43","date_gmt":"2025-06-17T13:17:43","guid":{"rendered":"https:\/\/skinstudio.ee\/?post_type=product&#038;p=76129"},"modified":"2026-01-28T14:16:01","modified_gmt":"2026-01-28T14:16:01","slug":"glycolic-acid-10-resurfacing-cream","status":"publish","type":"product","link":"https:\/\/skinstudio.ee\/lt\/catalog\/replenix\/glycolic-acid-10-resurfacing-cream\/","title":{"rendered":"Glycolic Acid 10% Resurfacing Cream"},"content":{"rendered":"<p data-start=\"1733\" data-end=\"2052\"><strong data-start=\"1733\" data-end=\"1785\">Glycolic Acid 10% Resurfacing Cream nuo Replenix<\/strong> yra dermatolog\u0173 sukurtas odos atnaujinamasis kremas su moksli\u0161kai pagr\u012fsta formule. Jo pagrind\u0105 sudaro itin i\u0161gryninta medicinin\u0117s kokyb\u0117s kristalin\u0117 glikolio r\u016bg\u0161tis, kuri padeda pastebimai pagerinti odos tekst\u016br\u0105, suma\u017einti por\u0173 matomum\u0105 ir suvienodinti odos ton\u0105.<\/p>\n<p data-start=\"2054\" data-end=\"2270\">Kremas \u0161velniai atnaujina od\u0105, suteikdamas jai lygesn\u0119, tolygesn\u0119 ir labiau \u0161vytin\u010di\u0105 i\u0161vaizd\u0105. Reguliariai naudojant jis padeda suma\u017einti tiek smulki\u0173, tiek gilesni\u0173 rauk\u0161li\u0173 matomum\u0105 ir pagerina bendr\u0105 odos vaizd\u0105.<\/p>\n<p data-start=\"2272\" data-end=\"2490\">Lengva, dr\u0117kinanti ir pH subalansuota formul\u0117 tinka kasdieniam naudojimui ir neapsunkina odos. Kremas lengvai pasiskirsto, greitai \u012fsigeria ir tinka reguliariai prie\u017ei\u016brai, orientuotai \u012f odos atnaujinim\u0105 ir glotninim\u0105.<\/p>\n<p data-start=\"2492\" data-end=\"2534\"><strong data-start=\"2492\" data-end=\"2534\">Pagrindini\u0173 sudedam\u0173j\u0173 dali\u0173 poveikis:<\/strong><\/p>\n<p data-start=\"2536\" data-end=\"2858\"><strong data-start=\"2536\" data-end=\"2554\">Glycolic Acid:<\/strong> padeda atnaujinti od\u0105, pagerinti tekst\u016br\u0105 ir suvienodinti ton\u0105.<br data-start=\"2618\" data-end=\"2621\" \/><strong data-start=\"2621\" data-end=\"2683\">Vitaminai C ir E (Ascorbyl Palmitate, Tocopheryl Acetate):<\/strong> padeda sustiprinti odos \u0161vyt\u0117jim\u0105 ir suteikia antioksidacin\u0119 apsaug\u0105.<br data-start=\"2753\" data-end=\"2756\" \/><strong data-start=\"2756\" data-end=\"2789\">Ubiquinone (Kofermentas Q10):<\/strong> padeda palaikyti odos energij\u0105 ir i\u0161saugoti jaunatvi\u0161kesn\u0119 i\u0161vaizd\u0105.<\/p>\n<p data-start=\"2860\" data-end=\"2876\"><strong data-start=\"2860\" data-end=\"2870\">T\u016bris:<\/strong> 50 ml<\/p>\n","protected":false},"excerpt":{"rendered":"<p data-start=\"2967\" data-end=\"3009\">Glikolio r\u016bg\u0161ties kremas odos atnaujinimui<\/p>\n<h2 data-start=\"3011\" data-end=\"3069\"><strong data-start=\"3011\" data-end=\"3069\">Replenix &#8211; Glycolic Acid 10% Resurfacing Cream Savyb\u0117s<\/strong><\/h2>\n<p data-start=\"3071\" data-end=\"3282\">\u2714\ufe0f Matomai atnaujina ir glotnina od\u0105<br data-start=\"3107\" data-end=\"3110\" \/>\u2714\ufe0f Ma\u017eina rauk\u0161les ir nelygi\u0105 tekst\u016br\u0105<br data-start=\"3148\" data-end=\"3151\" \/>\u2714\ufe0f Suvienodina odos ton\u0105 ir suteikia \u0161vyt\u0117jimo<br data-start=\"3197\" data-end=\"3200\" \/>\u2714\ufe0f Padaro od\u0105 stangresn\u0119 ir lygesn\u0119<br data-start=\"3235\" data-end=\"3238\" \/>\u2714\ufe0f Pagerina bendr\u0105 odos kokyb\u0119 ir tekst\u016br\u0105<\/p>\n","protected":false},"featured_media":66133,"template":"","meta":[],"pwb-brand":[1254],"product_brand":[],"product_cat":[738,750],"product_tag":[],"giftcard-category":[],"class_list":{"0":"post-76129","1":"product","2":"type-product","3":"status-publish","4":"has-post-thumbnail","6":"pwb-brand-replenix","7":"product_cat-drekinimas","8":"product_cat-senstanti-oda","10":"first","11":"instock","12":"taxable","13":"shipping-taxable","14":"purchasable","15":"product-type-simple"},"acf":[],"brands":[{"id":1254,"name":"REPLENIX","slug":"replenix"}],"_links":{"self":[{"href":"https:\/\/skinstudio.ee\/lt\/wp-json\/wp\/v2\/product\/76129","targetHints":{"allow":["GET"]}}],"collection":[{"href":"https:\/\/skinstudio.ee\/lt\/wp-json\/wp\/v2\/product"}],"about":[{"href":"https:\/\/skinstudio.ee\/lt\/wp-json\/wp\/v2\/types\/product"}],"version-history":[{"count":1,"href":"https:\/\/skinstudio.ee\/lt\/wp-json\/wp\/v2\/product\/76129\/revisions"}],"predecessor-version":[{"id":76130,"href":"https:\/\/skinstudio.ee\/lt\/wp-json\/wp\/v2\/product\/76129\/revisions\/76130"}],"wp:featuredmedia":[{"embeddable":true,"href":"https:\/\/skinstudio.ee\/lt\/wp-json\/wp\/v2\/media\/66133"}],"wp:attachment":[{"href":"https:\/\/skinstudio.ee\/lt\/wp-json\/wp\/v2\/media?parent=76129"}],"wp:term":[{"taxonomy":"pwb-brand","embeddable":true,"href":"https:\/\/skinstudio.ee\/lt\/wp-json\/wp\/v2\/pwb-brand?post=76129"},{"taxonomy":"product_brand","embeddable":true,"href":"https:\/\/skinstudio.ee\/lt\/wp-json\/wp\/v2\/product_brand?post=76129"},{"taxonomy":"product_cat","embeddable":true,"href":"https:\/\/skinstudio.ee\/lt\/wp-json\/wp\/v2\/product_cat?post=76129"},{"taxonomy":"product_tag","embeddable":true,"href":"https:\/\/skinstudio.ee\/lt\/wp-json\/wp\/v2\/product_tag?post=76129"},{"taxonomy":"giftcard-category","embeddable":true,"href":"https:\/\/skinstudio.ee\/lt\/wp-json\/wp\/v2\/giftcard-category?post=76129"}],"curies":[{"name":"wp","href":"https:\/\/api.w.org\/{rel}","templated":true}]}}