{"id":76137,"date":"2025-06-17T13:17:09","date_gmt":"2025-06-17T13:17:09","guid":{"rendered":"https:\/\/skinstudio.ee\/?post_type=product&#038;p=76137"},"modified":"2026-01-28T14:16:01","modified_gmt":"2026-01-28T14:16:01","slug":"glycolic-acid-20-resurfacing-cream","status":"publish","type":"product","link":"https:\/\/skinstudio.ee\/lt\/catalog\/replenix\/glycolic-acid-20-resurfacing-cream\/","title":{"rendered":"Glycolic Acid 20% Resurfacing Cream"},"content":{"rendered":"<p data-start=\"2001\" data-end=\"2330\"><strong data-start=\"2001\" data-end=\"2053\">Glycolic Acid 20% Resurfacing Cream nuo Replenix<\/strong> yra intensyviai od\u0105 atnaujinantis kremas su moksli\u0161kai pagr\u012fsta, dermatolog\u0173 sukurta formule. Jo pagrind\u0105 sudaro itin i\u0161gryninta medicinin\u0117s kokyb\u0117s kristalin\u0117 glikolio r\u016bg\u0161tis, kuri padeda pastebimai pagerinti odos tekst\u016br\u0105, suma\u017einti por\u0173 matomum\u0105 ir suvienodinti odos ton\u0105.<\/p>\n<p data-start=\"2332\" data-end=\"2555\">Kremas aktyviai atnaujina od\u0105, suteikdamas jai lygesn\u0119, tolygesn\u0119 ir labiau \u0161vytin\u010di\u0105 i\u0161vaizd\u0105. Reguliariai naudojant jis padeda suma\u017einti tiek smulki\u0173, tiek gilesni\u0173 rauk\u0161li\u0173 matomum\u0105 ir \u017eymiai pagerina bendr\u0105 odos kokyb\u0119.<\/p>\n<p data-start=\"2557\" data-end=\"2774\">Lengva, dr\u0117kinanti ir pH subalansuota formul\u0117 yra patogi naudoti ir neapsunkina odos. Kremas lengvai pasiskirsto ir tinka reguliariai odos prie\u017ei\u016brai, orientuotai \u012f intensyv\u0173 atnaujinim\u0105 ir odos pavir\u0161iaus glotninim\u0105.<\/p>\n<p data-start=\"2776\" data-end=\"2818\"><strong data-start=\"2776\" data-end=\"2818\">Pagrindini\u0173 sudedam\u0173j\u0173 dali\u0173 poveikis:<\/strong><\/p>\n<p data-start=\"2820\" data-end=\"3154\"><strong data-start=\"2820\" data-end=\"2838\">Glycolic Acid:<\/strong> u\u017etikrina intensyv\u0173 odos atnaujinim\u0105 ir padeda i\u0161lyginti tekst\u016br\u0105 bei ton\u0105.<br data-start=\"2914\" data-end=\"2917\" \/><strong data-start=\"2917\" data-end=\"2979\">Vitaminai C ir E (Ascorbyl Palmitate, Tocopheryl Acetate):<\/strong> padeda sustiprinti odos \u0161vyt\u0117jim\u0105 ir suteikia antioksidacin\u0119 apsaug\u0105.<br data-start=\"3049\" data-end=\"3052\" \/><strong data-start=\"3052\" data-end=\"3085\">Ubiquinone (Kofermentas Q10):<\/strong> padeda palaikyti odos energij\u0105 ir i\u0161saugoti jaunatvi\u0161kesn\u0119 i\u0161vaizd\u0105.<\/p>\n<p data-start=\"3156\" data-end=\"3379\">Tinka odai su netolygiu reljefu, blankiu tonu, matomomis poromis, fotosen\u0117jimo po\u017eymiais, pigmentacija ir matomomis rauk\u0161l\u0117mis. Rekomenduojama odai, kuriai reikalingas intensyvus atnaujinimas ir odos pavir\u0161iaus glotninimas.<\/p>\n<p data-start=\"3381\" data-end=\"3397\"><strong data-start=\"3381\" data-end=\"3391\">T\u016bris:<\/strong> 50 ml<\/p>\n","protected":false},"excerpt":{"rendered":"<p data-start=\"3488\" data-end=\"3530\">Glikolio r\u016bg\u0161ties kremas odos atnaujinimui<\/p>\n<h2 data-start=\"3532\" data-end=\"3590\"><strong data-start=\"3532\" data-end=\"3590\">Replenix &#8211; Glycolic Acid 20% Resurfacing Cream Savyb\u0117s<\/strong><\/h2>\n<p data-start=\"3592\" data-end=\"3811\">\u2714\ufe0f Intensyviai atnaujina ir glotnina od\u0105<br data-start=\"3632\" data-end=\"3635\" \/>\u2714\ufe0f Pastebimai ma\u017eina rauk\u0161les ir nelygumus<br data-start=\"3677\" data-end=\"3680\" \/>\u2714\ufe0f Suvienodina odos ton\u0105 ir suteikia \u0161vyt\u0117jimo<br data-start=\"3726\" data-end=\"3729\" \/>\u2714\ufe0f Padaro od\u0105 stangresn\u0119 ir lygesn\u0119<br data-start=\"3764\" data-end=\"3767\" \/>\u2714\ufe0f \u017dymiai pagerina odos kokyb\u0119 ir tekst\u016br\u0105<\/p>\n","protected":false},"featured_media":66143,"template":"","meta":[],"pwb-brand":[1254],"product_brand":[],"product_cat":[738,750],"product_tag":[],"giftcard-category":[],"class_list":{"0":"post-76137","1":"product","2":"type-product","3":"status-publish","4":"has-post-thumbnail","6":"pwb-brand-replenix","7":"product_cat-drekinimas","8":"product_cat-senstanti-oda","10":"first","11":"instock","12":"taxable","13":"shipping-taxable","14":"purchasable","15":"product-type-simple"},"acf":[],"brands":[{"id":1254,"name":"REPLENIX","slug":"replenix"}],"_links":{"self":[{"href":"https:\/\/skinstudio.ee\/lt\/wp-json\/wp\/v2\/product\/76137","targetHints":{"allow":["GET"]}}],"collection":[{"href":"https:\/\/skinstudio.ee\/lt\/wp-json\/wp\/v2\/product"}],"about":[{"href":"https:\/\/skinstudio.ee\/lt\/wp-json\/wp\/v2\/types\/product"}],"version-history":[{"count":1,"href":"https:\/\/skinstudio.ee\/lt\/wp-json\/wp\/v2\/product\/76137\/revisions"}],"predecessor-version":[{"id":76138,"href":"https:\/\/skinstudio.ee\/lt\/wp-json\/wp\/v2\/product\/76137\/revisions\/76138"}],"wp:featuredmedia":[{"embeddable":true,"href":"https:\/\/skinstudio.ee\/lt\/wp-json\/wp\/v2\/media\/66143"}],"wp:attachment":[{"href":"https:\/\/skinstudio.ee\/lt\/wp-json\/wp\/v2\/media?parent=76137"}],"wp:term":[{"taxonomy":"pwb-brand","embeddable":true,"href":"https:\/\/skinstudio.ee\/lt\/wp-json\/wp\/v2\/pwb-brand?post=76137"},{"taxonomy":"product_brand","embeddable":true,"href":"https:\/\/skinstudio.ee\/lt\/wp-json\/wp\/v2\/product_brand?post=76137"},{"taxonomy":"product_cat","embeddable":true,"href":"https:\/\/skinstudio.ee\/lt\/wp-json\/wp\/v2\/product_cat?post=76137"},{"taxonomy":"product_tag","embeddable":true,"href":"https:\/\/skinstudio.ee\/lt\/wp-json\/wp\/v2\/product_tag?post=76137"},{"taxonomy":"giftcard-category","embeddable":true,"href":"https:\/\/skinstudio.ee\/lt\/wp-json\/wp\/v2\/giftcard-category?post=76137"}],"curies":[{"name":"wp","href":"https:\/\/api.w.org\/{rel}","templated":true}]}}