{"id":76145,"date":"2025-06-17T13:16:28","date_gmt":"2025-06-17T13:16:28","guid":{"rendered":"https:\/\/skinstudio.ee\/?post_type=product&#038;p=76145"},"modified":"2026-01-28T14:16:01","modified_gmt":"2026-01-28T14:16:01","slug":"glycolic-acid-resurfacing-cleanser","status":"publish","type":"product","link":"https:\/\/skinstudio.ee\/lt\/catalog\/replenix\/glycolic-acid-resurfacing-cleanser\/","title":{"rendered":"Glycolic Acid Resurfacing Cleanser"},"content":{"rendered":"<p data-start=\"1908\" data-end=\"2228\"><strong data-start=\"1908\" data-end=\"1959\">Glycolic Acid Resurfacing Cleanser nuo Replenix<\/strong> yra pa\u017eangus, dermatolog\u0173 sukurtas valomasis prausiklis, skirtas odos atnaujinimui ir glotninimui, kuris efektyviai pa\u0161alina ne\u0161varumus ir riebal\u0173 pertekli\u0173, nepa\u017eeisdamas nat\u016bralaus odos dr\u0117gm\u0117s balanso. Jis padeda pastebimai pagerinti odos tekst\u016br\u0105 ir por\u0173 i\u0161vaizd\u0105.<\/p>\n<p data-start=\"2230\" data-end=\"2431\">pH subalansuota formul\u0117 suteikia \u0161veln\u0173 \u0161veitimo efekt\u0105 valymo metu, i\u0161lygina odos pavir\u0161i\u0173 ir padeda suma\u017einti smulki\u0173 linij\u0173 matomum\u0105. Reguliariai naudojant oda atrodo \u0161varesn\u0117, lygesn\u0117 ir tolygesn\u0117.<\/p>\n<p data-start=\"2433\" data-end=\"2553\">Prausiklis tinka kasdieniam naudojimui, neperd\u017eiovina odos ir gerai paruo\u0161ia j\u0105 aktyvi\u0173 prie\u017ei\u016bros priemoni\u0173 naudojimui.<\/p>\n<p data-start=\"2555\" data-end=\"2597\"><strong data-start=\"2555\" data-end=\"2597\">Pagrindini\u0173 sudedam\u0173j\u0173 dali\u0173 poveikis:<\/strong><\/p>\n<p data-start=\"2599\" data-end=\"2936\"><strong data-start=\"2599\" data-end=\"2617\">Glycolic Acid:<\/strong> \u0161velniai \u0161vei\u010dia od\u0105, gerina tekst\u016br\u0105 ir suvienodina ton\u0105.<br data-start=\"2676\" data-end=\"2679\" \/><strong data-start=\"2679\" data-end=\"2763\">Vitaminai A, C ir E (Retinyl Palmitate, Ascorbyl Palmitate, Tocopheryl Acetate):<\/strong> suteikia antioksidacin\u0119 apsaug\u0105 ir padeda pagerinti bendr\u0105 odos i\u0161vaizd\u0105.<br data-start=\"2837\" data-end=\"2840\" \/><strong data-start=\"2840\" data-end=\"2873\">Ubiquinone (Kofermentas Q10):<\/strong> padeda palaikyti odos energij\u0105 ir i\u0161laikyti gaivesn\u0119 i\u0161vaizd\u0105.<\/p>\n<p data-start=\"2938\" data-end=\"3095\">\u0160i priemon\u0117 tinka odai su netolygiu reljefu, blankiu tonu ir matomomis poromis. Rekomenduojama reguliariam \u0161velniam atnaujinimui ir lygesniam odos pavir\u0161iui.<\/p>\n<p data-start=\"3097\" data-end=\"3114\"><strong data-start=\"3097\" data-end=\"3107\">T\u016bris:<\/strong> 200 ml<\/p>\n","protected":false},"excerpt":{"rendered":"<p data-start=\"3302\" data-end=\"3358\">Glikolio r\u016bg\u0161ties valomasis prausiklis odos atnaujinimui<\/p>\n<h2 data-start=\"3360\" data-end=\"3417\"><strong data-start=\"3360\" data-end=\"3417\">Replenix &#8211; Glycolic Acid Resurfacing Cleanser Savyb\u0117s<\/strong><\/h2>\n<p data-start=\"3419\" data-end=\"3623\">\u2714\ufe0f Nuvalo od\u0105 ir pa\u0161alina riebal\u0173 pertekli\u0173<br data-start=\"3462\" data-end=\"3465\" \/>\u2714\ufe0f \u0160velniai glotnina ir gerina tekst\u016br\u0105<br data-start=\"3504\" data-end=\"3507\" \/>\u2714\ufe0f Palieka od\u0105 \u0161varesn\u0119 ir gaivesn\u0119<br data-start=\"3542\" data-end=\"3545\" \/>\u2714\ufe0f Pagerina por\u0173 ir odos tono i\u0161vaizd\u0105<br data-start=\"3583\" data-end=\"3586\" \/>\u2714\ufe0f Paruo\u0161ia od\u0105 aktyviai prie\u017ei\u016brai<\/p>\n","protected":false},"featured_media":66149,"template":"","meta":[],"pwb-brand":[1254],"product_brand":[],"product_cat":[718],"product_tag":[],"giftcard-category":[],"class_list":{"0":"post-76145","1":"product","2":"type-product","3":"status-publish","4":"has-post-thumbnail","6":"pwb-brand-replenix","7":"product_cat-valymas","9":"first","10":"instock","11":"taxable","12":"shipping-taxable","13":"purchasable","14":"product-type-simple"},"acf":[],"brands":[{"id":1254,"name":"REPLENIX","slug":"replenix"}],"_links":{"self":[{"href":"https:\/\/skinstudio.ee\/lt\/wp-json\/wp\/v2\/product\/76145","targetHints":{"allow":["GET"]}}],"collection":[{"href":"https:\/\/skinstudio.ee\/lt\/wp-json\/wp\/v2\/product"}],"about":[{"href":"https:\/\/skinstudio.ee\/lt\/wp-json\/wp\/v2\/types\/product"}],"version-history":[{"count":1,"href":"https:\/\/skinstudio.ee\/lt\/wp-json\/wp\/v2\/product\/76145\/revisions"}],"predecessor-version":[{"id":76150,"href":"https:\/\/skinstudio.ee\/lt\/wp-json\/wp\/v2\/product\/76145\/revisions\/76150"}],"wp:featuredmedia":[{"embeddable":true,"href":"https:\/\/skinstudio.ee\/lt\/wp-json\/wp\/v2\/media\/66149"}],"wp:attachment":[{"href":"https:\/\/skinstudio.ee\/lt\/wp-json\/wp\/v2\/media?parent=76145"}],"wp:term":[{"taxonomy":"pwb-brand","embeddable":true,"href":"https:\/\/skinstudio.ee\/lt\/wp-json\/wp\/v2\/pwb-brand?post=76145"},{"taxonomy":"product_brand","embeddable":true,"href":"https:\/\/skinstudio.ee\/lt\/wp-json\/wp\/v2\/product_brand?post=76145"},{"taxonomy":"product_cat","embeddable":true,"href":"https:\/\/skinstudio.ee\/lt\/wp-json\/wp\/v2\/product_cat?post=76145"},{"taxonomy":"product_tag","embeddable":true,"href":"https:\/\/skinstudio.ee\/lt\/wp-json\/wp\/v2\/product_tag?post=76145"},{"taxonomy":"giftcard-category","embeddable":true,"href":"https:\/\/skinstudio.ee\/lt\/wp-json\/wp\/v2\/giftcard-category?post=76145"}],"curies":[{"name":"wp","href":"https:\/\/api.w.org\/{rel}","templated":true}]}}