{"id":76156,"date":"2025-05-31T08:44:02","date_gmt":"2025-05-31T08:44:02","guid":{"rendered":"https:\/\/skinstudio.ee\/?post_type=product&#038;p=76156"},"modified":"2026-01-28T14:16:01","modified_gmt":"2026-01-28T14:16:01","slug":"gly-sal-5-2-clarifying-pads","status":"publish","type":"product","link":"https:\/\/skinstudio.ee\/lt\/catalog\/replenix\/gly-sal-5-2-clarifying-pads\/","title":{"rendered":"Gly-Sal 5-2 Clarifying Pads"},"content":{"rendered":"<p data-start=\"1889\" data-end=\"2194\"><strong data-start=\"1889\" data-end=\"1933\">Gly-Sal 5-2 Clarifying Pads nuo Replenix<\/strong> yra valomieji diskeliai su 5% glikolio r\u016bg\u0161ties ir 2% salicilo r\u016bg\u0161ties deriniu, skirti veiksmingai prie\u017ei\u016brai odai, linkusiai \u012f b\u0117rimus. Formul\u0117 padeda \u0161velniai \u0161veisti od\u0105, valyti poras ir pa\u0161alinti riebal\u0173 pertekli\u0173, skatindama greitesn\u012f odos atsinaujinim\u0105.<\/p>\n<p data-start=\"2196\" data-end=\"2431\">Reguliariai naudojant diskeliai padeda suma\u017einti b\u0117rim\u0173 matomum\u0105, pagerina odos tekst\u016br\u0105 ir palieka od\u0105 vizualiai \u0161varesn\u0119 bei labiau subalansuot\u0105. Oda atrodo lygesn\u0117, gaivesn\u0117 ir tolygesn\u0117, o nauj\u0173 netobulum\u0173 atsiradimo rizika ma\u017e\u0117ja.<\/p>\n<p data-start=\"2433\" data-end=\"2571\">D\u0117l patogaus diskeli\u0173 formato produkt\u0105 lengva naudoti kasdien\u0117je odos prie\u017ei\u016broje ir jis padeda palaikyti \u0161varios bei gaivios odos poj\u016bt\u012f.<\/p>\n<p data-start=\"2573\" data-end=\"2615\"><strong data-start=\"2573\" data-end=\"2615\">Pagrindini\u0173 sudedam\u0173j\u0173 dali\u0173 poveikis:<\/strong><\/p>\n<p data-start=\"2617\" data-end=\"2906\"><strong data-start=\"2617\" data-end=\"2640\">Glycolic Acid (5%):<\/strong> pa\u0161alina negyvas odos l\u0105steles ir padeda pagerinti odos tekst\u016br\u0105.<br data-start=\"2706\" data-end=\"2709\" \/><strong data-start=\"2709\" data-end=\"2733\">Salicylic Acid (2%):<\/strong> padeda valyti poras, ma\u017einti b\u0117rimus ir u\u017ekirsti keli\u0105 naujiems netobulumams.<br data-start=\"2811\" data-end=\"2814\" \/><strong data-start=\"2814\" data-end=\"2853\">Hamamelis Virginiana (Witch Hazel):<\/strong> padeda subalansuoti od\u0105 ir suma\u017einti rieb\u0173 blizges\u012f.<\/p>\n<p data-start=\"2908\" data-end=\"3065\">Diskeliai tinka odai, linkusiai \u012f b\u0117rimus ir riebal\u0173 pertekli\u0173. Rekomenduojami reguliariam valymui, odos atnaujinimui ir \u0161varesn\u0117s odos i\u0161vaizdos palaikymui.<\/p>\n<p data-start=\"3067\" data-end=\"3090\"><strong data-start=\"3067\" data-end=\"3077\">T\u016bris:<\/strong> 60 diskeliai<\/p>\n","protected":false},"excerpt":{"rendered":"<p data-start=\"3258\" data-end=\"3288\">Valomieji diskeliai nuo b\u0117rim\u0173<\/p>\n<h2 data-start=\"3290\" data-end=\"3340\"><strong data-start=\"3290\" data-end=\"3340\">Replenix &#8211; Gly-Sal 5-2 Clarifying Pads Savyb\u0117s<\/strong><\/h2>\n<p data-start=\"3342\" data-end=\"3554\">\u2714\ufe0f Giliai valo poras ir odos pavir\u0161i\u0173<br data-start=\"3379\" data-end=\"3382\" \/>\u2714\ufe0f Aktyviai ma\u017eina b\u0117rimus ir netobulumus<br data-start=\"3423\" data-end=\"3426\" \/>\u2714\ufe0f Kontroliuoja riebal\u0173 pertekli\u0173 ir blizges\u012f<br data-start=\"3471\" data-end=\"3474\" \/>\u2714\ufe0f Gerina odos tekst\u016br\u0105 ir i\u0161vaizd\u0105<br data-start=\"3509\" data-end=\"3512\" \/>\u2714\ufe0f Padeda palaikyti \u0161vari\u0105 ir matin\u0119 od\u0105<\/p>\n","protected":false},"featured_media":66159,"template":"","meta":[],"pwb-brand":[1254],"product_brand":[],"product_cat":[742,744,748,722,718],"product_tag":[],"giftcard-category":[],"class_list":{"0":"post-76156","1":"product","2":"type-product","3":"status-publish","4":"has-post-thumbnail","6":"pwb-brand-replenix","7":"product_cat-berimai","8":"product_cat-issipletusios-poros","9":"product_cat-taukainai-adai-lt","10":"product_cat-toneriai","11":"product_cat-valymas","13":"first","14":"instock","15":"taxable","16":"shipping-taxable","17":"purchasable","18":"product-type-simple"},"acf":[],"brands":[{"id":1254,"name":"REPLENIX","slug":"replenix"}],"_links":{"self":[{"href":"https:\/\/skinstudio.ee\/lt\/wp-json\/wp\/v2\/product\/76156","targetHints":{"allow":["GET"]}}],"collection":[{"href":"https:\/\/skinstudio.ee\/lt\/wp-json\/wp\/v2\/product"}],"about":[{"href":"https:\/\/skinstudio.ee\/lt\/wp-json\/wp\/v2\/types\/product"}],"version-history":[{"count":1,"href":"https:\/\/skinstudio.ee\/lt\/wp-json\/wp\/v2\/product\/76156\/revisions"}],"predecessor-version":[{"id":76157,"href":"https:\/\/skinstudio.ee\/lt\/wp-json\/wp\/v2\/product\/76156\/revisions\/76157"}],"wp:featuredmedia":[{"embeddable":true,"href":"https:\/\/skinstudio.ee\/lt\/wp-json\/wp\/v2\/media\/66159"}],"wp:attachment":[{"href":"https:\/\/skinstudio.ee\/lt\/wp-json\/wp\/v2\/media?parent=76156"}],"wp:term":[{"taxonomy":"pwb-brand","embeddable":true,"href":"https:\/\/skinstudio.ee\/lt\/wp-json\/wp\/v2\/pwb-brand?post=76156"},{"taxonomy":"product_brand","embeddable":true,"href":"https:\/\/skinstudio.ee\/lt\/wp-json\/wp\/v2\/product_brand?post=76156"},{"taxonomy":"product_cat","embeddable":true,"href":"https:\/\/skinstudio.ee\/lt\/wp-json\/wp\/v2\/product_cat?post=76156"},{"taxonomy":"product_tag","embeddable":true,"href":"https:\/\/skinstudio.ee\/lt\/wp-json\/wp\/v2\/product_tag?post=76156"},{"taxonomy":"giftcard-category","embeddable":true,"href":"https:\/\/skinstudio.ee\/lt\/wp-json\/wp\/v2\/giftcard-category?post=76156"}],"curies":[{"name":"wp","href":"https:\/\/api.w.org\/{rel}","templated":true}]}}