{"id":76164,"date":"2024-11-21T15:39:17","date_gmt":"2024-11-21T15:39:17","guid":{"rendered":"https:\/\/skinstudio.ee\/?post_type=product&#038;p=76164"},"modified":"2026-01-28T14:16:00","modified_gmt":"2026-01-28T14:16:00","slug":"bp-10-acne-wash-aloe-vera","status":"publish","type":"product","link":"https:\/\/skinstudio.ee\/lt\/catalog\/replenix\/bp-10-acne-wash-aloe-vera\/","title":{"rendered":"BP 10% Acne Wash + Aloe Vera"},"content":{"rendered":"<p data-start=\"1801\" data-end=\"2082\"><strong data-start=\"1801\" data-end=\"1846\">BP 10% Acne Wash + Aloe Vera nuo Replenix<\/strong> yra intensyvus valomasis prausiklis, skirtas odai, linkusiai \u012f b\u0117rimus, su 10% benzoilo peroksidu ir alaviju. Formul\u0117 padeda giliai i\u0161valyti poras, suma\u017einti su akne susijusias bakterijas ir palaikyti \u0161varesn\u0119, tolygesn\u0119 odos i\u0161vaizd\u0105.<\/p>\n<p data-start=\"2084\" data-end=\"2292\">Prausiklis efektyviai pa\u0161alina ne\u0161varumus ir riebal\u0173 pertekli\u0173, neperd\u017eiovindamas ir nedirgindamas odos. pH subalansuota formul\u0117 padeda i\u0161laikyti odos komfort\u0105 naudojimo metu ir palieka od\u0105 \u0161vari\u0105 bei gaivi\u0105.<\/p>\n<p data-start=\"2294\" data-end=\"2387\">D\u0117l alavijo papildymo oda po prausimo jau\u010diasi ramesn\u0117 ir komforti\u0161kesn\u0117, be tempimo poj\u016b\u010dio.<\/p>\n<p data-start=\"2389\" data-end=\"2431\"><strong data-start=\"2389\" data-end=\"2431\">Pagrindini\u0173 sudedam\u0173j\u0173 dali\u0173 poveikis:<\/strong><\/p>\n<p data-start=\"2433\" data-end=\"2683\"><strong data-start=\"2433\" data-end=\"2460\">Benzoyl Peroxide (10%):<\/strong> padeda giliai valyti poras ir ma\u017einti b\u0117rimus.<br data-start=\"2507\" data-end=\"2510\" \/><strong data-start=\"2510\" data-end=\"2556\">Aloe Vera (Aloe Barbadensis Leaf Extract):<\/strong> padeda raminti od\u0105 ir palaikyti jos komfort\u0105.<br data-start=\"2602\" data-end=\"2605\" \/><strong data-start=\"2605\" data-end=\"2622\">Stearic Acid:<\/strong> padeda palaikyti valom\u0105j\u012f formul\u0117s poveik\u012f ir odos komfort\u0105.<\/p>\n<p data-start=\"2685\" data-end=\"2851\">\u0160is prausiklis tinka odai, linkusiai \u012f b\u0117rimus, akn\u0119 ir riebal\u0173 pertekli\u0173. Rekomenduojamas reguliariam valymui ir \u0161varesn\u0117s, labiau matin\u0117s odos i\u0161vaizdos palaikymui.<\/p>\n<p data-start=\"2853\" data-end=\"2870\"><strong data-start=\"2853\" data-end=\"2863\">T\u016bris:<\/strong> 200 ml<\/p>\n","protected":false},"excerpt":{"rendered":"<p data-start=\"3080\" data-end=\"3111\">Valomasis prausiklis nuo b\u0117rim\u0173<\/p>\n<h2 data-start=\"3113\" data-end=\"3164\"><strong data-start=\"3113\" data-end=\"3164\">Replenix &#8211; BP 10% Acne Wash + Aloe Vera Savyb\u0117s<\/strong><\/h2>\n<p data-start=\"3166\" data-end=\"3367\">\u2714\ufe0f Giliai valo od\u0105 ir poras<br data-start=\"3193\" data-end=\"3196\" \/>\u2714\ufe0f Aktyviai ma\u017eina b\u0117rimus ir netobulumus<br data-start=\"3237\" data-end=\"3240\" \/>\u2714\ufe0f Kontroliuoja riebal\u0173 pertekli\u0173 ir blizges\u012f<br data-start=\"3285\" data-end=\"3288\" \/>\u2714\ufe0f Padeda i\u0161laikyti od\u0105 \u0161vari\u0105 ir matin\u0119<br data-start=\"3328\" data-end=\"3331\" \/>\u2714\ufe0f Palieka od\u0105 gaivesn\u0119 ir lygesn\u0119<\/p>\n","protected":false},"featured_media":64371,"template":"","meta":[],"pwb-brand":[1254],"product_brand":[],"product_cat":[748,718],"product_tag":[],"giftcard-category":[],"class_list":{"0":"post-76164","1":"product","2":"type-product","3":"status-publish","4":"has-post-thumbnail","6":"pwb-brand-replenix","7":"product_cat-taukainai-adai-lt","8":"product_cat-valymas","10":"first","11":"instock","12":"taxable","13":"shipping-taxable","14":"purchasable","15":"product-type-simple"},"acf":[],"brands":[{"id":1254,"name":"REPLENIX","slug":"replenix"}],"_links":{"self":[{"href":"https:\/\/skinstudio.ee\/lt\/wp-json\/wp\/v2\/product\/76164","targetHints":{"allow":["GET"]}}],"collection":[{"href":"https:\/\/skinstudio.ee\/lt\/wp-json\/wp\/v2\/product"}],"about":[{"href":"https:\/\/skinstudio.ee\/lt\/wp-json\/wp\/v2\/types\/product"}],"version-history":[{"count":1,"href":"https:\/\/skinstudio.ee\/lt\/wp-json\/wp\/v2\/product\/76164\/revisions"}],"predecessor-version":[{"id":76166,"href":"https:\/\/skinstudio.ee\/lt\/wp-json\/wp\/v2\/product\/76164\/revisions\/76166"}],"wp:featuredmedia":[{"embeddable":true,"href":"https:\/\/skinstudio.ee\/lt\/wp-json\/wp\/v2\/media\/64371"}],"wp:attachment":[{"href":"https:\/\/skinstudio.ee\/lt\/wp-json\/wp\/v2\/media?parent=76164"}],"wp:term":[{"taxonomy":"pwb-brand","embeddable":true,"href":"https:\/\/skinstudio.ee\/lt\/wp-json\/wp\/v2\/pwb-brand?post=76164"},{"taxonomy":"product_brand","embeddable":true,"href":"https:\/\/skinstudio.ee\/lt\/wp-json\/wp\/v2\/product_brand?post=76164"},{"taxonomy":"product_cat","embeddable":true,"href":"https:\/\/skinstudio.ee\/lt\/wp-json\/wp\/v2\/product_cat?post=76164"},{"taxonomy":"product_tag","embeddable":true,"href":"https:\/\/skinstudio.ee\/lt\/wp-json\/wp\/v2\/product_tag?post=76164"},{"taxonomy":"giftcard-category","embeddable":true,"href":"https:\/\/skinstudio.ee\/lt\/wp-json\/wp\/v2\/giftcard-category?post=76164"}],"curies":[{"name":"wp","href":"https:\/\/api.w.org\/{rel}","templated":true}]}}