{"id":76174,"date":"2024-11-21T14:14:35","date_gmt":"2024-11-21T14:14:35","guid":{"rendered":"https:\/\/skinstudio.ee\/?post_type=product&#038;p=76174"},"modified":"2026-01-28T14:16:00","modified_gmt":"2026-01-28T14:16:00","slug":"bp-5-acne-wash","status":"publish","type":"product","link":"https:\/\/skinstudio.ee\/lt\/catalog\/replenix\/bp-5-acne-wash\/","title":{"rendered":"BP 5% Acne Wash"},"content":{"rendered":"<p data-start=\"1758\" data-end=\"2016\"><strong data-start=\"1758\" data-end=\"1790\">BP 5% Acne Wash nuo Replenix<\/strong> yra valomasis prausiklis su 5% benzoilo peroksidu, skirtas kasdienei prie\u017ei\u016brai odai, linkusiai \u012f b\u0117rimus. Formul\u0117 padeda i\u0161valyti poras, suma\u017einti su akne susijusias bakterijas ir palaikyti \u0161varesn\u0119, tolygesn\u0119 odos i\u0161vaizd\u0105.<\/p>\n<p data-start=\"2018\" data-end=\"2226\">Prausiklis efektyviai pa\u0161alina ne\u0161varumus ir riebal\u0173 pertekli\u0173, neperd\u017eiovindamas ir nedirgindamas odos. pH subalansuota formul\u0117 padeda i\u0161laikyti odos komfort\u0105 naudojimo metu ir palieka od\u0105 \u0161vari\u0105 bei gaivi\u0105.<\/p>\n<p data-start=\"2228\" data-end=\"2356\">D\u0117l \u0161velnesn\u0117s benzoilo peroksido koncentracijos produktas tinka reguliariam, kasdieniam naudojimui ir patogiai odos prie\u017ei\u016brai.<\/p>\n<p data-start=\"2358\" data-end=\"2400\"><strong data-start=\"2358\" data-end=\"2400\">Pagrindini\u0173 sudedam\u0173j\u0173 dali\u0173 poveikis:<\/strong><\/p>\n<p data-start=\"2402\" data-end=\"2634\"><strong data-start=\"2402\" data-end=\"2428\">Benzoyl Peroxide (5%):<\/strong> padeda valyti poras ir ma\u017einti b\u0117rimus.<br data-start=\"2468\" data-end=\"2471\" \/><strong data-start=\"2471\" data-end=\"2488\">Stearic Acid:<\/strong> padeda palaikyti formul\u0117s valom\u0105j\u012f poveik\u012f ir odos komfort\u0105.<br data-start=\"2549\" data-end=\"2552\" \/><strong data-start=\"2552\" data-end=\"2565\">Carbomer:<\/strong> padeda u\u017etikrinti maloni\u0105 tekst\u016br\u0105 ir tolyg\u0173 pasiskirstym\u0105 ant odos.<\/p>\n<p data-start=\"2636\" data-end=\"2825\">\u0160is prausiklis tinka odai, linkusiai \u012f b\u0117rimus, riebal\u0173 pertekli\u0173 ir protarpinius u\u017edegimus. Rekomenduojamas kasdieniam valymui ir \u0161varesn\u0117s, labiau subalansuotos odos i\u0161vaizdos palaikymui.<\/p>\n<p data-start=\"2827\" data-end=\"2844\"><strong data-start=\"2827\" data-end=\"2837\">T\u016bris:<\/strong> 200 ml<\/p>\n","protected":false},"excerpt":{"rendered":"<p data-start=\"3050\" data-end=\"3081\">Valomasis prausiklis nuo b\u0117rim\u0173<\/p>\n<h2 data-start=\"3083\" data-end=\"3121\"><strong data-start=\"3083\" data-end=\"3121\">Replenix &#8211; BP 5% Acne Wash Savyb\u0117s<\/strong><\/h2>\n<p data-start=\"3123\" data-end=\"3310\">\u2714\ufe0f \u0160velniai ir veiksmingai valo od\u0105<br data-start=\"3158\" data-end=\"3161\" \/>\u2714\ufe0f Padeda ma\u017einti b\u0117rimus ir paraudim\u0105<br data-start=\"3199\" data-end=\"3202\" \/>\u2714\ufe0f I\u0161valo poras ir ma\u017eina riebalavim\u0105si<br data-start=\"3241\" data-end=\"3244\" \/>\u2714\ufe0f Tinka kasdieniam naudojimui<br data-start=\"3274\" data-end=\"3277\" \/>\u2714\ufe0f Palieka od\u0105 \u0161vari\u0105 ir gaivi\u0105<\/p>\n","protected":false},"featured_media":66164,"template":"","meta":[],"pwb-brand":[1254],"product_brand":[],"product_cat":[748,718],"product_tag":[],"giftcard-category":[],"class_list":{"0":"post-76174","1":"product","2":"type-product","3":"status-publish","4":"has-post-thumbnail","6":"pwb-brand-replenix","7":"product_cat-taukainai-adai-lt","8":"product_cat-valymas","10":"first","11":"instock","12":"taxable","13":"shipping-taxable","14":"purchasable","15":"product-type-simple"},"acf":[],"brands":[{"id":1254,"name":"REPLENIX","slug":"replenix"}],"_links":{"self":[{"href":"https:\/\/skinstudio.ee\/lt\/wp-json\/wp\/v2\/product\/76174","targetHints":{"allow":["GET"]}}],"collection":[{"href":"https:\/\/skinstudio.ee\/lt\/wp-json\/wp\/v2\/product"}],"about":[{"href":"https:\/\/skinstudio.ee\/lt\/wp-json\/wp\/v2\/types\/product"}],"version-history":[{"count":1,"href":"https:\/\/skinstudio.ee\/lt\/wp-json\/wp\/v2\/product\/76174\/revisions"}],"predecessor-version":[{"id":76176,"href":"https:\/\/skinstudio.ee\/lt\/wp-json\/wp\/v2\/product\/76174\/revisions\/76176"}],"wp:featuredmedia":[{"embeddable":true,"href":"https:\/\/skinstudio.ee\/lt\/wp-json\/wp\/v2\/media\/66164"}],"wp:attachment":[{"href":"https:\/\/skinstudio.ee\/lt\/wp-json\/wp\/v2\/media?parent=76174"}],"wp:term":[{"taxonomy":"pwb-brand","embeddable":true,"href":"https:\/\/skinstudio.ee\/lt\/wp-json\/wp\/v2\/pwb-brand?post=76174"},{"taxonomy":"product_brand","embeddable":true,"href":"https:\/\/skinstudio.ee\/lt\/wp-json\/wp\/v2\/product_brand?post=76174"},{"taxonomy":"product_cat","embeddable":true,"href":"https:\/\/skinstudio.ee\/lt\/wp-json\/wp\/v2\/product_cat?post=76174"},{"taxonomy":"product_tag","embeddable":true,"href":"https:\/\/skinstudio.ee\/lt\/wp-json\/wp\/v2\/product_tag?post=76174"},{"taxonomy":"giftcard-category","embeddable":true,"href":"https:\/\/skinstudio.ee\/lt\/wp-json\/wp\/v2\/giftcard-category?post=76174"}],"curies":[{"name":"wp","href":"https:\/\/api.w.org\/{rel}","templated":true}]}}