{"id":76185,"date":"2024-11-15T14:07:16","date_gmt":"2024-11-15T14:07:16","guid":{"rendered":"https:\/\/skinstudio.ee\/?post_type=product&#038;p=76185"},"modified":"2026-01-28T14:16:00","modified_gmt":"2026-01-28T14:16:00","slug":"bp-acne-gel-10-spot-treatment","status":"publish","type":"product","link":"https:\/\/skinstudio.ee\/lt\/catalog\/replenix\/bp-acne-gel-10-spot-treatment\/","title":{"rendered":"BP Acne Gel 10% Spot Treatment"},"content":{"rendered":"<p data-start=\"1974\" data-end=\"2234\"><strong data-start=\"1974\" data-end=\"2021\">BP Acne Gel 10% Spot Treatment nuo Replenix<\/strong> yra koncentruota priemon\u0117 lokaliai prie\u017ei\u016brai odai, linkusiai \u012f b\u0117rimus. Formul\u0117 su 10% benzoilo peroksidu padeda greitai paveikti problemines vietas, ma\u017einant b\u0117rim\u0173 matomum\u0105 ir palaikant \u0161varesn\u0119 odos i\u0161vaizd\u0105.<\/p>\n<p data-start=\"2236\" data-end=\"2384\">Gelis tepamas lokaliai ir veikia tik ten, kur reikia, neapkraunant likusios odos. Lengva tekst\u016bra greitai susigeria ir nepalieka lipnumo ar liku\u010di\u0173.<\/p>\n<p data-start=\"2386\" data-end=\"2509\">Tinkamai ir reguliariai naudojant priemon\u0117 padeda suma\u017einti nauj\u0173 netobulum\u0173 atsiradim\u0105 ir palaikyti lygesn\u012f odos pavir\u0161i\u0173.<\/p>\n<p data-start=\"2511\" data-end=\"2553\"><strong data-start=\"2511\" data-end=\"2553\">Pagrindini\u0173 sudedam\u0173j\u0173 dali\u0173 poveikis:<\/strong><\/p>\n<p data-start=\"2555\" data-end=\"2783\"><strong data-start=\"2555\" data-end=\"2582\">Benzoyl Peroxide (10%):<\/strong> padeda aktyviai veikti b\u0117rimus ir ma\u017einti j\u0173 matomum\u0105.<br data-start=\"2637\" data-end=\"2640\" \/><strong data-start=\"2640\" data-end=\"2653\">Carbomer:<\/strong> u\u017etikrina lengv\u0105 gelin\u0119 tekst\u016br\u0105 tiksliam lokaliam naudojimui.<br data-start=\"2716\" data-end=\"2719\" \/><strong data-start=\"2719\" data-end=\"2736\">Stearic Acid:<\/strong> padeda palaikyti odos komfort\u0105 naudojimo metu.<\/p>\n<p data-start=\"2785\" data-end=\"2915\">Priemon\u0117 tinka odai, kuriai pasirei\u0161kia lokal\u016bs b\u0117rimai ir pavieniai netobulumai. Rekomenduojama naudoti tik problemin\u0117se vietose.<\/p>\n<p data-start=\"2917\" data-end=\"2932\"><strong data-start=\"2917\" data-end=\"2927\">T\u016bris:<\/strong> 57 g<\/p>\n","protected":false},"excerpt":{"rendered":"<p data-start=\"3353\" data-end=\"3379\">Lokali priemon\u0117 nuo b\u0117rim\u0173<\/p>\n<h2 data-start=\"3381\" data-end=\"3434\"><strong data-start=\"3381\" data-end=\"3434\">Replenix &#8211; BP Acne Gel 10% Spot Treatment Savyb\u0117s<\/strong><\/h2>\n<p data-start=\"3436\" data-end=\"3630\">\u2714\ufe0f Tikslingai veikia b\u0117rimus<br data-start=\"3464\" data-end=\"3467\" \/>\u2714\ufe0f Greitai ma\u017eina paraudim\u0105 ir u\u017edegim\u0105<br data-start=\"3506\" data-end=\"3509\" \/>\u2714\ufe0f Padeda i\u0161vengti nauj\u0173 netobulum\u0173<br data-start=\"3544\" data-end=\"3547\" \/>\u2714\ufe0f Neapkrauna odos lokaliai naudojant<br data-start=\"3584\" data-end=\"3587\" \/>\u2714\ufe0f Greitai susigeria ir nepalieka p\u0117dsak\u0173<\/p>\n","protected":false},"featured_media":66169,"template":"","meta":[],"pwb-brand":[1254],"product_brand":[],"product_cat":[742],"product_tag":[],"giftcard-category":[],"class_list":{"0":"post-76185","1":"product","2":"type-product","3":"status-publish","4":"has-post-thumbnail","6":"pwb-brand-replenix","7":"product_cat-berimai","9":"first","10":"instock","11":"taxable","12":"shipping-taxable","13":"purchasable","14":"product-type-simple"},"acf":[],"brands":[{"id":1254,"name":"REPLENIX","slug":"replenix"}],"_links":{"self":[{"href":"https:\/\/skinstudio.ee\/lt\/wp-json\/wp\/v2\/product\/76185","targetHints":{"allow":["GET"]}}],"collection":[{"href":"https:\/\/skinstudio.ee\/lt\/wp-json\/wp\/v2\/product"}],"about":[{"href":"https:\/\/skinstudio.ee\/lt\/wp-json\/wp\/v2\/types\/product"}],"version-history":[{"count":1,"href":"https:\/\/skinstudio.ee\/lt\/wp-json\/wp\/v2\/product\/76185\/revisions"}],"predecessor-version":[{"id":76189,"href":"https:\/\/skinstudio.ee\/lt\/wp-json\/wp\/v2\/product\/76185\/revisions\/76189"}],"wp:featuredmedia":[{"embeddable":true,"href":"https:\/\/skinstudio.ee\/lt\/wp-json\/wp\/v2\/media\/66169"}],"wp:attachment":[{"href":"https:\/\/skinstudio.ee\/lt\/wp-json\/wp\/v2\/media?parent=76185"}],"wp:term":[{"taxonomy":"pwb-brand","embeddable":true,"href":"https:\/\/skinstudio.ee\/lt\/wp-json\/wp\/v2\/pwb-brand?post=76185"},{"taxonomy":"product_brand","embeddable":true,"href":"https:\/\/skinstudio.ee\/lt\/wp-json\/wp\/v2\/product_brand?post=76185"},{"taxonomy":"product_cat","embeddable":true,"href":"https:\/\/skinstudio.ee\/lt\/wp-json\/wp\/v2\/product_cat?post=76185"},{"taxonomy":"product_tag","embeddable":true,"href":"https:\/\/skinstudio.ee\/lt\/wp-json\/wp\/v2\/product_tag?post=76185"},{"taxonomy":"giftcard-category","embeddable":true,"href":"https:\/\/skinstudio.ee\/lt\/wp-json\/wp\/v2\/giftcard-category?post=76185"}],"curies":[{"name":"wp","href":"https:\/\/api.w.org\/{rel}","templated":true}]}}