{"id":76370,"date":"2025-08-07T11:31:59","date_gmt":"2025-08-07T11:31:59","guid":{"rendered":"https:\/\/skinstudio.ee\/?post_type=product&#038;p=76370"},"modified":"2026-01-28T14:15:59","modified_gmt":"2026-01-28T14:15:59","slug":"c-infusion-cleanser","status":"publish","type":"product","link":"https:\/\/skinstudio.ee\/lt\/catalog\/dermaquest\/c-infusion-cleanser\/","title":{"rendered":"C Infusion Cleanser"},"content":{"rendered":"<p data-start=\"1728\" data-end=\"2029\"><strong data-start=\"1728\" data-end=\"1766\">C Infusion Cleanser nuo Dermaquest<\/strong> yra dr\u0117kinantis, putojantis prausiklis su vitaminu C ir antioksidant\u0173 kompleksu, skirtas \u0161velniam, bet veiksmingam kasdieniam odos valymui. Formul\u0117 pa\u0161alina ne\u0161varumus ir riebal\u0173 pertekli\u0173, pad\u0117dama i\u0161laikyti gaivesn\u0119, lygesn\u0119 ir labiau pri\u017ei\u016br\u0117t\u0105 odos i\u0161vaizd\u0105.<\/p>\n<p data-start=\"2031\" data-end=\"2235\">Valymo metu oda gauna antioksidacin\u0119 apsaug\u0105, kuri padeda palaikyti \u0161viesesn\u012f, tolygesn\u012f ir sveikesn\u012f veido ton\u0105. Po prausimo oda jau\u010diasi \u0161velni, komforti\u0161ka ir sudr\u0117kinta, be tempimo ar sausumo poj\u016b\u010dio.<\/p>\n<p data-start=\"2237\" data-end=\"2331\">Priemon\u0117 tinka reguliariam naudojimui tiek rytin\u0117je, tiek vakarin\u0117je odos prie\u017ei\u016bros rutinoje.<\/p>\n<p data-start=\"2333\" data-end=\"2375\"><strong data-start=\"2333\" data-end=\"2375\">Pagrindini\u0173 sudedam\u0173j\u0173 dali\u0173 poveikis:<\/strong><\/p>\n<p data-start=\"2377\" data-end=\"2656\"><strong data-start=\"2377\" data-end=\"2419\">Vitamin C (Tetrahexyldecyl Ascorbate):<\/strong> padeda palaikyti odos \u0161vyt\u0117jim\u0105 ir tolygesn\u012f ton\u0105.<br data-start=\"2470\" data-end=\"2473\" \/><strong data-start=\"2473\" data-end=\"2487\">Panthenol:<\/strong> padeda i\u0161laikyti odos komfort\u0105 ir dr\u0117gm\u0117s balans\u0105.<br data-start=\"2538\" data-end=\"2541\" \/><strong data-start=\"2541\" data-end=\"2579\">Thioctic Acid (Alpha Lipoic Acid):<\/strong> suteikia antioksidacin\u0119 apsaug\u0105 ir padeda saugoti od\u0105 nuo i\u0161orini\u0173 veiksni\u0173.<\/p>\n<p data-start=\"2658\" data-end=\"2831\">Prausiklis tinka odai su blankiu tonu, nuovargio po\u017eymiais ir dr\u0117gm\u0117s tr\u016bkumu. Rekomenduojamas kasdieniam valymui ir gaivesn\u0117s, labiau pri\u017ei\u016br\u0117tos odos i\u0161vaizdos palaikymui.<\/p>\n<p data-start=\"2833\" data-end=\"2850\"><strong data-start=\"2833\" data-end=\"2843\">T\u016bris:<\/strong> 178 ml<\/p>\n","protected":false},"excerpt":{"rendered":"<p data-start=\"2992\" data-end=\"3026\">Valomasis prausiklis su vitaminu C<\/p>\n<h2 data-start=\"3028\" data-end=\"3072\"><strong data-start=\"3028\" data-end=\"3072\">Dermaquest &#8211; C Infusion Cleanser Savyb\u0117s<\/strong><\/h2>\n<p data-start=\"3074\" data-end=\"3277\">\u2714\ufe0f \u0160velniai valo od\u0105 be tempimo poj\u016b\u010dio<br data-start=\"3113\" data-end=\"3116\" \/>\u2714\ufe0f Palaiko gaiv\u0173 ir \u0161vytint\u012f odos vaizd\u0105<br data-start=\"3156\" data-end=\"3159\" \/>\u2714\ufe0f Padeda atgaivinti ir suvienodinti ton\u0105<br data-start=\"3200\" data-end=\"3203\" \/>\u2714\ufe0f Suteikia odai antioksidacin\u0119 apsaug\u0105<br data-start=\"3242\" data-end=\"3245\" \/>\u2714\ufe0f Tinka kasdieniam naudojimui<\/p>\n","protected":false},"featured_media":76194,"template":"","meta":[],"pwb-brand":[1258],"product_brand":[],"product_cat":[718],"product_tag":[],"giftcard-category":[],"class_list":{"0":"post-76370","1":"product","2":"type-product","3":"status-publish","4":"has-post-thumbnail","6":"pwb-brand-dermaquest","7":"product_cat-valymas","9":"first","10":"instock","11":"taxable","12":"shipping-taxable","13":"purchasable","14":"product-type-simple"},"acf":[],"brands":[{"id":1258,"name":"Dermaquest","slug":"dermaquest"}],"_links":{"self":[{"href":"https:\/\/skinstudio.ee\/lt\/wp-json\/wp\/v2\/product\/76370","targetHints":{"allow":["GET"]}}],"collection":[{"href":"https:\/\/skinstudio.ee\/lt\/wp-json\/wp\/v2\/product"}],"about":[{"href":"https:\/\/skinstudio.ee\/lt\/wp-json\/wp\/v2\/types\/product"}],"version-history":[{"count":1,"href":"https:\/\/skinstudio.ee\/lt\/wp-json\/wp\/v2\/product\/76370\/revisions"}],"predecessor-version":[{"id":76371,"href":"https:\/\/skinstudio.ee\/lt\/wp-json\/wp\/v2\/product\/76370\/revisions\/76371"}],"wp:featuredmedia":[{"embeddable":true,"href":"https:\/\/skinstudio.ee\/lt\/wp-json\/wp\/v2\/media\/76194"}],"wp:attachment":[{"href":"https:\/\/skinstudio.ee\/lt\/wp-json\/wp\/v2\/media?parent=76370"}],"wp:term":[{"taxonomy":"pwb-brand","embeddable":true,"href":"https:\/\/skinstudio.ee\/lt\/wp-json\/wp\/v2\/pwb-brand?post=76370"},{"taxonomy":"product_brand","embeddable":true,"href":"https:\/\/skinstudio.ee\/lt\/wp-json\/wp\/v2\/product_brand?post=76370"},{"taxonomy":"product_cat","embeddable":true,"href":"https:\/\/skinstudio.ee\/lt\/wp-json\/wp\/v2\/product_cat?post=76370"},{"taxonomy":"product_tag","embeddable":true,"href":"https:\/\/skinstudio.ee\/lt\/wp-json\/wp\/v2\/product_tag?post=76370"},{"taxonomy":"giftcard-category","embeddable":true,"href":"https:\/\/skinstudio.ee\/lt\/wp-json\/wp\/v2\/giftcard-category?post=76370"}],"curies":[{"name":"wp","href":"https:\/\/api.w.org\/{rel}","templated":true}]}}