{"id":76384,"date":"2025-07-29T12:50:55","date_gmt":"2025-07-29T12:50:55","guid":{"rendered":"https:\/\/skinstudio.ee\/?post_type=product&#038;p=76384"},"modified":"2026-01-28T14:15:59","modified_gmt":"2026-01-28T14:15:59","slug":"bha-cleanser","status":"publish","type":"product","link":"https:\/\/skinstudio.ee\/lt\/catalog\/dermaquest\/bha-cleanser\/","title":{"rendered":"BHA Cleanser"},"content":{"rendered":"<p data-start=\"1919\" data-end=\"2197\"><strong data-start=\"1919\" data-end=\"1950\">BHA Cleanser nuo Dermaquest<\/strong> yra valomasis pienelis odai, linkusiai \u012f b\u0117rimus, skirtas \u0161velniam, bet veiksmingam por\u0173 valymui ir riebal\u0173 kontrol\u0117i. Formul\u0117 su 2% salicilo r\u016bg\u0161timi padeda tirpdyti riebal\u0173 pertekli\u0173, valyti poras ir palaikyti \u0161varesn\u0119, tolygesn\u0119 odos i\u0161vaizd\u0105.<\/p>\n<p data-start=\"2199\" data-end=\"2414\">Priemon\u0117 ne tik valo od\u0105, bet ir palaiko \u0161veln\u0173 jos atsinaujinim\u0105, pad\u0117dama pagerinti tekst\u016br\u0105 ir suma\u017einti netobulum\u0173 matomum\u0105. Po naudojimo oda atrodo gaivesn\u0117, \u0161varesn\u0117 ir labiau subalansuota, be sunkumo poj\u016b\u010dio.<\/p>\n<p data-start=\"2416\" data-end=\"2563\">D\u0117l pienelio tekst\u016bros produktas veikia \u0161velniau nei klasikiniai geliniai prausikliai ir tinka reguliariam naudojimui problemin\u0117s odos prie\u017ei\u016broje.<\/p>\n<p data-start=\"2565\" data-end=\"2607\"><strong data-start=\"2565\" data-end=\"2607\">Pagrindini\u0173 sudedam\u0173j\u0173 dali\u0173 poveikis:<\/strong><\/p>\n<p data-start=\"2609\" data-end=\"2850\"><strong data-start=\"2609\" data-end=\"2633\">Salicylic Acid (2%):<\/strong> padeda valyti poras, ma\u017einti b\u0117rimus ir kontroliuoti riebal\u0173 pertekli\u0173.<br data-start=\"2705\" data-end=\"2708\" \/><strong data-start=\"2708\" data-end=\"2725\">Tea Tree Oil:<\/strong> padeda valyti od\u0105 ir ma\u017einti u\u017edegimo po\u017eymius.<br data-start=\"2773\" data-end=\"2776\" \/><strong data-start=\"2776\" data-end=\"2789\">Sorbitol:<\/strong> padeda palaikyti odos komfort\u0105 ir apsaugoti nuo i\u0161saus\u0117jimo.<\/p>\n<p data-start=\"2852\" data-end=\"3013\">Prausiklis tinka riebiai ir mi\u0161riai odai, linkusiai \u012f b\u0117rimus, ink\u0161tirus ir blizges\u012f. Rekomenduojamas reguliariam valymui ir \u0161varesn\u0117s odos i\u0161vaizdos palaikymui.<\/p>\n<p data-start=\"3015\" data-end=\"3032\"><strong data-start=\"3015\" data-end=\"3025\">T\u016bris:<\/strong> 178 ml<\/p>\n","protected":false},"excerpt":{"rendered":"<p data-start=\"3365\" data-end=\"3400\">Valomasis pienelis probleminei odai<\/p>\n<h2 data-start=\"3402\" data-end=\"3439\"><strong data-start=\"3402\" data-end=\"3439\">Dermaquest &#8211; BHA Cleanser Savyb\u0117s<\/strong><\/h2>\n<p data-start=\"3441\" data-end=\"3634\">\u2714\ufe0f Giliai valo poras ir od\u0105<br data-start=\"3468\" data-end=\"3471\" \/>\u2714\ufe0f Kontroliuoja riebal\u0173 pertekli\u0173 ir blizges\u012f<br data-start=\"3516\" data-end=\"3519\" \/>\u2714\ufe0f Padeda ma\u017einti b\u0117rimus ir netobulumus<br data-start=\"3559\" data-end=\"3562\" \/>\u2714\ufe0f Gerina odos tekst\u016br\u0105 ir ton\u0105<br data-start=\"3593\" data-end=\"3596\" \/>\u2714\ufe0f Gaivina od\u0105 jos neperd\u017eiovindamas<\/p>\n","protected":false},"featured_media":76362,"template":"","meta":[],"pwb-brand":[1258],"product_brand":[],"product_cat":[742,744,748,718],"product_tag":[],"giftcard-category":[],"class_list":{"0":"post-76384","1":"product","2":"type-product","3":"status-publish","4":"has-post-thumbnail","6":"pwb-brand-dermaquest","7":"product_cat-berimai","8":"product_cat-issipletusios-poros","9":"product_cat-taukainai-adai-lt","10":"product_cat-valymas","12":"first","13":"instock","14":"taxable","15":"shipping-taxable","16":"purchasable","17":"product-type-simple"},"acf":[],"brands":[{"id":1258,"name":"Dermaquest","slug":"dermaquest"}],"_links":{"self":[{"href":"https:\/\/skinstudio.ee\/lt\/wp-json\/wp\/v2\/product\/76384","targetHints":{"allow":["GET"]}}],"collection":[{"href":"https:\/\/skinstudio.ee\/lt\/wp-json\/wp\/v2\/product"}],"about":[{"href":"https:\/\/skinstudio.ee\/lt\/wp-json\/wp\/v2\/types\/product"}],"version-history":[{"count":1,"href":"https:\/\/skinstudio.ee\/lt\/wp-json\/wp\/v2\/product\/76384\/revisions"}],"predecessor-version":[{"id":76385,"href":"https:\/\/skinstudio.ee\/lt\/wp-json\/wp\/v2\/product\/76384\/revisions\/76385"}],"wp:featuredmedia":[{"embeddable":true,"href":"https:\/\/skinstudio.ee\/lt\/wp-json\/wp\/v2\/media\/76362"}],"wp:attachment":[{"href":"https:\/\/skinstudio.ee\/lt\/wp-json\/wp\/v2\/media?parent=76384"}],"wp:term":[{"taxonomy":"pwb-brand","embeddable":true,"href":"https:\/\/skinstudio.ee\/lt\/wp-json\/wp\/v2\/pwb-brand?post=76384"},{"taxonomy":"product_brand","embeddable":true,"href":"https:\/\/skinstudio.ee\/lt\/wp-json\/wp\/v2\/product_brand?post=76384"},{"taxonomy":"product_cat","embeddable":true,"href":"https:\/\/skinstudio.ee\/lt\/wp-json\/wp\/v2\/product_cat?post=76384"},{"taxonomy":"product_tag","embeddable":true,"href":"https:\/\/skinstudio.ee\/lt\/wp-json\/wp\/v2\/product_tag?post=76384"},{"taxonomy":"giftcard-category","embeddable":true,"href":"https:\/\/skinstudio.ee\/lt\/wp-json\/wp\/v2\/giftcard-category?post=76384"}],"curies":[{"name":"wp","href":"https:\/\/api.w.org\/{rel}","templated":true}]}}