{"id":76392,"date":"2025-07-29T12:46:53","date_gmt":"2025-07-29T12:46:53","guid":{"rendered":"https:\/\/skinstudio.ee\/?post_type=product&#038;p=76392"},"modified":"2026-01-28T14:16:00","modified_gmt":"2026-01-28T14:16:00","slug":"riq-retinol-1","status":"publish","type":"product","link":"https:\/\/skinstudio.ee\/lt\/catalog\/dermaquest\/riq-retinol-1\/","title":{"rendered":"RiQ Retinol 1%"},"content":{"rendered":"<p data-start=\"2011\" data-end=\"2274\"><strong data-start=\"2011\" data-end=\"2044\">RiQ Retinol 1% nuo Dermaquest<\/strong> yra didelio efektyvumo serumas su 1% retinoliu, skirtas pastebimam odos atnaujinimui ir sen\u0117jimo po\u017eymi\u0173 ma\u017einimui. Formul\u0117 padeda suma\u017einti rauk\u0161li\u0173 matomum\u0105, pagerinti odos tekst\u016br\u0105 ir suteikti tolygesn\u012f, lygesn\u012f odos atspalv\u012f.<\/p>\n<p data-start=\"2276\" data-end=\"2538\">D\u0117l apgalvotos veikli\u0173j\u0173 med\u017eiag\u0173 tiekimo sistemos ir retinolio derinio su raminan\u010diais bei palaikan\u010diais komponentais serumas veikia efektyviai, i\u0161laikydamas komfort\u0105 odai. Laikui b\u0117gant oda tampa lygesn\u0117, stangresn\u0117 ir labiau pri\u017ei\u016br\u0117ta, be agresyvaus poj\u016b\u010dio.<\/p>\n<p data-start=\"2540\" data-end=\"2676\">Reguliariai naudojant serumas padeda pastebimai pagerinti bendr\u0105 odos kokyb\u0119, suteikdamas jai jaunesn\u0119, tolygesn\u0119 ir \u0161vytin\u010di\u0105 i\u0161vaizd\u0105.<\/p>\n<p data-start=\"2678\" data-end=\"2720\"><strong data-start=\"2678\" data-end=\"2720\">Pagrindini\u0173 sudedam\u0173j\u0173 dali\u0173 poveikis:<\/strong><\/p>\n<p data-start=\"2722\" data-end=\"3036\"><strong data-start=\"2722\" data-end=\"2739\">Retinol (1%):<\/strong> skatina odos atsinaujinim\u0105, lygina rauk\u0161les ir gerina tekst\u016br\u0105.<br data-start=\"2803\" data-end=\"2806\" \/><strong data-start=\"2806\" data-end=\"2874\">Peptidai (Palmitoyl Pentapeptide-4, Dipalmitoyl Hydroxyproline):<\/strong> padeda palaikyti odos stangrum\u0105 ir tank\u012f.<br data-start=\"2916\" data-end=\"2919\" \/><strong data-start=\"2919\" data-end=\"2989\">Augalini\u0173 l\u0105steli\u0173 ekstraktas (Lilium Candidum Leaf Cell Extract):<\/strong> padeda i\u0161laikyti odos atsparum\u0105 ir ger\u0105 b\u016bkl\u0119.<\/p>\n<p data-start=\"3038\" data-end=\"3254\">Serumas tinka odai su rauk\u0161l\u0117mis, netolygiu pavir\u0161iumi, blankiu atspalviu ir matomais fotosen\u0117jimo po\u017eymiais. Rekomenduojamas odai, kuriai reikia aktyvaus atnaujinimo ir intensyvesn\u0117s sen\u0117jim\u0105 stabdan\u010dios prie\u017ei\u016bros.<\/p>\n<p data-start=\"3256\" data-end=\"3272\"><strong data-start=\"3256\" data-end=\"3266\">T\u016bris:<\/strong> 15 ml<\/p>\n","protected":false},"excerpt":{"rendered":"<p data-start=\"3545\" data-end=\"3582\">Didelio poveikio serumas su retinoliu<\/p>\n<h2 data-start=\"3584\" data-end=\"3623\"><strong data-start=\"3584\" data-end=\"3623\">Dermaquest &#8211; RiQ Retinol 1% Savyb\u0117s<\/strong><\/h2>\n<p data-start=\"3625\" data-end=\"3827\">\u2714\ufe0f Matomai lygina rauk\u0161les ir linijas<br data-start=\"3662\" data-end=\"3665\" \/>\u2714\ufe0f Gerina odos tekst\u016br\u0105 ir glotnum\u0105<br data-start=\"3700\" data-end=\"3703\" \/>\u2714\ufe0f Padeda suvienodinti odos ton\u0105<br data-start=\"3735\" data-end=\"3738\" \/>\u2714\ufe0f Palaiko stangresn\u0119 ir tankesn\u0119 odos i\u0161vaizd\u0105<br data-start=\"3785\" data-end=\"3788\" \/>\u2714\ufe0f Atnaujina od\u0105 ir gerina jos kokyb\u0119<\/p>\n","protected":false},"featured_media":76200,"template":"","meta":[],"pwb-brand":[1258],"product_brand":[],"product_cat":[750,724,728],"product_tag":[],"giftcard-category":[],"class_list":{"0":"post-76392","1":"product","2":"type-product","3":"status-publish","4":"has-post-thumbnail","6":"pwb-brand-dermaquest","7":"product_cat-senstanti-oda","8":"product_cat-serumai","9":"product_cat-vitaminas-a-retinolis","11":"first","12":"instock","13":"taxable","14":"shipping-taxable","15":"purchasable","16":"product-type-simple"},"acf":[],"brands":[{"id":1258,"name":"Dermaquest","slug":"dermaquest"}],"_links":{"self":[{"href":"https:\/\/skinstudio.ee\/lt\/wp-json\/wp\/v2\/product\/76392","targetHints":{"allow":["GET"]}}],"collection":[{"href":"https:\/\/skinstudio.ee\/lt\/wp-json\/wp\/v2\/product"}],"about":[{"href":"https:\/\/skinstudio.ee\/lt\/wp-json\/wp\/v2\/types\/product"}],"version-history":[{"count":1,"href":"https:\/\/skinstudio.ee\/lt\/wp-json\/wp\/v2\/product\/76392\/revisions"}],"predecessor-version":[{"id":76393,"href":"https:\/\/skinstudio.ee\/lt\/wp-json\/wp\/v2\/product\/76392\/revisions\/76393"}],"wp:featuredmedia":[{"embeddable":true,"href":"https:\/\/skinstudio.ee\/lt\/wp-json\/wp\/v2\/media\/76200"}],"wp:attachment":[{"href":"https:\/\/skinstudio.ee\/lt\/wp-json\/wp\/v2\/media?parent=76392"}],"wp:term":[{"taxonomy":"pwb-brand","embeddable":true,"href":"https:\/\/skinstudio.ee\/lt\/wp-json\/wp\/v2\/pwb-brand?post=76392"},{"taxonomy":"product_brand","embeddable":true,"href":"https:\/\/skinstudio.ee\/lt\/wp-json\/wp\/v2\/product_brand?post=76392"},{"taxonomy":"product_cat","embeddable":true,"href":"https:\/\/skinstudio.ee\/lt\/wp-json\/wp\/v2\/product_cat?post=76392"},{"taxonomy":"product_tag","embeddable":true,"href":"https:\/\/skinstudio.ee\/lt\/wp-json\/wp\/v2\/product_tag?post=76392"},{"taxonomy":"giftcard-category","embeddable":true,"href":"https:\/\/skinstudio.ee\/lt\/wp-json\/wp\/v2\/giftcard-category?post=76392"}],"curies":[{"name":"wp","href":"https:\/\/api.w.org\/{rel}","templated":true}]}}