{"id":76399,"date":"2025-07-29T12:45:56","date_gmt":"2025-07-29T12:45:56","guid":{"rendered":"https:\/\/skinstudio.ee\/?post_type=product&#038;p=76399"},"modified":"2026-01-28T14:15:59","modified_gmt":"2026-01-28T14:15:59","slug":"mini-pumpkin-mask","status":"publish","type":"product","link":"https:\/\/skinstudio.ee\/lt\/catalog\/dermaquest\/mini-pumpkin-mask\/","title":{"rendered":"Mini Pumpkin Mask"},"content":{"rendered":"<p data-start=\"2223\" data-end=\"2502\"><strong data-start=\"2223\" data-end=\"2259\">Mini Pumpkin Mask nuo Dermaquest<\/strong> yra valomoji ir atnaujinamoji kauk\u0117 su moli\u016bg\u0173 fermentais, skirta \u0161velniam \u0161veitimui ir matomam odos atgaivinimui. Formul\u0117 padeda pa\u0161alinti negyvas odos l\u0105steles, i\u0161valyti odos pavir\u0161i\u0173 ir padaryti od\u0105 lygesn\u0119, gaivesn\u0119 bei labiau pri\u017ei\u016br\u0117t\u0105.<\/p>\n<p data-start=\"2504\" data-end=\"2746\">Kauk\u0117 sujungia fermentin\u012f \u0161veitim\u0105 su dr\u0117kinan\u010diais ir antioksidant\u0173 turin\u010diais komponentais, tod\u0117l po naudojimo oda atrodo tolygesn\u0117, skaistesn\u0117 ir geriau pamaitinta. Pager\u0117ja odos tekst\u016bra ir tonas, o oda tampa mink\u0161tesn\u0117 ir komforti\u0161kesn\u0117.<\/p>\n<p data-start=\"2748\" data-end=\"2883\">Produktas tinka reguliariam naudojimui ir padeda palaikyti \u0161varesn\u0119, lygesn\u0119 ir vizualiai labiau pri\u017ei\u016br\u0117t\u0105 od\u0105 be agresyvaus poveikio.<\/p>\n<p data-start=\"2885\" data-end=\"2927\"><strong data-start=\"2885\" data-end=\"2927\">Pagrindini\u0173 sudedam\u0173j\u0173 dali\u0173 poveikis:<\/strong><\/p>\n<p data-start=\"2929\" data-end=\"3151\"><strong data-start=\"2929\" data-end=\"2949\">Pumpkin Enzymes:<\/strong> \u0161velniai \u0161vei\u010dia od\u0105 ir skatina jos atsinaujinim\u0105.<br data-start=\"3000\" data-end=\"3003\" \/><strong data-start=\"3003\" data-end=\"3019\">Niacinamide:<\/strong> padeda pagerinti odos ton\u0105 ir palaikyti tolygesn\u0119 veido spalv\u0105.<br data-start=\"3083\" data-end=\"3086\" \/><strong data-start=\"3086\" data-end=\"3100\">Panthenol:<\/strong> padeda palaikyti odos komfort\u0105 ir dr\u0117gm\u0117s balans\u0105.<\/p>\n<p data-start=\"3153\" data-end=\"3313\">Kauk\u0117 tinka odai su blankiu atspalviu, netolygiu pavir\u0161iumi ir nuovargio po\u017eymiais. Rekomenduojama reguliariam odos atnaujinimui ir bendros i\u0161vaizdos gerinimui.<\/p>\n<p data-start=\"3315\" data-end=\"3331\"><strong data-start=\"3315\" data-end=\"3325\">T\u016bris:<\/strong> 60 ml<\/p>\n","protected":false},"excerpt":{"rendered":"<p data-start=\"3559\" data-end=\"3595\">Valomoji kauk\u0117 su moli\u016bg\u0173 fermentais<\/p>\n<h2 data-start=\"3597\" data-end=\"3639\"><strong data-start=\"3597\" data-end=\"3639\">Dermaquest &#8211; Mini Pumpkin Mask Savyb\u0117s<\/strong><\/h2>\n<p data-start=\"3641\" data-end=\"3832\">\u2714\ufe0f \u0160velniai \u0161vei\u010dia ir atnaujina od\u0105<br data-start=\"3677\" data-end=\"3680\" \/>\u2714\ufe0f Padaro od\u0105 lygesn\u0119 ir tolygesn\u0119<br data-start=\"3714\" data-end=\"3717\" \/>\u2714\ufe0f Gerina odos tekst\u016br\u0105 ir \u0161vyt\u0117jim\u0105<br data-start=\"3753\" data-end=\"3756\" \/>\u2714\ufe0f Gaivina ir suvienodina odos ton\u0105<br data-start=\"3791\" data-end=\"3794\" \/>\u2714\ufe0f Palaiko pri\u017ei\u016br\u0117tos odos i\u0161vaizd\u0105<\/p>\n","protected":false},"featured_media":76206,"template":"","meta":[],"pwb-brand":[1258],"product_brand":[],"product_cat":[726,752],"product_tag":[],"giftcard-category":[],"class_list":{"0":"post-76399","1":"product","2":"type-product","3":"status-publish","4":"has-post-thumbnail","6":"pwb-brand-dermaquest","7":"product_cat-maskas-lt","8":"product_cat-pigmentacija-lt","10":"first","11":"instock","12":"taxable","13":"shipping-taxable","14":"purchasable","15":"product-type-simple"},"acf":[],"brands":[{"id":1258,"name":"Dermaquest","slug":"dermaquest"}],"_links":{"self":[{"href":"https:\/\/skinstudio.ee\/lt\/wp-json\/wp\/v2\/product\/76399","targetHints":{"allow":["GET"]}}],"collection":[{"href":"https:\/\/skinstudio.ee\/lt\/wp-json\/wp\/v2\/product"}],"about":[{"href":"https:\/\/skinstudio.ee\/lt\/wp-json\/wp\/v2\/types\/product"}],"version-history":[{"count":1,"href":"https:\/\/skinstudio.ee\/lt\/wp-json\/wp\/v2\/product\/76399\/revisions"}],"predecessor-version":[{"id":76400,"href":"https:\/\/skinstudio.ee\/lt\/wp-json\/wp\/v2\/product\/76399\/revisions\/76400"}],"wp:featuredmedia":[{"embeddable":true,"href":"https:\/\/skinstudio.ee\/lt\/wp-json\/wp\/v2\/media\/76206"}],"wp:attachment":[{"href":"https:\/\/skinstudio.ee\/lt\/wp-json\/wp\/v2\/media?parent=76399"}],"wp:term":[{"taxonomy":"pwb-brand","embeddable":true,"href":"https:\/\/skinstudio.ee\/lt\/wp-json\/wp\/v2\/pwb-brand?post=76399"},{"taxonomy":"product_brand","embeddable":true,"href":"https:\/\/skinstudio.ee\/lt\/wp-json\/wp\/v2\/product_brand?post=76399"},{"taxonomy":"product_cat","embeddable":true,"href":"https:\/\/skinstudio.ee\/lt\/wp-json\/wp\/v2\/product_cat?post=76399"},{"taxonomy":"product_tag","embeddable":true,"href":"https:\/\/skinstudio.ee\/lt\/wp-json\/wp\/v2\/product_tag?post=76399"},{"taxonomy":"giftcard-category","embeddable":true,"href":"https:\/\/skinstudio.ee\/lt\/wp-json\/wp\/v2\/giftcard-category?post=76399"}],"curies":[{"name":"wp","href":"https:\/\/api.w.org\/{rel}","templated":true}]}}