{"id":76407,"date":"2025-07-29T12:44:47","date_gmt":"2025-07-29T12:44:47","guid":{"rendered":"https:\/\/skinstudio.ee\/?post_type=product&#038;p=76407"},"modified":"2026-01-28T14:16:00","modified_gmt":"2026-01-28T14:16:00","slug":"riq-retinol-03","status":"publish","type":"product","link":"https:\/\/skinstudio.ee\/lt\/catalog\/dermaquest\/riq-retinol-03\/","title":{"rendered":"RiQ Retinol 0,3%"},"content":{"rendered":"<p data-start=\"2123\" data-end=\"2504\"><strong data-start=\"2123\" data-end=\"2158\">RiQ Retinol 0.3% nuo Dermaquest<\/strong> yra naujos kartos didelio efektyvumo serumas, kuriame sujungtos keturios skirtingos retinoid\u0173 formos ir retinoid\u0173 stipriklis Allosteris, kad b\u016bt\u0173 pasiektas stiprus sen\u0117jim\u0105 stabdantis poveikis be \u012fprasto retinoliui b\u016bdingo atstatymo laikotarpio. Formul\u0117 skirta aktyviam odos atnaujinimui, rauk\u0161li\u0173 ma\u017einimui ir odos tekst\u016bros bei tono gerinimui.<\/p>\n<p data-start=\"2506\" data-end=\"2771\">D\u0117l mikrokapsuliuotos tiekimo sistemos veikliosios med\u017eiagos i\u0161siskiria palaipsniui ir patenka \u012f od\u0105 tinkamu metu, u\u017etikrindamos matom\u0105 atjauninimo efekt\u0105 su minimalia sudirginimo rizika. Tai leid\u017eia serum\u0105 naudoti komforti\u0161kiau nei klasikinius retinolio produktus.<\/p>\n<p data-start=\"2773\" data-end=\"2859\">Reguliariai naudojant oda tampa lygesn\u0117, stangresn\u0117, tolygesn\u0117 ir pastebimai jaunesn\u0117.<\/p>\n<p data-start=\"2861\" data-end=\"2903\"><strong data-start=\"2861\" data-end=\"2903\">Pagrindini\u0173 sudedam\u0173j\u0173 dali\u0173 poveikis:<\/strong><\/p>\n<p data-start=\"2905\" data-end=\"3253\"><strong data-start=\"2905\" data-end=\"2987\">Retinoid\u0173 kompleksas (Retinol, Retinal, Retinyl Retinoate, Retinyl Linoleate):<\/strong> aktyviai skatina odos atsinaujinim\u0105, ma\u017eina rauk\u0161les ir gerina tekst\u016br\u0105.<br data-start=\"3060\" data-end=\"3063\" \/><strong data-start=\"3063\" data-end=\"3077\">Bakuchiol:<\/strong> sustiprina retinoid\u0173 sen\u0117jim\u0105 stabdant\u012f poveik\u012f ir padeda pagerinti odos tolerancij\u0105.<br data-start=\"3163\" data-end=\"3166\" \/><strong data-start=\"3166\" data-end=\"3186\">Tranexamic Acid:<\/strong> padeda suvienodinti odos ton\u0105 ir suma\u017einti pigmentacijos matomum\u0105.<\/p>\n<p data-start=\"3255\" data-end=\"3472\">Serumas tinka odai su matomais fotosen\u0117jimo po\u017eymiais, rauk\u0161l\u0117mis, netolygiu pavir\u0161iumi ir blankiu atspalviu. Rekomenduojamas odai, kuriai reikalingas intensyvus atnaujinimas ir stipresn\u0117 sen\u0117jim\u0105 stabdanti prie\u017ei\u016bra.<\/p>\n<p data-start=\"3474\" data-end=\"3490\"><strong data-start=\"3474\" data-end=\"3484\">T\u016bris:<\/strong> 15 ml<\/p>\n","protected":false},"excerpt":{"rendered":"<div class=\"woocommerce-product-gallery woocommerce-product-gallery--with-images woocommerce-product-gallery--columns-4 images\" data-columns=\"4\">\n<div class=\"woocommerce-product-gallery__wrapper\">\n<div class=\"woocommerce-product-gallery__image\" data-thumb=\"https:\/\/shop.victoriakosmeetik.ee\/wp-content\/uploads\/2025\/04\/\u041a\u0440\u0435\u0430\u0442\u0438\u0432-\u0431\u0435\u0437-\u043d\u0430\u0437\u0432\u0430\u043d\u0438\u044f-15-100x100.png\" data-thumb-alt=\"\" data-thumb-srcset=\"https:\/\/shop.victoriakosmeetik.ee\/wp-content\/uploads\/2025\/04\/\u041a\u0440\u0435\u0430\u0442\u0438\u0432-\u0431\u0435\u0437-\u043d\u0430\u0437\u0432\u0430\u043d\u0438\u044f-15-100x100.png 100w, https:\/\/shop.victoriakosmeetik.ee\/wp-content\/uploads\/2025\/04\/\u041a\u0440\u0435\u0430\u0442\u0438\u0432-\u0431\u0435\u0437-\u043d\u0430\u0437\u0432\u0430\u043d\u0438\u044f-15-150x150.png 150w, https:\/\/shop.victoriakosmeetik.ee\/wp-content\/uploads\/2025\/04\/\u041a\u0440\u0435\u0430\u0442\u0438\u0432-\u0431\u0435\u0437-\u043d\u0430\u0437\u0432\u0430\u043d\u0438\u044f-15-300x300.png 300w\">\n<p data-start=\"3763\" data-end=\"3800\">Didelio poveikio serumas su retinoliu<\/p>\n<h2 data-start=\"3802\" data-end=\"3843\"><strong data-start=\"3802\" data-end=\"3843\">Dermaquest &#8211; RiQ Retinol 0.3% Savyb\u0117s<\/strong><\/h2>\n<p data-start=\"3845\" data-end=\"4073\">\u2714\ufe0f Aktyviai atnaujina od\u0105 ir lygina tekst\u016br\u0105<br data-start=\"3889\" data-end=\"3892\" \/>\u2714\ufe0f Matomai ma\u017eina rauk\u0161les ir sen\u0117jimo po\u017eymius<br data-start=\"3939\" data-end=\"3942\" \/>\u2714\ufe0f Gerina odos ton\u0105 ir ma\u017eina pigmentacij\u0105<br data-start=\"3984\" data-end=\"3987\" \/>\u2714\ufe0f Palaiko stangresn\u0119 ir tankesn\u0119 odos i\u0161vaizd\u0105<br data-start=\"4034\" data-end=\"4037\" \/>\u2714\ufe0f Padaro od\u0105 lygesn\u0119 ir tolygesn\u0119<\/p>\n<\/div>\n<\/div>\n<\/div>\n","protected":false},"featured_media":76213,"template":"","meta":[],"pwb-brand":[1258],"product_brand":[],"product_cat":[724,728],"product_tag":[],"giftcard-category":[],"class_list":{"0":"post-76407","1":"product","2":"type-product","3":"status-publish","4":"has-post-thumbnail","6":"pwb-brand-dermaquest","7":"product_cat-serumai","8":"product_cat-vitaminas-a-retinolis","10":"first","11":"instock","12":"taxable","13":"shipping-taxable","14":"purchasable","15":"product-type-simple"},"acf":[],"brands":[{"id":1258,"name":"Dermaquest","slug":"dermaquest"}],"_links":{"self":[{"href":"https:\/\/skinstudio.ee\/lt\/wp-json\/wp\/v2\/product\/76407","targetHints":{"allow":["GET"]}}],"collection":[{"href":"https:\/\/skinstudio.ee\/lt\/wp-json\/wp\/v2\/product"}],"about":[{"href":"https:\/\/skinstudio.ee\/lt\/wp-json\/wp\/v2\/types\/product"}],"version-history":[{"count":1,"href":"https:\/\/skinstudio.ee\/lt\/wp-json\/wp\/v2\/product\/76407\/revisions"}],"predecessor-version":[{"id":76408,"href":"https:\/\/skinstudio.ee\/lt\/wp-json\/wp\/v2\/product\/76407\/revisions\/76408"}],"wp:featuredmedia":[{"embeddable":true,"href":"https:\/\/skinstudio.ee\/lt\/wp-json\/wp\/v2\/media\/76213"}],"wp:attachment":[{"href":"https:\/\/skinstudio.ee\/lt\/wp-json\/wp\/v2\/media?parent=76407"}],"wp:term":[{"taxonomy":"pwb-brand","embeddable":true,"href":"https:\/\/skinstudio.ee\/lt\/wp-json\/wp\/v2\/pwb-brand?post=76407"},{"taxonomy":"product_brand","embeddable":true,"href":"https:\/\/skinstudio.ee\/lt\/wp-json\/wp\/v2\/product_brand?post=76407"},{"taxonomy":"product_cat","embeddable":true,"href":"https:\/\/skinstudio.ee\/lt\/wp-json\/wp\/v2\/product_cat?post=76407"},{"taxonomy":"product_tag","embeddable":true,"href":"https:\/\/skinstudio.ee\/lt\/wp-json\/wp\/v2\/product_tag?post=76407"},{"taxonomy":"giftcard-category","embeddable":true,"href":"https:\/\/skinstudio.ee\/lt\/wp-json\/wp\/v2\/giftcard-category?post=76407"}],"curies":[{"name":"wp","href":"https:\/\/api.w.org\/{rel}","templated":true}]}}