{"id":76414,"date":"2025-07-29T12:44:14","date_gmt":"2025-07-29T12:44:14","guid":{"rendered":"https:\/\/skinstudio.ee\/?post_type=product&#038;p=76414"},"modified":"2026-01-28T14:16:00","modified_gmt":"2026-01-28T14:16:00","slug":"riq-retinal-005","status":"publish","type":"product","link":"https:\/\/skinstudio.ee\/lt\/catalog\/dermaquest\/riq-retinal-005\/","title":{"rendered":"RiQ Retinal 0.05%"},"content":{"rendered":"<p data-start=\"2014\" data-end=\"2291\"><strong data-start=\"2014\" data-end=\"2050\">RiQ Retinal 0.05% nuo Dermaquest<\/strong> yra didelio poveikio, bet \u0161velnus serumas su 0,05% retinaldehidu, sukurtas jautriai odai ir tiems, kurie tik pradeda naudoti retinoidus. Formul\u0117 u\u017etikrina matom\u0105 odos atnaujinim\u0105 be sudirginimo ir diskomforto, da\u017enai susijusio su retinoliu.<\/p>\n<p data-start=\"2293\" data-end=\"2579\">D\u0117l mikrokapsuliuotos tiekimo sistemos ir retinoid\u0173 stipriklio Allosteris veikliosios med\u017eiagos i\u0161siskiria palaipsniui, u\u017etikrindamos stipr\u0173, bet komforti\u0161k\u0105 rezultat\u0105. Serumas padeda suma\u017einti paraudim\u0105, i\u0161lyginti rauk\u0161les, pa\u0161viesinti pigmentacij\u0105 ir pagerinti odos ton\u0105 bei tekst\u016br\u0105.<\/p>\n<p data-start=\"2581\" data-end=\"2739\">Formul\u0117 praturtinta bakuchiolu ir raminan\u010diais augaliniais komponentais, tod\u0117l idealiai tinka prad\u0117ti retinoid\u0173 prie\u017ei\u016br\u0105, i\u0161laikant od\u0105 rami\u0105 ir komforti\u0161k\u0105.<\/p>\n<p data-start=\"2741\" data-end=\"2783\"><strong data-start=\"2741\" data-end=\"2783\">Pagrindini\u0173 sudedam\u0173j\u0173 dali\u0173 poveikis:<\/strong><\/p>\n<p data-start=\"2785\" data-end=\"3049\"><strong data-start=\"2785\" data-end=\"2805\">Retinal (0,05%):<\/strong> spartina odos atsinaujinim\u0105, gerina tekst\u016br\u0105 ir padeda ma\u017einti rauk\u0161les.<br data-start=\"2878\" data-end=\"2881\" \/><strong data-start=\"2881\" data-end=\"2895\">Bakuchiol:<\/strong> sustiprina sen\u0117jim\u0105 stabdant\u012f poveik\u012f ir pagerina odos toleravim\u0105.<br data-start=\"2962\" data-end=\"2965\" \/><strong data-start=\"2965\" data-end=\"2980\">Allosteris:<\/strong> sustiprina retinoido veikim\u0105, kartu pad\u0117damas suma\u017einti sudirginim\u0105.<\/p>\n<p data-start=\"3051\" data-end=\"3205\">Serumas tinka vis\u0173 tip\u0173 odai, \u012fskaitant jautri\u0105, taip pat odai su pirmaisiais sen\u0117jimo po\u017eymiais, netolygiu pavir\u0161iumi, blankiu atspalviu ir pigmentacija.<\/p>\n<p data-start=\"3207\" data-end=\"3223\"><strong data-start=\"3207\" data-end=\"3217\">T\u016bris:<\/strong> 15 ml<\/p>\n","protected":false},"excerpt":{"rendered":"<p data-start=\"3496\" data-end=\"3540\">Didelio poveikio retinaldehido serumas<\/p>\n<h2 data-start=\"3542\" data-end=\"3584\"><strong data-start=\"3542\" data-end=\"3584\">Dermaquest &#8211; RiQ Retinal 0.05% Savyb\u0117s<\/strong><\/h2>\n<p data-start=\"3586\" data-end=\"3810\">\u2714\ufe0f Spartina odos atsinaujinim\u0105 ir lygina tekst\u016br\u0105<br data-start=\"3635\" data-end=\"3638\" \/>\u2714\ufe0f Ma\u017eina rauk\u0161les ir sen\u0117jimo po\u017eymius<br data-start=\"3677\" data-end=\"3680\" \/>\u2714\ufe0f Suvienodina odos ton\u0105 ir ma\u017eina pigmentacij\u0105<br data-start=\"3727\" data-end=\"3730\" \/>\u2714\ufe0f Gerina odos stangrum\u0105 ir tank\u012f<br data-start=\"3763\" data-end=\"3766\" \/>\u2714\ufe0f Tinka jautriai odai ir pradedantiesiems<\/p>\n","protected":false},"featured_media":76219,"template":"","meta":[],"pwb-brand":[1258],"product_brand":[],"product_cat":[724,728],"product_tag":[],"giftcard-category":[],"class_list":{"0":"post-76414","1":"product","2":"type-product","3":"status-publish","4":"has-post-thumbnail","6":"pwb-brand-dermaquest","7":"product_cat-serumai","8":"product_cat-vitaminas-a-retinolis","10":"first","11":"instock","12":"taxable","13":"shipping-taxable","14":"purchasable","15":"product-type-simple"},"acf":[],"brands":[{"id":1258,"name":"Dermaquest","slug":"dermaquest"}],"_links":{"self":[{"href":"https:\/\/skinstudio.ee\/lt\/wp-json\/wp\/v2\/product\/76414","targetHints":{"allow":["GET"]}}],"collection":[{"href":"https:\/\/skinstudio.ee\/lt\/wp-json\/wp\/v2\/product"}],"about":[{"href":"https:\/\/skinstudio.ee\/lt\/wp-json\/wp\/v2\/types\/product"}],"version-history":[{"count":2,"href":"https:\/\/skinstudio.ee\/lt\/wp-json\/wp\/v2\/product\/76414\/revisions"}],"predecessor-version":[{"id":76416,"href":"https:\/\/skinstudio.ee\/lt\/wp-json\/wp\/v2\/product\/76414\/revisions\/76416"}],"wp:featuredmedia":[{"embeddable":true,"href":"https:\/\/skinstudio.ee\/lt\/wp-json\/wp\/v2\/media\/76219"}],"wp:attachment":[{"href":"https:\/\/skinstudio.ee\/lt\/wp-json\/wp\/v2\/media?parent=76414"}],"wp:term":[{"taxonomy":"pwb-brand","embeddable":true,"href":"https:\/\/skinstudio.ee\/lt\/wp-json\/wp\/v2\/pwb-brand?post=76414"},{"taxonomy":"product_brand","embeddable":true,"href":"https:\/\/skinstudio.ee\/lt\/wp-json\/wp\/v2\/product_brand?post=76414"},{"taxonomy":"product_cat","embeddable":true,"href":"https:\/\/skinstudio.ee\/lt\/wp-json\/wp\/v2\/product_cat?post=76414"},{"taxonomy":"product_tag","embeddable":true,"href":"https:\/\/skinstudio.ee\/lt\/wp-json\/wp\/v2\/product_tag?post=76414"},{"taxonomy":"giftcard-category","embeddable":true,"href":"https:\/\/skinstudio.ee\/lt\/wp-json\/wp\/v2\/giftcard-category?post=76414"}],"curies":[{"name":"wp","href":"https:\/\/api.w.org\/{rel}","templated":true}]}}