{"id":76426,"date":"2025-07-29T12:42:56","date_gmt":"2025-07-29T12:42:56","guid":{"rendered":"https:\/\/skinstudio.ee\/?post_type=product&#038;p=76426"},"modified":"2026-01-28T14:15:59","modified_gmt":"2026-01-28T14:15:59","slug":"melaquest-cream-with-cysteamine","status":"publish","type":"product","link":"https:\/\/skinstudio.ee\/lt\/catalog\/dermaquest\/melaquest-cream-with-cysteamine\/","title":{"rendered":"MelaQuest Cream with Cysteamine"},"content":{"rendered":"<div class=\"product-info__description\">\n<div class=\"prose\">\n<p data-start=\"1980\" data-end=\"2311\"><strong data-start=\"1980\" data-end=\"2030\">MelaQuest Cream with Cysteamine nuo Dermaquest<\/strong> yra galingas \u0161viesinamasis ir dr\u0117kinamasis kremas kasdieniam naudojimui, skirtas pigmentacijos, tamsi\u0173 d\u0117mi\u0173 ir netolygaus odos tono ma\u017einimui. Be hidrochinono sukurta formul\u0117 veikia \u0161velniai, bet efektyviai, palaipsniui gerindama net ir \u012fsisen\u0117jusios hiperpigmentacijos i\u0161vaizd\u0105.<\/p>\n<p data-start=\"2313\" data-end=\"2589\">D\u0117l pa\u017eangios veikli\u0173j\u0173 med\u017eiag\u0173 tiekimo sistemos ingredientai \u012fsiskverbia \u012f od\u0105 ir veikia keliais lygiais, pad\u0117dami suvienodinti odos ton\u0105, pagerinti tekst\u016br\u0105 ir atkurti \u0161viesesn\u0119, skaistesn\u0119 i\u0161vaizd\u0105. Reguliariai naudojant oda tampa lygesn\u0117, tolygesn\u0117 ir vizualiai gaivesn\u0117.<\/p>\n<p data-start=\"2591\" data-end=\"2733\">Kremas tinka ilgalaikiam naudojimui ir puikiai \u012fsilieja \u012f kasdien\u0119 odos prie\u017ei\u016bros rutin\u0105 tiek pigmentacijos korekcijai, tiek jos prevencijai.<\/p>\n<p data-start=\"2735\" data-end=\"2777\"><strong data-start=\"2735\" data-end=\"2777\">Pagrindini\u0173 sudedam\u0173j\u0173 dali\u0173 poveikis:<\/strong><\/p>\n<p data-start=\"2779\" data-end=\"3064\"><strong data-start=\"2779\" data-end=\"2794\">Cysteamine:<\/strong> veiksmingai padeda ma\u017einti hiperpigmentacij\u0105, \u012fskaitant tamsias d\u0117mes ir melazm\u0105.<br data-start=\"2876\" data-end=\"2879\" \/><strong data-start=\"2879\" data-end=\"2913\">Vitaminas C (\u012fvairios formos):<\/strong> padeda \u0161viesinti odos ton\u0105 ir suteikti skaistumo.<br data-start=\"2963\" data-end=\"2966\" \/><strong data-start=\"2966\" data-end=\"2998\">Arbutin &amp; Bearberry Extract:<\/strong> padeda suvienodinti odos ton\u0105 ir suma\u017einti tamsi\u0173 d\u0117mi\u0173 matomum\u0105.<\/p>\n<p data-start=\"3066\" data-end=\"3259\">Kremas tinka odai su pigmentacija, melazma, po akn\u0117s likusiomis d\u0117m\u0117mis ir netolygiu atspalviu. Rekomenduojamas odai, kuriai reikia \u0161viesinimo, tono korekcijos ir bendros odos kokyb\u0117s gerinimo.<\/p>\n<p data-start=\"3261\" data-end=\"3277\"><strong data-start=\"3261\" data-end=\"3271\">T\u016bris:<\/strong> 60 ml<\/p>\n<\/div>\n<\/div>\n","protected":false},"excerpt":{"rendered":"<p data-start=\"3409\" data-end=\"3435\">\u0160viesinamasis veido kremas<\/p>\n<h2 data-start=\"3437\" data-end=\"3493\"><strong data-start=\"3437\" data-end=\"3493\">Dermaquest &#8211; MelaQuest Cream with Cysteamine Savyb\u0117s<\/strong><\/h2>\n<p data-start=\"3495\" data-end=\"3713\">\u2714\ufe0f \u0160viesina od\u0105 ir ma\u017eina pigmentacij\u0105<br data-start=\"3533\" data-end=\"3536\" \/>\u2714\ufe0f Padeda suma\u017einti tamsias d\u0117mes ir melazm\u0105<br data-start=\"3580\" data-end=\"3583\" \/>\u2714\ufe0f Suvienodina odos ton\u0105 ir gerina tekst\u016br\u0105<br data-start=\"3626\" data-end=\"3629\" \/>\u2714\ufe0f Suteikia odai skaistesn\u0119 ir tolygesn\u0119 i\u0161vaizd\u0105<br data-start=\"3678\" data-end=\"3681\" \/>\u2714\ufe0f Tinka kasdieniam naudojimui<\/p>\n","protected":false},"featured_media":76225,"template":"","meta":[],"pwb-brand":[1258],"product_brand":[],"product_cat":[738,752],"product_tag":[],"giftcard-category":[],"class_list":{"0":"post-76426","1":"product","2":"type-product","3":"status-publish","4":"has-post-thumbnail","6":"pwb-brand-dermaquest","7":"product_cat-drekinimas","8":"product_cat-pigmentacija-lt","10":"first","11":"instock","12":"taxable","13":"shipping-taxable","14":"purchasable","15":"product-type-simple"},"acf":[],"brands":[{"id":1258,"name":"Dermaquest","slug":"dermaquest"}],"_links":{"self":[{"href":"https:\/\/skinstudio.ee\/lt\/wp-json\/wp\/v2\/product\/76426","targetHints":{"allow":["GET"]}}],"collection":[{"href":"https:\/\/skinstudio.ee\/lt\/wp-json\/wp\/v2\/product"}],"about":[{"href":"https:\/\/skinstudio.ee\/lt\/wp-json\/wp\/v2\/types\/product"}],"version-history":[{"count":1,"href":"https:\/\/skinstudio.ee\/lt\/wp-json\/wp\/v2\/product\/76426\/revisions"}],"predecessor-version":[{"id":76427,"href":"https:\/\/skinstudio.ee\/lt\/wp-json\/wp\/v2\/product\/76426\/revisions\/76427"}],"wp:featuredmedia":[{"embeddable":true,"href":"https:\/\/skinstudio.ee\/lt\/wp-json\/wp\/v2\/media\/76225"}],"wp:attachment":[{"href":"https:\/\/skinstudio.ee\/lt\/wp-json\/wp\/v2\/media?parent=76426"}],"wp:term":[{"taxonomy":"pwb-brand","embeddable":true,"href":"https:\/\/skinstudio.ee\/lt\/wp-json\/wp\/v2\/pwb-brand?post=76426"},{"taxonomy":"product_brand","embeddable":true,"href":"https:\/\/skinstudio.ee\/lt\/wp-json\/wp\/v2\/product_brand?post=76426"},{"taxonomy":"product_cat","embeddable":true,"href":"https:\/\/skinstudio.ee\/lt\/wp-json\/wp\/v2\/product_cat?post=76426"},{"taxonomy":"product_tag","embeddable":true,"href":"https:\/\/skinstudio.ee\/lt\/wp-json\/wp\/v2\/product_tag?post=76426"},{"taxonomy":"giftcard-category","embeddable":true,"href":"https:\/\/skinstudio.ee\/lt\/wp-json\/wp\/v2\/giftcard-category?post=76426"}],"curies":[{"name":"wp","href":"https:\/\/api.w.org\/{rel}","templated":true}]}}