{"id":76433,"date":"2025-07-29T12:42:31","date_gmt":"2025-07-29T12:42:31","guid":{"rendered":"https:\/\/skinstudio.ee\/?post_type=product&#038;p=76433"},"modified":"2026-01-28T14:15:59","modified_gmt":"2026-01-28T14:15:59","slug":"melaquest-eye-cream","status":"publish","type":"product","link":"https:\/\/skinstudio.ee\/lt\/catalog\/dermaquest\/melaquest-eye-cream\/","title":{"rendered":"MelaQuest Eye Cream"},"content":{"rendered":"<p data-start=\"1643\" data-end=\"1904\"><strong data-start=\"1643\" data-end=\"1681\">MelaQuest Eye Cream nuo Dermaquest<\/strong> yra daugiafunkcis paaki\u0173 prie\u017ei\u016bros kremas, skirtas ma\u017einti tamsius ratilus, smulkias linijas, rauk\u0161les ir netolyg\u0173 odos ton\u0105 aki\u0173 srityje. Formul\u0117 padeda padaryti \u0161i\u0105 jautri\u0105 zon\u0105 \u0161viesesn\u0119, lygesn\u0119 ir vizualiai gaivesn\u0119.<\/p>\n<p data-start=\"1906\" data-end=\"2177\">Kremas sujungia \u0161viesinan\u010dius, dr\u0117kinan\u010dius ir stangrinan\u010dius komponentus, padedan\u010dius paaki\u0173 sri\u010diai atrodyti jaunatvi\u0161kesnei ir skaistesnei. Reguliariai naudojant oda tampa tolygesn\u0117, stangresn\u0117 ir atrodo labiau pails\u0117jusi, o nuovargio ir patams\u0117jim\u0173 po\u017eymiai suma\u017e\u0117ja.<\/p>\n<p data-start=\"2179\" data-end=\"2288\">Produktas tinka kasdieniam naudojimui ir padeda pastebimai pagerinti odos i\u0161vaizd\u0105 bei kokyb\u0119 paaki\u0173 srityje.<\/p>\n<p data-start=\"2290\" data-end=\"2332\"><strong data-start=\"2290\" data-end=\"2332\">Pagrindini\u0173 sudedam\u0173j\u0173 dali\u0173 poveikis:<\/strong><\/p>\n<p data-start=\"2334\" data-end=\"2576\"><strong data-start=\"2334\" data-end=\"2349\">Cysteamine:<\/strong> padeda ma\u017einti tamsius ratilus ir netolyg\u0173 odos atspalv\u012f.<br data-start=\"2407\" data-end=\"2410\" \/><strong data-start=\"2410\" data-end=\"2444\">Vitaminas C (\u012fvairios formos):<\/strong> padeda \u0161viesinti paaki\u0173 srit\u012f ir suteikti skaistumo.<br data-start=\"2497\" data-end=\"2500\" \/><strong data-start=\"2500\" data-end=\"2513\">Peptidai:<\/strong> padeda palaikyti odos stangrum\u0105 ir ma\u017einti nuovargio po\u017eymius.<\/p>\n<p data-start=\"2578\" data-end=\"2691\">Tinka odai su tamsiais ratilais, nuovargio po\u017eymiais, smulkiomis linijomis ir skaistumo praradimu paaki\u0173 srityje.<\/p>\n<p data-start=\"2693\" data-end=\"2709\"><strong data-start=\"2693\" data-end=\"2703\">T\u016bris:<\/strong> 15 ml<\/p>\n","protected":false},"excerpt":{"rendered":"<p data-start=\"2821\" data-end=\"2845\">Paaki\u0173 prie\u017ei\u016bros kremas<\/p>\n<h2 data-start=\"2847\" data-end=\"2891\"><strong data-start=\"2847\" data-end=\"2891\">Dermaquest &#8211; MelaQuest Eye Cream Savyb\u0117s<\/strong><\/h2>\n<p data-start=\"2893\" data-end=\"3147\">\u2714\ufe0f \u0160viesina paaki\u0173 srit\u012f ir ma\u017eina tamsius ratilus<br data-start=\"2943\" data-end=\"2946\" \/>\u2714\ufe0f Padeda suma\u017einti paburkim\u0105 ir nuovargio po\u017eymius<br data-start=\"2997\" data-end=\"3000\" \/>\u2714\ufe0f Dr\u0117kina ir mink\u0161tina jautri\u0105 od\u0105<br data-start=\"3035\" data-end=\"3038\" \/>\u2714\ufe0f Suvienodina odos ton\u0105 ir gerina elastingum\u0105<br data-start=\"3084\" data-end=\"3087\" \/>\u2714\ufe0f Suteikia paaki\u0173 sri\u010diai gaivesn\u0119 ir skaistesn\u0119 i\u0161vaizd\u0105<\/p>\n","protected":false},"featured_media":76231,"template":"","meta":[],"pwb-brand":[1258],"product_brand":[],"product_cat":[734],"product_tag":[],"giftcard-category":[],"class_list":{"0":"post-76433","1":"product","2":"type-product","3":"status-publish","4":"has-post-thumbnail","6":"pwb-brand-dermaquest","7":"product_cat-oda-aplink-akis","9":"first","10":"instock","11":"taxable","12":"shipping-taxable","13":"purchasable","14":"product-type-simple"},"acf":[],"brands":[{"id":1258,"name":"Dermaquest","slug":"dermaquest"}],"_links":{"self":[{"href":"https:\/\/skinstudio.ee\/lt\/wp-json\/wp\/v2\/product\/76433","targetHints":{"allow":["GET"]}}],"collection":[{"href":"https:\/\/skinstudio.ee\/lt\/wp-json\/wp\/v2\/product"}],"about":[{"href":"https:\/\/skinstudio.ee\/lt\/wp-json\/wp\/v2\/types\/product"}],"version-history":[{"count":1,"href":"https:\/\/skinstudio.ee\/lt\/wp-json\/wp\/v2\/product\/76433\/revisions"}],"predecessor-version":[{"id":76434,"href":"https:\/\/skinstudio.ee\/lt\/wp-json\/wp\/v2\/product\/76433\/revisions\/76434"}],"wp:featuredmedia":[{"embeddable":true,"href":"https:\/\/skinstudio.ee\/lt\/wp-json\/wp\/v2\/media\/76231"}],"wp:attachment":[{"href":"https:\/\/skinstudio.ee\/lt\/wp-json\/wp\/v2\/media?parent=76433"}],"wp:term":[{"taxonomy":"pwb-brand","embeddable":true,"href":"https:\/\/skinstudio.ee\/lt\/wp-json\/wp\/v2\/pwb-brand?post=76433"},{"taxonomy":"product_brand","embeddable":true,"href":"https:\/\/skinstudio.ee\/lt\/wp-json\/wp\/v2\/product_brand?post=76433"},{"taxonomy":"product_cat","embeddable":true,"href":"https:\/\/skinstudio.ee\/lt\/wp-json\/wp\/v2\/product_cat?post=76433"},{"taxonomy":"product_tag","embeddable":true,"href":"https:\/\/skinstudio.ee\/lt\/wp-json\/wp\/v2\/product_tag?post=76433"},{"taxonomy":"giftcard-category","embeddable":true,"href":"https:\/\/skinstudio.ee\/lt\/wp-json\/wp\/v2\/giftcard-category?post=76433"}],"curies":[{"name":"wp","href":"https:\/\/api.w.org\/{rel}","templated":true}]}}