{"id":76441,"date":"2025-07-29T12:42:02","date_gmt":"2025-07-29T12:42:02","guid":{"rendered":"https:\/\/skinstudio.ee\/?post_type=product&#038;p=76441"},"modified":"2026-01-28T14:15:59","modified_gmt":"2026-01-28T14:15:59","slug":"melaquest-cysteamine-serum","status":"publish","type":"product","link":"https:\/\/skinstudio.ee\/lt\/catalog\/dermaquest\/melaquest-cysteamine-serum\/","title":{"rendered":"MelaQuest Cysteamine Serum"},"content":{"rendered":"<p data-start=\"1769\" data-end=\"2061\"><strong data-start=\"1769\" data-end=\"1814\">MelaQuest Cysteamine Serum nuo Dermaquest<\/strong> yra \u0161viesinamasis serumas, skirtas pigmentacijos, tamsi\u0173 d\u0117mi\u0173 ir netolygaus odos tono korekcijai. Formul\u0117 su mikrokapsuliuotu cisteaminu veikia hiperpigmentacij\u0105 keliais lygiais, pad\u0117dama odai tapti \u0161viesesnei, tolygesnei ir vizualiai \u0161varesnei.<\/p>\n<p data-start=\"2063\" data-end=\"2285\">D\u0117l cisteamino, vitamino C ir peptid\u0173 sinergijos serumas ne tik padeda ma\u017einti pigmentacij\u0105, bet ir gerina odos skaistum\u0105 bei bendr\u0105 odos kokyb\u0119. Reguliariai naudojant oda atrodo tolygesn\u0117, gaivesn\u0117 ir pastebimai \u0161vytinti.<\/p>\n<p data-start=\"2287\" data-end=\"2385\">Serumas tinka kasdieniam naudojimui ir puikiai papildo MelaQuest \u0161viesinan\u010di\u0105 prie\u017ei\u016bros program\u0105.<\/p>\n<p data-start=\"2387\" data-end=\"2429\"><strong data-start=\"2387\" data-end=\"2429\">Pagrindini\u0173 sudedam\u0173j\u0173 dali\u0173 poveikis:<\/strong><\/p>\n<p data-start=\"2431\" data-end=\"2704\"><strong data-start=\"2431\" data-end=\"2466\">Cysteamine (mikrokapsuliuotas):<\/strong> veiksmingai padeda ma\u017einti \u012fsisen\u0117jusi\u0105 pigmentacij\u0105, tamsias d\u0117mes ir netolyg\u0173 odos atspalv\u012f.<br data-start=\"2561\" data-end=\"2564\" \/><strong data-start=\"2564\" data-end=\"2580\">Vitaminas C:<\/strong> padeda \u0161viesinti od\u0105 ir sustiprina jos skaistum\u0105.<br data-start=\"2630\" data-end=\"2633\" \/><strong data-start=\"2633\" data-end=\"2646\">Peptidai:<\/strong> palaiko odos kokyb\u0119 ir padeda i\u0161gauti tolygesn\u0119 i\u0161vaizd\u0105.<\/p>\n<p data-start=\"2706\" data-end=\"2807\">Serumas tinka odai su hiperpigmentacija, melazma, po akn\u0117s likusiomis d\u0117m\u0117mis ir netolygiu atspalviu.<\/p>\n<p data-start=\"2809\" data-end=\"2825\"><strong data-start=\"2809\" data-end=\"2819\">T\u016bris:<\/strong> 30 ml<\/p>\n","protected":false},"excerpt":{"rendered":"<p data-start=\"2997\" data-end=\"3024\">\u0160viesinamasis veido serumas<\/p>\n<h2 data-start=\"3026\" data-end=\"3077\"><strong data-start=\"3026\" data-end=\"3077\">Dermaquest &#8211; MelaQuest Cysteamine Serum Savyb\u0117s<\/strong><\/h2>\n<p data-start=\"3079\" data-end=\"3291\">\u2714\ufe0f \u0160viesina od\u0105 ir ma\u017eina pigmentacij\u0105<br data-start=\"3117\" data-end=\"3120\" \/>\u2714\ufe0f Padeda ma\u017einti tamsias d\u0117mes ir melazm\u0105<br data-start=\"3162\" data-end=\"3165\" \/>\u2714\ufe0f Suvienodina odos ton\u0105 ir gerina i\u0161vaizd\u0105<br data-start=\"3208\" data-end=\"3211\" \/>\u2714\ufe0f Suteikia odai daugiau skaistumo ir gaivumo<br data-start=\"3256\" data-end=\"3259\" \/>\u2714\ufe0f Tinka kasdieniam naudojimui<\/p>\n","protected":false},"featured_media":76237,"template":"","meta":[],"pwb-brand":[1258],"product_brand":[],"product_cat":[752,724],"product_tag":[],"giftcard-category":[],"class_list":{"0":"post-76441","1":"product","2":"type-product","3":"status-publish","4":"has-post-thumbnail","6":"pwb-brand-dermaquest","7":"product_cat-pigmentacija-lt","8":"product_cat-serumai","10":"first","11":"instock","12":"taxable","13":"shipping-taxable","14":"purchasable","15":"product-type-simple"},"acf":[],"brands":[{"id":1258,"name":"Dermaquest","slug":"dermaquest"}],"_links":{"self":[{"href":"https:\/\/skinstudio.ee\/lt\/wp-json\/wp\/v2\/product\/76441","targetHints":{"allow":["GET"]}}],"collection":[{"href":"https:\/\/skinstudio.ee\/lt\/wp-json\/wp\/v2\/product"}],"about":[{"href":"https:\/\/skinstudio.ee\/lt\/wp-json\/wp\/v2\/types\/product"}],"version-history":[{"count":1,"href":"https:\/\/skinstudio.ee\/lt\/wp-json\/wp\/v2\/product\/76441\/revisions"}],"predecessor-version":[{"id":76442,"href":"https:\/\/skinstudio.ee\/lt\/wp-json\/wp\/v2\/product\/76441\/revisions\/76442"}],"wp:featuredmedia":[{"embeddable":true,"href":"https:\/\/skinstudio.ee\/lt\/wp-json\/wp\/v2\/media\/76237"}],"wp:attachment":[{"href":"https:\/\/skinstudio.ee\/lt\/wp-json\/wp\/v2\/media?parent=76441"}],"wp:term":[{"taxonomy":"pwb-brand","embeddable":true,"href":"https:\/\/skinstudio.ee\/lt\/wp-json\/wp\/v2\/pwb-brand?post=76441"},{"taxonomy":"product_brand","embeddable":true,"href":"https:\/\/skinstudio.ee\/lt\/wp-json\/wp\/v2\/product_brand?post=76441"},{"taxonomy":"product_cat","embeddable":true,"href":"https:\/\/skinstudio.ee\/lt\/wp-json\/wp\/v2\/product_cat?post=76441"},{"taxonomy":"product_tag","embeddable":true,"href":"https:\/\/skinstudio.ee\/lt\/wp-json\/wp\/v2\/product_tag?post=76441"},{"taxonomy":"giftcard-category","embeddable":true,"href":"https:\/\/skinstudio.ee\/lt\/wp-json\/wp\/v2\/giftcard-category?post=76441"}],"curies":[{"name":"wp","href":"https:\/\/api.w.org\/{rel}","templated":true}]}}